{"id":1851,"date":"2022-08-03T12:18:51","date_gmt":"2022-08-03T12:18:51","guid":{"rendered":"https:\/\/kralj-km.hr\/?page_id=1851"},"modified":"2022-08-08T09:06:33","modified_gmt":"2022-08-08T09:06:33","slug":"novosti","status":"publish","type":"page","link":"https:\/\/kralj-km.hr\/index.php\/novosti\/","title":{"rendered":"Novosti"},"content":{"rendered":"\t\t<div data-elementor-type=\"wp-page\" data-elementor-id=\"1851\" class=\"elementor elementor-1851\" data-elementor-post-type=\"page\">\n\t\t\t\t\t\t<section class=\"elementor-section elementor-top-section elementor-element elementor-element-7d263a5d elementor-section-boxed elementor-section-height-default elementor-section-height-default\" data-id=\"7d263a5d\" data-element_type=\"section\" data-settings=\"{&quot;background_background&quot;:&quot;classic&quot;}\">\n\t\t\t\t\t\t<div class=\"elementor-container elementor-column-gap-default\">\n\t\t\t\t\t<div class=\"elementor-column elementor-col-100 elementor-top-column elementor-element elementor-element-74ef0876\" data-id=\"74ef0876\" data-element_type=\"column\">\n\t\t\t<div class=\"elementor-widget-wrap elementor-element-populated\">\n\t\t\t\t\t\t<div class=\"elementor-element elementor-element-7f8a052e elementor-widget elementor-widget-heading\" data-id=\"7f8a052e\" data-element_type=\"widget\" data-widget_type=\"heading.default\">\n\t\t\t\t<div class=\"elementor-widget-container\">\n\t\t\t<style>\/*! elementor - v3.23.0 - 05-08-2024 *\/\n.elementor-heading-title{padding:0;margin:0;line-height:1}.elementor-widget-heading .elementor-heading-title[class*=elementor-size-]>a{color:inherit;font-size:inherit;line-height:inherit}.elementor-widget-heading .elementor-heading-title.elementor-size-small{font-size:15px}.elementor-widget-heading .elementor-heading-title.elementor-size-medium{font-size:19px}.elementor-widget-heading .elementor-heading-title.elementor-size-large{font-size:29px}.elementor-widget-heading .elementor-heading-title.elementor-size-xl{font-size:39px}.elementor-widget-heading .elementor-heading-title.elementor-size-xxl{font-size:59px}<\/style><h2 class=\"elementor-heading-title elementor-size-default\">Ovdje mo\u017eete vidjeti sve novosti<\/h2>\t\t<\/div>\n\t\t\t\t<\/div>\n\t\t\t\t\t<\/div>\n\t\t<\/div>\n\t\t\t\t\t<\/div>\n\t\t<\/section>\n\t\t\t\t<section class=\"elementor-section elementor-top-section elementor-element elementor-element-78f67a4 elementor-section-boxed elementor-section-height-default elementor-section-height-default\" data-id=\"78f67a4\" data-element_type=\"section\">\n\t\t\t\t\t\t<div class=\"elementor-container elementor-column-gap-default\">\n\t\t\t\t\t<div class=\"elementor-column elementor-col-100 elementor-top-column elementor-element elementor-element-855d120\" data-id=\"855d120\" data-element_type=\"column\">\n\t\t\t<div class=\"elementor-widget-wrap elementor-element-populated\">\n\t\t\t\t\t\t<div class=\"elementor-element elementor-element-7ceafc9 elementor-grid-3 elementor-grid-tablet-2 elementor-grid-mobile-1 elementor-posts--thumbnail-top load-more-align-center elementor-widget elementor-widget-posts\" data-id=\"7ceafc9\" data-element_type=\"widget\" data-settings=\"{&quot;pagination_type&quot;:&quot;load_more_on_click&quot;,&quot;classic_columns&quot;:&quot;3&quot;,&quot;classic_columns_tablet&quot;:&quot;2&quot;,&quot;classic_columns_mobile&quot;:&quot;1&quot;,&quot;classic_row_gap&quot;:{&quot;unit&quot;:&quot;px&quot;,&quot;size&quot;:35,&quot;sizes&quot;:[]},&quot;classic_row_gap_tablet&quot;:{&quot;unit&quot;:&quot;px&quot;,&quot;size&quot;:&quot;&quot;,&quot;sizes&quot;:[]},&quot;classic_row_gap_mobile&quot;:{&quot;unit&quot;:&quot;px&quot;,&quot;size&quot;:&quot;&quot;,&quot;sizes&quot;:[]},&quot;load_more_spinner&quot;:{&quot;value&quot;:&quot;fas fa-spinner&quot;,&quot;library&quot;:&quot;fa-solid&quot;}}\" data-widget_type=\"posts.classic\">\n\t\t\t\t<div class=\"elementor-widget-container\">\n\t\t\t<link rel=\"stylesheet\" href=\"https:\/\/kralj-km.hr\/wp-content\/plugins\/elementor-pro\/assets\/css\/widget-posts.min.css?ver=1724067256\">\t\t<div class=\"elementor-posts-container elementor-posts elementor-posts--skin-classic elementor-grid\">\n\t\t\t\t<article class=\"elementor-post elementor-grid-item post-3451 post type-post status-publish format-standard has-post-thumbnail hentry category-novosti\">\n\t\t\t\t<a class=\"elementor-post__thumbnail__link\" href=\"https:\/\/kralj-km.hr\/index.php\/2026\/03\/02\/novo-u-ponudi-prodeco-rotodrljace\/\" tabindex=\"-1\" >\n\t\t\t<div class=\"elementor-post__thumbnail\"><img fetchpriority=\"high\" decoding=\"async\" width=\"300\" height=\"200\" src=\"data:image\/gif;base64,R0lGODlhAQABAAAAACH5BAEKAAEALAAAAAABAAEAAAICTAEAOw==\" class=\"attachment-medium size-medium wp-image-3452 lazyload\" alt=\"ChatGPT Image 25. velj 2026. 11 35 18\" sizes=\"(max-width: 300px) 100vw, 300px\" data-src=\"https:\/\/kralj-km.hr\/wp-content\/uploads\/2026\/03\/ChatGPT-Image-25.-velj-2026.-11_35_18-300x200.png\" data-srcset=\"https:\/\/kralj-km.hr\/wp-content\/uploads\/2026\/03\/ChatGPT-Image-25.-velj-2026.-11_35_18-300x200.png 300w, https:\/\/kralj-km.hr\/wp-content\/uploads\/2026\/03\/ChatGPT-Image-25.-velj-2026.-11_35_18-1024x683.png 1024w, https:\/\/kralj-km.hr\/wp-content\/uploads\/2026\/03\/ChatGPT-Image-25.-velj-2026.-11_35_18-768x512.png 768w, https:\/\/kralj-km.hr\/wp-content\/uploads\/2026\/03\/ChatGPT-Image-25.-velj-2026.-11_35_18.png 1536w\"><\/div>\n\t\t<\/a>\n\t\t\t\t<div class=\"elementor-post__text\">\n\t\t\t\t<h3 class=\"elementor-post__title\">\n\t\t\t<a href=\"https:\/\/kralj-km.hr\/index.php\/2026\/03\/02\/novo-u-ponudi-prodeco-rotodrljace\/\" >\n\t\t\t\tNOVO U PONUDI! Prodeco rotodrlja\u010de\t\t\t<\/a>\n\t\t<\/h3>\n\t\t\t\t<div class=\"elementor-post__meta-data\">\n\t\t\t\t\t<span class=\"elementor-post-date\">\n\t\t\t2 o\u017eujka, 2026\t\t<\/span>\n\t\t\t\t<\/div>\n\t\t\t\t<div class=\"elementor-post__excerpt\">\n\t\t\t<p>Prodeco je talijanski brend rotodrlja\u010da. Svi dijelovi rotodrlja\u010de su proizvedeni u Italiji, \u0161to ujedno zna\u010di pouzdanost, robusnost i dugotrajnost. Osim toga, rotodrlja\u010de imaju brojne patente<\/p>\n\t\t<\/div>\n\t\t\n\t\t<a class=\"elementor-post__read-more\" href=\"https:\/\/kralj-km.hr\/index.php\/2026\/03\/02\/novo-u-ponudi-prodeco-rotodrljace\/\" aria-label=\"Read more about NOVO U PONUDI! Prodeco rotodrlja\u010de\" tabindex=\"-1\" >\n\t\t\tSaznaj vi\u0161e \u00bb\t\t<\/a>\n\n\t\t\t\t<\/div>\n\t\t\t\t<\/article>\n\t\t\t\t<article class=\"elementor-post elementor-grid-item post-3445 post type-post status-publish format-standard has-post-thumbnail hentry category-novosti\">\n\t\t\t\t<a class=\"elementor-post__thumbnail__link\" href=\"https:\/\/kralj-km.hr\/index.php\/2026\/01\/30\/profesionalni-talijanski-malcer-tierre-tcl-pro-230\/\" tabindex=\"-1\" >\n\t\t\t<div class=\"elementor-post__thumbnail\"><img decoding=\"async\" width=\"300\" height=\"225\" src=\"data:image\/gif;base64,R0lGODlhAQABAAAAACH5BAEKAAEALAAAAAABAAEAAAICTAEAOw==\" class=\"attachment-medium size-medium wp-image-3446 lazyload\" alt=\"WhatsApp Image 2025 04 15 at 13.33.08 (1)\" sizes=\"(max-width: 300px) 100vw, 300px\" data-src=\"https:\/\/kralj-km.hr\/wp-content\/uploads\/2026\/01\/WhatsApp-Image-2025-04-15-at-13.33.08-1-300x225.jpeg\" data-srcset=\"https:\/\/kralj-km.hr\/wp-content\/uploads\/2026\/01\/WhatsApp-Image-2025-04-15-at-13.33.08-1-300x225.jpeg 300w, https:\/\/kralj-km.hr\/wp-content\/uploads\/2026\/01\/WhatsApp-Image-2025-04-15-at-13.33.08-1-1024x768.jpeg 1024w, https:\/\/kralj-km.hr\/wp-content\/uploads\/2026\/01\/WhatsApp-Image-2025-04-15-at-13.33.08-1-768x576.jpeg 768w, https:\/\/kralj-km.hr\/wp-content\/uploads\/2026\/01\/WhatsApp-Image-2025-04-15-at-13.33.08-1-1536x1152.jpeg 1536w, https:\/\/kralj-km.hr\/wp-content\/uploads\/2026\/01\/WhatsApp-Image-2025-04-15-at-13.33.08-1.jpeg 1600w\"><\/div>\n\t\t<\/a>\n\t\t\t\t<div class=\"elementor-post__text\">\n\t\t\t\t<h3 class=\"elementor-post__title\">\n\t\t\t<a href=\"https:\/\/kralj-km.hr\/index.php\/2026\/01\/30\/profesionalni-talijanski-malcer-tierre-tcl-pro-230\/\" >\n\t\t\t\tProfesionalni talijanski mal\u010der Tierre TCL PRO 230\t\t\t<\/a>\n\t\t<\/h3>\n\t\t\t\t<div class=\"elementor-post__meta-data\">\n\t\t\t\t\t<span class=\"elementor-post-date\">\n\t\t\t30 sije\u010dnja, 2026\t\t<\/span>\n\t\t\t\t<\/div>\n\t\t\t\t<div class=\"elementor-post__excerpt\">\n\t\t\t<p>Profesionalni talijanski mal\u010der Tierre TCL PRO, dolazi u radnoj \u0161irini od 230 cm. Ovaj mal\u010der idealan je za odr\u017eavanje velikih povr\u0161ina i za odr\u017eavanje kanala,<\/p>\n\t\t<\/div>\n\t\t\n\t\t<a class=\"elementor-post__read-more\" href=\"https:\/\/kralj-km.hr\/index.php\/2026\/01\/30\/profesionalni-talijanski-malcer-tierre-tcl-pro-230\/\" aria-label=\"Read more about Profesionalni talijanski mal\u010der Tierre TCL PRO 230\" tabindex=\"-1\" >\n\t\t\tSaznaj vi\u0161e \u00bb\t\t<\/a>\n\n\t\t\t\t<\/div>\n\t\t\t\t<\/article>\n\t\t\t\t<article class=\"elementor-post elementor-grid-item post-3437 post type-post status-publish format-standard has-post-thumbnail hentry category-novosti\">\n\t\t\t\t<a class=\"elementor-post__thumbnail__link\" href=\"https:\/\/kralj-km.hr\/index.php\/2026\/01\/23\/cynkomet-n-233-6-prikolica-za-stajski-gnoj\/\" tabindex=\"-1\" >\n\t\t\t<div class=\"elementor-post__thumbnail\"><img decoding=\"async\" width=\"300\" height=\"225\" src=\"data:image\/gif;base64,R0lGODlhAQABAAAAACH5BAEKAAEALAAAAAABAAEAAAICTAEAOw==\" class=\"attachment-medium size-medium wp-image-3438 lazyload\" alt=\"WhatsApp Image 2025 11 27 at 15.03.43\" sizes=\"(max-width: 300px) 100vw, 300px\" data-src=\"https:\/\/kralj-km.hr\/wp-content\/uploads\/2026\/01\/WhatsApp-Image-2025-11-27-at-15.03.43-300x225.jpeg\" data-srcset=\"https:\/\/kralj-km.hr\/wp-content\/uploads\/2026\/01\/WhatsApp-Image-2025-11-27-at-15.03.43-300x225.jpeg 300w, https:\/\/kralj-km.hr\/wp-content\/uploads\/2026\/01\/WhatsApp-Image-2025-11-27-at-15.03.43-1024x768.jpeg 1024w, https:\/\/kralj-km.hr\/wp-content\/uploads\/2026\/01\/WhatsApp-Image-2025-11-27-at-15.03.43-768x576.jpeg 768w, https:\/\/kralj-km.hr\/wp-content\/uploads\/2026\/01\/WhatsApp-Image-2025-11-27-at-15.03.43-1536x1152.jpeg 1536w, https:\/\/kralj-km.hr\/wp-content\/uploads\/2026\/01\/WhatsApp-Image-2025-11-27-at-15.03.43.jpeg 1600w\"><\/div>\n\t\t<\/a>\n\t\t\t\t<div class=\"elementor-post__text\">\n\t\t\t\t<h3 class=\"elementor-post__title\">\n\t\t\t<a href=\"https:\/\/kralj-km.hr\/index.php\/2026\/01\/23\/cynkomet-n-233-6-prikolica-za-stajski-gnoj\/\" >\n\t\t\t\tCynkoMet N-233\/6 &#8211; prikolica za stajski gnoj\t\t\t<\/a>\n\t\t<\/h3>\n\t\t\t\t<div class=\"elementor-post__meta-data\">\n\t\t\t\t\t<span class=\"elementor-post-date\">\n\t\t\t23 sije\u010dnja, 2026\t\t<\/span>\n\t\t\t\t<\/div>\n\t\t\t\t<div class=\"elementor-post__excerpt\">\n\t\t\t<p>Iz na\u0161e ponude izdvajamo visokokvalitetnu, potpuno pocin\u010danu prikolicu za stajski gnoj CynkoMet. Specifikacija prikolice &#8211; Nosivost: 4500 kg&#8211; Masa prazne prikolice: 2140 kg&#8211; Ukupno dopu\u0161tena<\/p>\n\t\t<\/div>\n\t\t\n\t\t<a class=\"elementor-post__read-more\" href=\"https:\/\/kralj-km.hr\/index.php\/2026\/01\/23\/cynkomet-n-233-6-prikolica-za-stajski-gnoj\/\" aria-label=\"Read more about CynkoMet N-233\/6 &#8211; prikolica za stajski gnoj\" tabindex=\"-1\" >\n\t\t\tSaznaj vi\u0161e \u00bb\t\t<\/a>\n\n\t\t\t\t<\/div>\n\t\t\t\t<\/article>\n\t\t\t\t<article class=\"elementor-post elementor-grid-item post-3426 post type-post status-publish format-standard has-post-thumbnail hentry category-novosti\">\n\t\t\t\t<a class=\"elementor-post__thumbnail__link\" href=\"https:\/\/kralj-km.hr\/index.php\/2025\/11\/25\/podrivaci-agro-tom-kwsp\/\" tabindex=\"-1\" >\n\t\t\t<div class=\"elementor-post__thumbnail\"><img loading=\"lazy\" decoding=\"async\" width=\"300\" height=\"225\" src=\"data:image\/gif;base64,R0lGODlhAQABAAAAACH5BAEKAAEALAAAAAABAAEAAAICTAEAOw==\" class=\"attachment-medium size-medium wp-image-3427 lazyload\" alt=\"WhatsApp Image 2025 02 21 at 13.35.24\" sizes=\"(max-width: 300px) 100vw, 300px\" data-src=\"https:\/\/kralj-km.hr\/wp-content\/uploads\/2025\/11\/WhatsApp-Image-2025-02-21-at-13.35.24-300x225.jpeg\" data-srcset=\"https:\/\/kralj-km.hr\/wp-content\/uploads\/2025\/11\/WhatsApp-Image-2025-02-21-at-13.35.24-300x225.jpeg 300w, https:\/\/kralj-km.hr\/wp-content\/uploads\/2025\/11\/WhatsApp-Image-2025-02-21-at-13.35.24-1024x768.jpeg 1024w, https:\/\/kralj-km.hr\/wp-content\/uploads\/2025\/11\/WhatsApp-Image-2025-02-21-at-13.35.24-768x576.jpeg 768w, https:\/\/kralj-km.hr\/wp-content\/uploads\/2025\/11\/WhatsApp-Image-2025-02-21-at-13.35.24-1536x1152.jpeg 1536w, https:\/\/kralj-km.hr\/wp-content\/uploads\/2025\/11\/WhatsApp-Image-2025-02-21-at-13.35.24.jpeg 1600w\"><\/div>\n\t\t<\/a>\n\t\t\t\t<div class=\"elementor-post__text\">\n\t\t\t\t<h3 class=\"elementor-post__title\">\n\t\t\t<a href=\"https:\/\/kralj-km.hr\/index.php\/2025\/11\/25\/podrivaci-agro-tom-kwsp\/\" >\n\t\t\t\tPodriva\u010di Agro-Tom KWSP\t\t\t<\/a>\n\t\t<\/h3>\n\t\t\t\t<div class=\"elementor-post__meta-data\">\n\t\t\t\t\t<span class=\"elementor-post-date\">\n\t\t\t25 studenoga, 2025\t\t<\/span>\n\t\t\t\t<\/div>\n\t\t\t\t<div class=\"elementor-post__excerpt\">\n\t\t\t<p>U na\u0161em prodajnom centru mo\u017eete prona\u0107i visokokvalitetne podriva\u010de, renomiranog poljskog proizvo\u0111a\u010da Agro-Tom. Model podriva\u010da je KWSP. Podriva\u010di su opremljeni sa dvostruko oja\u010danim NON-STOP oprugama, hidrauli\u010dnim<\/p>\n\t\t<\/div>\n\t\t\n\t\t<a class=\"elementor-post__read-more\" href=\"https:\/\/kralj-km.hr\/index.php\/2025\/11\/25\/podrivaci-agro-tom-kwsp\/\" aria-label=\"Read more about Podriva\u010di Agro-Tom KWSP\" tabindex=\"-1\" >\n\t\t\tSaznaj vi\u0161e \u00bb\t\t<\/a>\n\n\t\t\t\t<\/div>\n\t\t\t\t<\/article>\n\t\t\t\t<article class=\"elementor-post elementor-grid-item post-3414 post type-post status-publish format-standard has-post-thumbnail hentry category-novosti\">\n\t\t\t\t<a class=\"elementor-post__thumbnail__link\" href=\"https:\/\/kralj-km.hr\/index.php\/2025\/11\/14\/novo-u-ponudi-becchio-mandrile\/\" tabindex=\"-1\" >\n\t\t\t<div class=\"elementor-post__thumbnail\"><img loading=\"lazy\" decoding=\"async\" width=\"300\" height=\"192\" src=\"data:image\/gif;base64,R0lGODlhAQABAAAAACH5BAEKAAEALAAAAAABAAEAAAICTAEAOw==\" class=\"attachment-medium size-medium wp-image-3415 lazyload\" alt=\"Vemac Mulcher B&amp;M TBA200 200cm Becchio Mandrile\" sizes=\"(max-width: 300px) 100vw, 300px\" data-src=\"https:\/\/kralj-km.hr\/wp-content\/uploads\/2025\/11\/Vemac-Mulcher-B-amp-M-TBA200-200cm-Becchio-Mandrile-Schlegelmulcher-NEU-Njemacka_35879_6366124647474-300x192.jpg\" data-srcset=\"https:\/\/kralj-km.hr\/wp-content\/uploads\/2025\/11\/Vemac-Mulcher-B-amp-M-TBA200-200cm-Becchio-Mandrile-Schlegelmulcher-NEU-Njemacka_35879_6366124647474-300x192.jpg 300w, https:\/\/kralj-km.hr\/wp-content\/uploads\/2025\/11\/Vemac-Mulcher-B-amp-M-TBA200-200cm-Becchio-Mandrile-Schlegelmulcher-NEU-Njemacka_35879_6366124647474-768x492.jpg 768w, https:\/\/kralj-km.hr\/wp-content\/uploads\/2025\/11\/Vemac-Mulcher-B-amp-M-TBA200-200cm-Becchio-Mandrile-Schlegelmulcher-NEU-Njemacka_35879_6366124647474.jpg 792w\"><\/div>\n\t\t<\/a>\n\t\t\t\t<div class=\"elementor-post__text\">\n\t\t\t\t<h3 class=\"elementor-post__title\">\n\t\t\t<a href=\"https:\/\/kralj-km.hr\/index.php\/2025\/11\/14\/novo-u-ponudi-becchio-mandrile\/\" >\n\t\t\t\tNOVO U PONUDI &#8211; BECCHIO &amp; MANDRILE\t\t\t<\/a>\n\t\t<\/h3>\n\t\t\t\t<div class=\"elementor-post__meta-data\">\n\t\t\t\t\t<span class=\"elementor-post-date\">\n\t\t\t14 studenoga, 2025\t\t<\/span>\n\t\t\t\t<\/div>\n\t\t\t\t<div class=\"elementor-post__excerpt\">\n\t\t\t<p>S ponosom objavljujemo na\u0161eg novog partnera, talijansku tvrtku Becchio &amp; Mandrile (B&amp;M)! Suradnja je dogovorena na najve\u0107em sajmu poljoprivredne mehanizacije Agritechnica! B&amp;M je talijanski proizvo\u0111a\u010d<\/p>\n\t\t<\/div>\n\t\t\n\t\t<a class=\"elementor-post__read-more\" href=\"https:\/\/kralj-km.hr\/index.php\/2025\/11\/14\/novo-u-ponudi-becchio-mandrile\/\" aria-label=\"Read more about NOVO U PONUDI &#8211; BECCHIO &amp; MANDRILE\" tabindex=\"-1\" >\n\t\t\tSaznaj vi\u0161e \u00bb\t\t<\/a>\n\n\t\t\t\t<\/div>\n\t\t\t\t<\/article>\n\t\t\t\t<article class=\"elementor-post elementor-grid-item post-3404 post type-post status-publish format-standard has-post-thumbnail hentry category-novosti\">\n\t\t\t\t<a class=\"elementor-post__thumbnail__link\" href=\"https:\/\/kralj-km.hr\/index.php\/2025\/10\/21\/profesionalni-talijanski-malceri-tierre-tigra\/\" tabindex=\"-1\" >\n\t\t\t<div class=\"elementor-post__thumbnail\"><img loading=\"lazy\" decoding=\"async\" width=\"300\" height=\"225\" src=\"data:image\/gif;base64,R0lGODlhAQABAAAAACH5BAEKAAEALAAAAAABAAEAAAICTAEAOw==\" class=\"attachment-medium size-medium wp-image-3407 lazyload\" alt=\"WhatsApp Image 2025 10 03 at 11.22.05\" sizes=\"(max-width: 300px) 100vw, 300px\" data-src=\"https:\/\/kralj-km.hr\/wp-content\/uploads\/2025\/10\/WhatsApp-Image-2025-10-03-at-11.22.05-1-300x225.jpeg\" data-srcset=\"https:\/\/kralj-km.hr\/wp-content\/uploads\/2025\/10\/WhatsApp-Image-2025-10-03-at-11.22.05-1-300x225.jpeg 300w, https:\/\/kralj-km.hr\/wp-content\/uploads\/2025\/10\/WhatsApp-Image-2025-10-03-at-11.22.05-1-1024x768.jpeg 1024w, https:\/\/kralj-km.hr\/wp-content\/uploads\/2025\/10\/WhatsApp-Image-2025-10-03-at-11.22.05-1-768x576.jpeg 768w, https:\/\/kralj-km.hr\/wp-content\/uploads\/2025\/10\/WhatsApp-Image-2025-10-03-at-11.22.05-1-1536x1152.jpeg 1536w, https:\/\/kralj-km.hr\/wp-content\/uploads\/2025\/10\/WhatsApp-Image-2025-10-03-at-11.22.05-1.jpeg 1600w\"><\/div>\n\t\t<\/a>\n\t\t\t\t<div class=\"elementor-post__text\">\n\t\t\t\t<h3 class=\"elementor-post__title\">\n\t\t\t<a href=\"https:\/\/kralj-km.hr\/index.php\/2025\/10\/21\/profesionalni-talijanski-malceri-tierre-tigra\/\" >\n\t\t\t\tProfesionalni talijanski mal\u010deri Tierre Tigra\t\t\t<\/a>\n\t\t<\/h3>\n\t\t\t\t<div class=\"elementor-post__meta-data\">\n\t\t\t\t\t<span class=\"elementor-post-date\">\n\t\t\t21 listopada, 2025\t\t<\/span>\n\t\t\t\t<\/div>\n\t\t\t\t<div class=\"elementor-post__excerpt\">\n\t\t\t<p>Iz na\u0161e ponude izdvajamo profesionalne talijanske mal\u010dere Tierre, model Tigra. Na na\u0161em lageru mo\u017eete prona\u0107i mal\u010dere Tigra, radne \u0161irine 160 cm, sa mehani\u010dkim i hidrauli\u010dkim<\/p>\n\t\t<\/div>\n\t\t\n\t\t<a class=\"elementor-post__read-more\" href=\"https:\/\/kralj-km.hr\/index.php\/2025\/10\/21\/profesionalni-talijanski-malceri-tierre-tigra\/\" aria-label=\"Read more about Profesionalni talijanski mal\u010deri Tierre Tigra\" tabindex=\"-1\" >\n\t\t\tSaznaj vi\u0161e \u00bb\t\t<\/a>\n\n\t\t\t\t<\/div>\n\t\t\t\t<\/article>\n\t\t\t\t<\/div>\n\t\t\t\t\t<span class=\"e-load-more-spinner\">\n\t\t\t\t<i aria-hidden=\"true\" class=\"fas fa-spinner\"><\/i>\t\t\t<\/span>\n\t\t\n\t\t\t\t<div class=\"e-load-more-anchor\" data-page=\"1\" data-max-page=\"7\" data-next-page=\"https:\/\/kralj-km.hr\/index.php\/wp-json\/wp\/v2\/pages\/1851\/page\/2\/\"><\/div>\n\t\t\t\t<div class=\"elementor-button-wrapper\">\n\t\t\t<a href=\"#\" class=\"elementor-button-link elementor-button\" role=\"button\">\n\t\t\t\t\t\t<span class=\"elementor-button-content-wrapper\">\n\t\t\t\t\t\t\t\t\t<span class=\"elementor-button-text\">Pogledaj vi\u0161e<\/span>\n\t\t\t\t\t<\/span>\n\t\t\t\t\t<\/a>\n\t\t<\/div>\n\t\t\t\t<div class=\"e-load-more-message\"><\/div>\n\t\t\t\t<\/div>\n\t\t\t\t<\/div>\n\t\t\t\t\t<\/div>\n\t\t<\/div>\n\t\t\t\t\t<\/div>\n\t\t<\/section>\n\t\t\t\t<\/div>\n\t\t","protected":false},"excerpt":{"rendered":"<p>Ovdje mo\u017eete vidjeti sve novosti<\/p>\n","protected":false},"author":1,"featured_media":0,"parent":0,"menu_order":0,"comment_status":"closed","ping_status":"closed","template":"elementor_header_footer","meta":{"om_disable_all_campaigns":false,"_monsterinsights_skip_tracking":false,"_monsterinsights_sitenote_active":false,"_monsterinsights_sitenote_note":"","_monsterinsights_sitenote_category":0,"footnotes":""},"class_list":["post-1851","page","type-page","status-publish","hentry"],"aioseo_notices":[],"_links":{"self":[{"href":"https:\/\/kralj-km.hr\/index.php\/wp-json\/wp\/v2\/pages\/1851","targetHints":{"allow":["GET"]}}],"collection":[{"href":"https:\/\/kralj-km.hr\/index.php\/wp-json\/wp\/v2\/pages"}],"about":[{"href":"https:\/\/kralj-km.hr\/index.php\/wp-json\/wp\/v2\/types\/page"}],"author":[{"embeddable":true,"href":"https:\/\/kralj-km.hr\/index.php\/wp-json\/wp\/v2\/users\/1"}],"replies":[{"embeddable":true,"href":"https:\/\/kralj-km.hr\/index.php\/wp-json\/wp\/v2\/comments?post=1851"}],"version-history":[{"count":0,"href":"https:\/\/kralj-km.hr\/index.php\/wp-json\/wp\/v2\/pages\/1851\/revisions"}],"wp:attachment":[{"href":"https:\/\/kralj-km.hr\/index.php\/wp-json\/wp\/v2\/media?parent=1851"}],"curies":[{"name":"wp","href":"https:\/\/api.w.org\/{rel}","templated":true}]}}