{"id":9990,"date":"2024-08-14T11:29:33","date_gmt":"2024-08-14T11:29:33","guid":{"rendered":"https:\/\/kralj-km.hr\/Webshop\/?post_type=product&#038;p=9990"},"modified":"2024-08-17T14:08:29","modified_gmt":"2024-08-17T14:08:29","slug":"ina-hidraol-hd-46-5-1","status":"publish","type":"product","link":"https:\/\/kralj-km.hr\/Webshop\/product\/ina-hidraol-hd-46-5-1\/","title":{"rendered":"INA Hidraol HD 46, 5\/1"},"content":{"rendered":"<p>Cijena bez PDV-a!<\/p>\n<p>INA Hidraol HD 46 je visokokvalitetno hidrauli\u010dno ulje koje se koristi za podmazivanje i za\u0161titu hidrauli\u010dnih sustava u industriji i mobilnim aplikacijama. Ovo ulje je formulirano s pa\u017eljivo odabranim baznim uljima i aditivima, koji osiguravaju izvrsnu za\u0161titu od habanja, oksidacije, korozije i stvaranja taloga.<\/p>\n<p>Hidraol HD 46 ima odli\u010dna svojstva otpornosti na termi\u010dka optere\u0107enja, \u0161to omogu\u0107uje stabilan rad u hidrauli\u010dkim sustavima pod visokim pritiscima i temperaturama. Ulje je tako\u0111er poznato po svojoj visokoj oksidacijskoj stabilnosti, \u0161to sprje\u010dava stvaranje naslaga i produ\u017euje vijek trajanja ulja i opreme.<\/p>\n<p>Ovo hidrauli\u010dno ulje ima odli\u010dne antikorozivne osobine, \u010dime \u0161titi unutarnje metalne povr\u0161ine hidrauli\u010dkih sustava od korozije, \u010dak i u uvjetima visoke vla\u017enosti. Tako\u0111er pru\u017ea odli\u010dnu za\u0161titu od habanja, \u0161to je klju\u010dno za produ\u017eenje \u017eivotnog vijeka hidrauli\u010dnih pumpi i ventila.<\/p>\n<p>INA Hidraol HD 46 se preporu\u010duje za \u0161irok spektar primjena, uklju\u010duju\u0107i hidrauli\u010dke sustave u gra\u0111evinskim strojevima, poljoprivrednoj opremi, industrijskim strojevima, te u transportu. Zahvaljuju\u0107i svojoj pouzdanosti i dugotrajnoj za\u0161titi, ovo ulje osigurava visoku u\u010dinkovitost i smanjuje rizik od kvarova, \u0161to doprinosi smanjenju tro\u0161kova odr\u017eavanja i pove\u0107anju produktivnosti.<\/p>\n","protected":false},"excerpt":{"rendered":"<p>Cijena bez PDV-a! INA Hidraol HD 46 je visokokvalitetno hidrauli\u010dno ulje koje se koristi za podmazivanje i za\u0161titu hidrauli\u010dnih sustava u industriji i mobilnim aplikacijama. Ovo ulje je formulirano s pa\u017eljivo odabranim baznim uljima i aditivima, koji osiguravaju izvrsnu za\u0161titu od habanja, oksidacije, korozije i stvaranja taloga. Hidraol HD 46 ima odli\u010dna svojstva otpornosti na [&hellip;]<\/p>\n","protected":false},"featured_media":9991,"comment_status":"open","ping_status":"closed","template":"","meta":{"_acf_changed":false},"product_brand":[],"product_cat":[33],"product_tag":[],"class_list":{"0":"post-9990","1":"product","2":"type-product","3":"status-publish","4":"has-post-thumbnail","6":"product_cat-ulja","7":"product_shipping_class-dostava-paketa-3-5kg","9":"first","10":"instock","11":"taxable","12":"shipping-taxable","13":"purchasable","14":"product-type-simple"},"acf":[],"_links":{"self":[{"href":"https:\/\/kralj-km.hr\/Webshop\/wp-json\/wp\/v2\/product\/9990","targetHints":{"allow":["GET"]}}],"collection":[{"href":"https:\/\/kralj-km.hr\/Webshop\/wp-json\/wp\/v2\/product"}],"about":[{"href":"https:\/\/kralj-km.hr\/Webshop\/wp-json\/wp\/v2\/types\/product"}],"replies":[{"embeddable":true,"href":"https:\/\/kralj-km.hr\/Webshop\/wp-json\/wp\/v2\/comments?post=9990"}],"wp:featuredmedia":[{"embeddable":true,"href":"https:\/\/kralj-km.hr\/Webshop\/wp-json\/wp\/v2\/media\/9991"}],"wp:attachment":[{"href":"https:\/\/kralj-km.hr\/Webshop\/wp-json\/wp\/v2\/media?parent=9990"}],"wp:term":[{"taxonomy":"product_brand","embeddable":true,"href":"https:\/\/kralj-km.hr\/Webshop\/wp-json\/wp\/v2\/product_brand?post=9990"},{"taxonomy":"product_cat","embeddable":true,"href":"https:\/\/kralj-km.hr\/Webshop\/wp-json\/wp\/v2\/product_cat?post=9990"},{"taxonomy":"product_tag","embeddable":true,"href":"https:\/\/kralj-km.hr\/Webshop\/wp-json\/wp\/v2\/product_tag?post=9990"}],"curies":[{"name":"wp","href":"https:\/\/api.w.org\/{rel}","templated":true}]}}