{"id":9988,"date":"2024-08-14T11:25:41","date_gmt":"2024-08-14T11:25:41","guid":{"rendered":"https:\/\/kralj-km.hr\/Webshop\/?post_type=product&#038;p=9988"},"modified":"2024-08-17T14:08:32","modified_gmt":"2024-08-17T14:08:32","slug":"ina-hidraol-hd-68-10-1","status":"publish","type":"product","link":"https:\/\/kralj-km.hr\/Webshop\/product\/ina-hidraol-hd-68-10-1\/","title":{"rendered":"INA Hidraol HD 68, 10\/1"},"content":{"rendered":"<p>Cijena bez PDV-a!<\/p>\n<p>INA Hidraol HD 68 je visokokvalitetno hidrauli\u010dko ulje koje se koristi u razli\u010ditim industrijskim i mobilnim hidrauli\u010dkim sustavima. Ovo ulje je formulirano s pa\u017eljivo odabranim baznim uljima i aditivima koji pru\u017eaju odli\u010dnu za\u0161titu od habanja, korozije i oksidacije.<\/p>\n<p>Hidraol HD 68 je poznat po svojoj visokoj otpornosti na termi\u010dko optere\u0107enje, \u0161to omogu\u0107uje dugotrajan rad u hidrauli\u010dkim sustavima koji rade pod visokim pritiscima i temperaturama. Ulje tako\u0111er ima izvrsnu stabilnost protiv oksidacije, \u0161to sprje\u010dava stvaranje taloga i produ\u017euje vijek trajanja hidrauli\u010dkog sustava.<\/p>\n<p>Zahvaljuju\u0107i svojim karakteristikama, INA Hidraol HD 68 osigurava optimalan rad hidrauli\u010dnih pumpi i ventila, smanjuju\u0107i rizik od zastoja i pove\u0107avaju\u0107i efikasnost sustava. Ovo ulje je idealno za primjenu u razli\u010ditim industrijskim sektorima, uklju\u010duju\u0107i gra\u0111evinarstvo, poljoprivredu, proizvodnju i transport, gdje je potrebna pouzdana i dugotrajna hidrauli\u010dka teku\u0107ina.<\/p>\n<p>Uz visoku otpornost na habanje i stabilnost pri promjenama temperature, Hidraol HD 68 pru\u017ea sigurnu i pouzdanu za\u0161titu hidrauli\u010dkih sustava, osiguravaju\u0107i njihov nesmetan rad i smanjenje tro\u0161kova odr\u017eavanja.<\/p>\n","protected":false},"excerpt":{"rendered":"<p>Cijena bez PDV-a! INA Hidraol HD 68 je visokokvalitetno hidrauli\u010dko ulje koje se koristi u razli\u010ditim industrijskim i mobilnim hidrauli\u010dkim sustavima. Ovo ulje je formulirano s pa\u017eljivo odabranim baznim uljima i aditivima koji pru\u017eaju odli\u010dnu za\u0161titu od habanja, korozije i oksidacije. Hidraol HD 68 je poznat po svojoj visokoj otpornosti na termi\u010dko optere\u0107enje, \u0161to omogu\u0107uje [&hellip;]<\/p>\n","protected":false},"featured_media":9989,"comment_status":"open","ping_status":"closed","template":"","meta":{"_acf_changed":false},"product_brand":[],"product_cat":[33],"product_tag":[],"class_list":{"0":"post-9988","1":"product","2":"type-product","3":"status-publish","4":"has-post-thumbnail","6":"product_cat-ulja","7":"product_shipping_class-dostava-paketa-5-10kg","9":"first","10":"instock","11":"taxable","12":"shipping-taxable","13":"purchasable","14":"product-type-simple"},"acf":[],"_links":{"self":[{"href":"https:\/\/kralj-km.hr\/Webshop\/wp-json\/wp\/v2\/product\/9988","targetHints":{"allow":["GET"]}}],"collection":[{"href":"https:\/\/kralj-km.hr\/Webshop\/wp-json\/wp\/v2\/product"}],"about":[{"href":"https:\/\/kralj-km.hr\/Webshop\/wp-json\/wp\/v2\/types\/product"}],"replies":[{"embeddable":true,"href":"https:\/\/kralj-km.hr\/Webshop\/wp-json\/wp\/v2\/comments?post=9988"}],"wp:featuredmedia":[{"embeddable":true,"href":"https:\/\/kralj-km.hr\/Webshop\/wp-json\/wp\/v2\/media\/9989"}],"wp:attachment":[{"href":"https:\/\/kralj-km.hr\/Webshop\/wp-json\/wp\/v2\/media?parent=9988"}],"wp:term":[{"taxonomy":"product_brand","embeddable":true,"href":"https:\/\/kralj-km.hr\/Webshop\/wp-json\/wp\/v2\/product_brand?post=9988"},{"taxonomy":"product_cat","embeddable":true,"href":"https:\/\/kralj-km.hr\/Webshop\/wp-json\/wp\/v2\/product_cat?post=9988"},{"taxonomy":"product_tag","embeddable":true,"href":"https:\/\/kralj-km.hr\/Webshop\/wp-json\/wp\/v2\/product_tag?post=9988"}],"curies":[{"name":"wp","href":"https:\/\/api.w.org\/{rel}","templated":true}]}}