{"id":9973,"date":"2024-08-14T10:58:26","date_gmt":"2024-08-14T10:58:26","guid":{"rendered":"https:\/\/kralj-km.hr\/Webshop\/?post_type=product&#038;p=9973"},"modified":"2024-08-17T14:08:28","modified_gmt":"2024-08-17T14:08:28","slug":"elektricne-skare-pellenc-prunion-250","status":"publish","type":"product","link":"https:\/\/kralj-km.hr\/Webshop\/product\/elektricne-skare-pellenc-prunion-250\/","title":{"rendered":"Elektri\u010dne \u0161kare Pellenc Prunion 250"},"content":{"rendered":"<p>Cijena bez PDV-a!<\/p>\n<p>Pellenc Prunion 250 su profesionalne elektri\u010dne \u0161kare namijenjene za rezidbu u vo\u0107arstvu i vinogradarstvu. Ove \u0161kare su dizajnirane s naglaskom na snagu, preciznost i udobnost pri radu. Prunion 250 odlikuju se iznimno laganom konstrukcijom i ergonomski oblikovanom ru\u010dkom koja smanjuje napor i umor tokom dugotrajnog rada.<\/p>\n<p>Opremljene su sna\u017enim motorom koji omogu\u0107ava rezanje grana debljine do 45 mm, \u0161to ih \u010dini izuzetno svestranim alatom za razli\u010dite vrste biljaka. O\u0161trice su izra\u0111ene od visokokvalitetnog nehr\u0111aju\u0107eg \u010delika, \u0161to garantira dugotrajnost i preciznost svakog reza.<\/p>\n<p>Pellenc Prunion 250 koristi naprednu tehnologiju upravljanja energijom, \u0161to omogu\u0107uje dugotrajan rad bez potrebe za \u010destim punjenjem baterije. Baterija je kompaktna i mo\u017ee se nositi na pojasu ili u d\u017eepu, pru\u017eaju\u0107i slobodu kretanja i udobnost.<\/p>\n<p>Ove \u0161kare tako\u0111er imaju progresivni okida\u010d, \u0161to omogu\u0107ava korisniku da precizno kontrolira \u0161irinu otvora o\u0161trica, prilago\u0111avaju\u0107i rezanje razli\u010ditim potrebama. Pellenc Prunion 250 su idealan izbor za profesionalne vinogradare i vo\u0107are koji tra\u017ee pouzdano, sna\u017eno i precizno oru\u0111e za rezidbu.<\/p>\n<p>Otvor o\u0161trice (mm): 67 mm<br \/>\nPromjer reza (mm): 45 mm<br \/>\nTe\u017eina \u0161kara (g): 870 g<br \/>\nBroj okretaja motora: 21000 rpm<br \/>\nMax. snaga: 1050w<br \/>\nNapon: 44v<br \/>\nPrekida\u010d: opti\u010dki<br \/>\nAutonomija: 12 sati<\/p>\n","protected":false},"excerpt":{"rendered":"<p>Cijena bez PDV-a! Pellenc Prunion 250 su profesionalne elektri\u010dne \u0161kare namijenjene za rezidbu u vo\u0107arstvu i vinogradarstvu. Ove \u0161kare su dizajnirane s naglaskom na snagu, preciznost i udobnost pri radu. Prunion 250 odlikuju se iznimno laganom konstrukcijom i ergonomski oblikovanom ru\u010dkom koja smanjuje napor i umor tokom dugotrajnog rada. Opremljene su sna\u017enim motorom koji omogu\u0107ava [&hellip;]<\/p>\n","protected":false},"featured_media":9974,"comment_status":"open","ping_status":"closed","template":"","meta":{"_acf_changed":false},"product_brand":[],"product_cat":[42],"product_tag":[],"class_list":{"0":"post-9973","1":"product","2":"type-product","3":"status-publish","4":"has-post-thumbnail","6":"product_cat-skare","7":"product_shipping_class-dostava-paketa-2-3kg","9":"first","10":"instock","11":"taxable","12":"shipping-taxable","13":"purchasable","14":"product-type-simple"},"acf":[],"_links":{"self":[{"href":"https:\/\/kralj-km.hr\/Webshop\/wp-json\/wp\/v2\/product\/9973","targetHints":{"allow":["GET"]}}],"collection":[{"href":"https:\/\/kralj-km.hr\/Webshop\/wp-json\/wp\/v2\/product"}],"about":[{"href":"https:\/\/kralj-km.hr\/Webshop\/wp-json\/wp\/v2\/types\/product"}],"replies":[{"embeddable":true,"href":"https:\/\/kralj-km.hr\/Webshop\/wp-json\/wp\/v2\/comments?post=9973"}],"wp:featuredmedia":[{"embeddable":true,"href":"https:\/\/kralj-km.hr\/Webshop\/wp-json\/wp\/v2\/media\/9974"}],"wp:attachment":[{"href":"https:\/\/kralj-km.hr\/Webshop\/wp-json\/wp\/v2\/media?parent=9973"}],"wp:term":[{"taxonomy":"product_brand","embeddable":true,"href":"https:\/\/kralj-km.hr\/Webshop\/wp-json\/wp\/v2\/product_brand?post=9973"},{"taxonomy":"product_cat","embeddable":true,"href":"https:\/\/kralj-km.hr\/Webshop\/wp-json\/wp\/v2\/product_cat?post=9973"},{"taxonomy":"product_tag","embeddable":true,"href":"https:\/\/kralj-km.hr\/Webshop\/wp-json\/wp\/v2\/product_tag?post=9973"}],"curies":[{"name":"wp","href":"https:\/\/api.w.org\/{rel}","templated":true}]}}