{"id":9971,"date":"2024-08-14T10:54:11","date_gmt":"2024-08-14T10:54:11","guid":{"rendered":"https:\/\/kralj-km.hr\/Webshop\/?post_type=product&#038;p=9971"},"modified":"2024-08-17T14:08:21","modified_gmt":"2024-08-17T14:08:21","slug":"elektricna-vezacica-za-vinograd-pellenc-fixion-2","status":"publish","type":"product","link":"https:\/\/kralj-km.hr\/Webshop\/product\/elektricna-vezacica-za-vinograd-pellenc-fixion-2\/","title":{"rendered":"Elektri\u010dna veza\u010dica za vinograd Pellenc Fixion 2"},"content":{"rendered":"<p>Cijena bez PDV-a!<\/p>\n<p>Pellenc Fixion 2 je napredni elektri\u010dni alat namijenjen za vezanje vinove loze i drugih biljaka. Ovaj model je izuzetno popularan me\u0111u vinogradarima zbog svoje u\u010dinkovitosti i jednostavnosti kori\u0161tenja. Fixion 2 omogu\u0107ava brzo i precizno vezivanje, \u010dime zna\u010dajno smanjuje vrijeme potrebno za ovaj zadatak u usporedbi s ru\u010dnim metodama.<\/p>\n<p>Opremljen je laganim i ergonomskim dizajnom, \u0161to olak\u0161ava dugotrajni rad bez umora. Alat koristi posebnu vrstu konca koji se automatski odvija i re\u017ee nakon svakog vezivanja, osiguravaju\u0107i \u010dvrst i pouzdan \u010dvor. Baterija je integrirana u ru\u010dku, pru\u017eaju\u0107i odli\u010dnu ravnote\u017eu i slobodu kretanja.<\/p>\n<p>Pellenc Fixion 2 mo\u017ee vezati do 15.000 \u010dvorova s jednim punjenjem, \u0161to ga \u010dini idealnim za velike vinograde. Tako\u0111er, alat nudi nekoliko opcija za pode\u0161avanje ja\u010dine vezivanja, omogu\u0107uju\u0107i korisniku prilagodbu rada prema specifi\u010dnim potrebama biljaka. Ovaj ure\u0111aj je odli\u010dan izbor za one koji tra\u017ee u\u010dinkovitost, pouzdanost i u\u0161tedu vremena u svom radu.<\/p>\n<p>Pellenc Fixion 2 &#8211; integrirana baterija i kolut za vezivanje<br \/>\nTe\u017eina veza\u010dice: 800g<br \/>\nDu\u017eina veznog koluta: 60 ili 200 m<br \/>\nBroj vezova sa jednim kolutom: 60m &#8211; 450 vezova \/ 200m &#8211; 1500 vezova<br \/>\nMax promjer vezanja: 25mm<br \/>\nElektronski prekida\u010d<br \/>\nAutonomija: 15.000 vezova sa jednim punjenjem!!!<\/p>\n","protected":false},"excerpt":{"rendered":"<p>Cijena bez PDV-a! Pellenc Fixion 2 je napredni elektri\u010dni alat namijenjen za vezanje vinove loze i drugih biljaka. Ovaj model je izuzetno popularan me\u0111u vinogradarima zbog svoje u\u010dinkovitosti i jednostavnosti kori\u0161tenja. Fixion 2 omogu\u0107ava brzo i precizno vezivanje, \u010dime zna\u010dajno smanjuje vrijeme potrebno za ovaj zadatak u usporedbi s ru\u010dnim metodama. Opremljen je laganim i [&hellip;]<\/p>\n","protected":false},"featured_media":9972,"comment_status":"open","ping_status":"closed","template":"","meta":{"_acf_changed":false},"product_brand":[],"product_cat":[42],"product_tag":[],"class_list":{"0":"post-9971","1":"product","2":"type-product","3":"status-publish","4":"has-post-thumbnail","6":"product_cat-skare","7":"product_shipping_class-dostava-paketa-do-2kg","9":"first","10":"instock","11":"taxable","12":"shipping-taxable","13":"purchasable","14":"product-type-simple"},"acf":[],"_links":{"self":[{"href":"https:\/\/kralj-km.hr\/Webshop\/wp-json\/wp\/v2\/product\/9971","targetHints":{"allow":["GET"]}}],"collection":[{"href":"https:\/\/kralj-km.hr\/Webshop\/wp-json\/wp\/v2\/product"}],"about":[{"href":"https:\/\/kralj-km.hr\/Webshop\/wp-json\/wp\/v2\/types\/product"}],"replies":[{"embeddable":true,"href":"https:\/\/kralj-km.hr\/Webshop\/wp-json\/wp\/v2\/comments?post=9971"}],"wp:featuredmedia":[{"embeddable":true,"href":"https:\/\/kralj-km.hr\/Webshop\/wp-json\/wp\/v2\/media\/9972"}],"wp:attachment":[{"href":"https:\/\/kralj-km.hr\/Webshop\/wp-json\/wp\/v2\/media?parent=9971"}],"wp:term":[{"taxonomy":"product_brand","embeddable":true,"href":"https:\/\/kralj-km.hr\/Webshop\/wp-json\/wp\/v2\/product_brand?post=9971"},{"taxonomy":"product_cat","embeddable":true,"href":"https:\/\/kralj-km.hr\/Webshop\/wp-json\/wp\/v2\/product_cat?post=9971"},{"taxonomy":"product_tag","embeddable":true,"href":"https:\/\/kralj-km.hr\/Webshop\/wp-json\/wp\/v2\/product_tag?post=9971"}],"curies":[{"name":"wp","href":"https:\/\/api.w.org\/{rel}","templated":true}]}}