{"id":9969,"date":"2024-08-14T10:50:21","date_gmt":"2024-08-14T10:50:21","guid":{"rendered":"https:\/\/kralj-km.hr\/Webshop\/?post_type=product&#038;p=9969"},"modified":"2026-04-07T12:19:10","modified_gmt":"2026-04-07T12:19:10","slug":"elektricne-skare-pellenc-vinion-150","status":"publish","type":"product","link":"https:\/\/kralj-km.hr\/Webshop\/product\/elektricne-skare-pellenc-vinion-150\/","title":{"rendered":"Elektri\u010dne \u0161kare Pellenc Vinion 150"},"content":{"rendered":"<p>Cijena bez PDV-a!<\/p>\n<p>Pellenc Vinion 150 su profesionalne elektri\u010dne \u0161kare dizajnirane za rezidbu vinove loze. Ove \u0161kare su izuzetno lagane i ergonomski oblikovane, \u0161to omogu\u0107uje dugotrajan rad bez zamora. Model Vinion 150 posebno se isti\u010de svojim preciznim rezom i sna\u017enim performansama, zahvaljuju\u0107i visokokvalitetnom motoru i o\u0161tricama od nehr\u0111aju\u0107eg \u010delika.<\/p>\n<p>Vinion 150 koristi najmoderniju tehnologiju za optimizaciju potro\u0161nje energije, \u0161to omogu\u0107uje dugotrajnu autonomiju baterije. \u0160kare su opremljene s nekoliko na\u010dina rada, uklju\u010duju\u0107i progresivni rez, \u0161to daje korisniku potpunu kontrolu nad radom.<\/p>\n<p>Ove \u0161kare su idealne za vinogradare koji tra\u017ee pouzdano, sna\u017eno i efikasno oru\u0111e za rezidbu vinove loze, s naglaskom na preciznost i udobnost.<\/p>\n<p>Te\u017eina \u0161kara: 670g<br \/>\nBroj okretaja motora: 21.000 rpm<br \/>\nOtvor o\u0161trice: 57 mm<br \/>\nPromjer reza: 35 mm<br \/>\nMax snaga: 600 w<br \/>\nPrekida\u010d: opti\u010dki<br \/>\nBrza zamjena o\u0161trice<br \/>\nKompaktna d\u017eepna baterija<br \/>\nTe\u017eina baterije: 820 g<br \/>\nAutonomija: 9 sati<\/p>\n","protected":false},"excerpt":{"rendered":"<p>Cijena bez PDV-a! Pellenc Vinion 150 su profesionalne elektri\u010dne \u0161kare dizajnirane za rezidbu vinove loze. Ove \u0161kare su izuzetno lagane i ergonomski oblikovane, \u0161to omogu\u0107uje dugotrajan rad bez zamora. Model Vinion 150 posebno se isti\u010de svojim preciznim rezom i sna\u017enim performansama, zahvaljuju\u0107i visokokvalitetnom motoru i o\u0161tricama od nehr\u0111aju\u0107eg \u010delika. Vinion 150 koristi najmoderniju tehnologiju za [&hellip;]<\/p>\n","protected":false},"featured_media":9970,"comment_status":"open","ping_status":"closed","template":"","meta":{"_acf_changed":false},"product_brand":[],"product_cat":[42],"product_tag":[],"class_list":{"0":"post-9969","1":"product","2":"type-product","3":"status-publish","4":"has-post-thumbnail","6":"product_cat-skare","7":"product_shipping_class-dostava-paketa-do-2kg","9":"first","10":"onbackorder","11":"taxable","12":"shipping-taxable","13":"product-type-simple"},"acf":[],"_links":{"self":[{"href":"https:\/\/kralj-km.hr\/Webshop\/wp-json\/wp\/v2\/product\/9969","targetHints":{"allow":["GET"]}}],"collection":[{"href":"https:\/\/kralj-km.hr\/Webshop\/wp-json\/wp\/v2\/product"}],"about":[{"href":"https:\/\/kralj-km.hr\/Webshop\/wp-json\/wp\/v2\/types\/product"}],"replies":[{"embeddable":true,"href":"https:\/\/kralj-km.hr\/Webshop\/wp-json\/wp\/v2\/comments?post=9969"}],"wp:featuredmedia":[{"embeddable":true,"href":"https:\/\/kralj-km.hr\/Webshop\/wp-json\/wp\/v2\/media\/9970"}],"wp:attachment":[{"href":"https:\/\/kralj-km.hr\/Webshop\/wp-json\/wp\/v2\/media?parent=9969"}],"wp:term":[{"taxonomy":"product_brand","embeddable":true,"href":"https:\/\/kralj-km.hr\/Webshop\/wp-json\/wp\/v2\/product_brand?post=9969"},{"taxonomy":"product_cat","embeddable":true,"href":"https:\/\/kralj-km.hr\/Webshop\/wp-json\/wp\/v2\/product_cat?post=9969"},{"taxonomy":"product_tag","embeddable":true,"href":"https:\/\/kralj-km.hr\/Webshop\/wp-json\/wp\/v2\/product_tag?post=9969"}],"curies":[{"name":"wp","href":"https:\/\/api.w.org\/{rel}","templated":true}]}}