{"id":9959,"date":"2024-08-13T12:37:21","date_gmt":"2024-08-13T12:37:21","guid":{"rendered":"https:\/\/kralj-km.hr\/Webshop\/?post_type=product&#038;p=9959"},"modified":"2024-08-17T14:08:25","modified_gmt":"2024-08-17T14:08:25","slug":"mast-eldons-letonia-lr-00-ep-18-1-polute","status":"publish","type":"product","link":"https:\/\/kralj-km.hr\/Webshop\/product\/mast-eldons-letonia-lr-00-ep-18-1-polute\/","title":{"rendered":"Mast Eldons Letonia LR 00 EP, 18\/1 Polute"},"content":{"rendered":"<p>Cijena bez PDV-a<\/p>\n<p>Eldons Letonia LR 00 EP je visokokvalitetna mast specijalno dizajnirana za podmazivanje industrijskih i automobilsko-opreme pod velikim optere\u0107enjem. Ova mast sadr\u017ei litijumski kompleks kao zgu\u0161njiva\u010d, \u0161to joj omogu\u0107ava izuzetnu otpornost na visoke temperature i za\u0161titu od habanja i korozije. Formulacija Eldons Letonia LR 00 EP pru\u017ea odli\u010dnu otpornost na ispiranje vodom i \u0161titi le\u017eajeve i druge komponente u zahtjevnim uslovima rada, kao \u0161to su visoki pritisci i udarna optere\u0107enja. Ova mast je idealna za upotrebu u centralnim sistemima podmazivanja, te\u0161koj industrijskoj opremi, gra\u0111evinskim ma\u0161inama i transportnim vozilima, pru\u017eaju\u0107i dugotrajnu pouzdanost i smanjenje tro\u0161kova odr\u017eavanja.<\/p>\n","protected":false},"excerpt":{"rendered":"<p>Cijena bez PDV-a Eldons Letonia LR 00 EP je visokokvalitetna mast specijalno dizajnirana za podmazivanje industrijskih i automobilsko-opreme pod velikim optere\u0107enjem. Ova mast sadr\u017ei litijumski kompleks kao zgu\u0161njiva\u010d, \u0161to joj omogu\u0107ava izuzetnu otpornost na visoke temperature i za\u0161titu od habanja i korozije. Formulacija Eldons Letonia LR 00 EP pru\u017ea odli\u010dnu otpornost na ispiranje vodom i [&hellip;]<\/p>\n","protected":false},"featured_media":9960,"comment_status":"open","ping_status":"closed","template":"","meta":{"_acf_changed":false},"product_brand":[],"product_cat":[33],"product_tag":[],"class_list":{"0":"post-9959","1":"product","2":"type-product","3":"status-publish","4":"has-post-thumbnail","6":"product_cat-ulja","7":"product_shipping_class-dostava-paketa-15-20kg","9":"first","10":"instock","11":"taxable","12":"shipping-taxable","13":"purchasable","14":"product-type-simple"},"acf":[],"_links":{"self":[{"href":"https:\/\/kralj-km.hr\/Webshop\/wp-json\/wp\/v2\/product\/9959","targetHints":{"allow":["GET"]}}],"collection":[{"href":"https:\/\/kralj-km.hr\/Webshop\/wp-json\/wp\/v2\/product"}],"about":[{"href":"https:\/\/kralj-km.hr\/Webshop\/wp-json\/wp\/v2\/types\/product"}],"replies":[{"embeddable":true,"href":"https:\/\/kralj-km.hr\/Webshop\/wp-json\/wp\/v2\/comments?post=9959"}],"wp:featuredmedia":[{"embeddable":true,"href":"https:\/\/kralj-km.hr\/Webshop\/wp-json\/wp\/v2\/media\/9960"}],"wp:attachment":[{"href":"https:\/\/kralj-km.hr\/Webshop\/wp-json\/wp\/v2\/media?parent=9959"}],"wp:term":[{"taxonomy":"product_brand","embeddable":true,"href":"https:\/\/kralj-km.hr\/Webshop\/wp-json\/wp\/v2\/product_brand?post=9959"},{"taxonomy":"product_cat","embeddable":true,"href":"https:\/\/kralj-km.hr\/Webshop\/wp-json\/wp\/v2\/product_cat?post=9959"},{"taxonomy":"product_tag","embeddable":true,"href":"https:\/\/kralj-km.hr\/Webshop\/wp-json\/wp\/v2\/product_tag?post=9959"}],"curies":[{"name":"wp","href":"https:\/\/api.w.org\/{rel}","templated":true}]}}