{"id":9956,"date":"2024-08-13T12:21:32","date_gmt":"2024-08-13T12:21:32","guid":{"rendered":"https:\/\/kralj-km.hr\/Webshop\/?post_type=product&#038;p=9956"},"modified":"2024-08-17T14:08:25","modified_gmt":"2024-08-17T14:08:25","slug":"9956","status":"publish","type":"product","link":"https:\/\/kralj-km.hr\/Webshop\/product\/9956\/","title":{"rendered":"Ulje Pemco IPOD 519 SAE90 20\/1"},"content":{"rendered":"<p>Cijena bez PDV-a<\/p>\n<p>Pemco iPOID 519 SAE 90 je visokokvalitetno ulje za transmisije, posebno formulirano za manuelne mjenja\u010de i diferencijale koji zahtijevaju visoku za\u0161titu od tro\u0161enja i glatko funkcionisanje. Ova mineralna formulacija osigurava odli\u010dnu otpornost na oksidaciju, koroziju i stvaranje naslaga, pru\u017eaju\u0107i dugotrajnu za\u0161titu zup\u010danika i produ\u017eavaju\u0107i vijek trajanja mjenja\u010da. Pemco iPOID 519 SAE 90 odr\u017eava stabilan viskozitet u \u0161irokom temperaturnom opsegu, osiguravaju\u0107i pouzdanu i tihu vo\u017enju \u010dak i pod te\u0161kim optere\u0107enjima. Idealno je za upotrebu u automobilima, kamionima i poljoprivrednoj opremi gdje su potrebne visoke performanse i dugotrajnost.<\/p>\n","protected":false},"excerpt":{"rendered":"<p>Cijena bez PDV-a Pemco iPOID 519 SAE 90 je visokokvalitetno ulje za transmisije, posebno formulirano za manuelne mjenja\u010de i diferencijale koji zahtijevaju visoku za\u0161titu od tro\u0161enja i glatko funkcionisanje. Ova mineralna formulacija osigurava odli\u010dnu otpornost na oksidaciju, koroziju i stvaranje naslaga, pru\u017eaju\u0107i dugotrajnu za\u0161titu zup\u010danika i produ\u017eavaju\u0107i vijek trajanja mjenja\u010da. Pemco iPOID 519 SAE 90 [&hellip;]<\/p>\n","protected":false},"featured_media":9957,"comment_status":"open","ping_status":"closed","template":"","meta":{"_acf_changed":false},"product_brand":[],"product_cat":[33],"product_tag":[],"class_list":{"0":"post-9956","1":"product","2":"type-product","3":"status-publish","4":"has-post-thumbnail","6":"product_cat-ulja","7":"product_shipping_class-dostava-paketa-15-20kg","9":"first","10":"instock","11":"taxable","12":"shipping-taxable","13":"purchasable","14":"product-type-simple"},"acf":[],"_links":{"self":[{"href":"https:\/\/kralj-km.hr\/Webshop\/wp-json\/wp\/v2\/product\/9956","targetHints":{"allow":["GET"]}}],"collection":[{"href":"https:\/\/kralj-km.hr\/Webshop\/wp-json\/wp\/v2\/product"}],"about":[{"href":"https:\/\/kralj-km.hr\/Webshop\/wp-json\/wp\/v2\/types\/product"}],"replies":[{"embeddable":true,"href":"https:\/\/kralj-km.hr\/Webshop\/wp-json\/wp\/v2\/comments?post=9956"}],"wp:featuredmedia":[{"embeddable":true,"href":"https:\/\/kralj-km.hr\/Webshop\/wp-json\/wp\/v2\/media\/9957"}],"wp:attachment":[{"href":"https:\/\/kralj-km.hr\/Webshop\/wp-json\/wp\/v2\/media?parent=9956"}],"wp:term":[{"taxonomy":"product_brand","embeddable":true,"href":"https:\/\/kralj-km.hr\/Webshop\/wp-json\/wp\/v2\/product_brand?post=9956"},{"taxonomy":"product_cat","embeddable":true,"href":"https:\/\/kralj-km.hr\/Webshop\/wp-json\/wp\/v2\/product_cat?post=9956"},{"taxonomy":"product_tag","embeddable":true,"href":"https:\/\/kralj-km.hr\/Webshop\/wp-json\/wp\/v2\/product_tag?post=9956"}],"curies":[{"name":"wp","href":"https:\/\/api.w.org\/{rel}","templated":true}]}}