{"id":9954,"date":"2024-08-13T12:12:47","date_gmt":"2024-08-13T12:12:47","guid":{"rendered":"https:\/\/kralj-km.hr\/Webshop\/?post_type=product&#038;p=9954"},"modified":"2024-08-17T14:08:25","modified_gmt":"2024-08-17T14:08:25","slug":"ulje-trh-97-tehnolub-20-1","status":"publish","type":"product","link":"https:\/\/kralj-km.hr\/Webshop\/product\/ulje-trh-97-tehnolub-20-1\/","title":{"rendered":"Ulje TRH 97, MOTUL, 20\/1"},"content":{"rendered":"<p>Cijena bez PDV-a!<\/p>\n<p>TRH 97 od MOTUL-a je specijalizirano ulje vrhunske kvaliteta, dizajnirano za primjenu u hidrauli\u010dnim sistemima traktora i poljoprivredne opreme. Ovo ulje pru\u017ea izuzetnu za\u0161titu i performanse, zahvaljuju\u0107i svojoj formulaciji koja smanjuje habanje, koroziju i stvaranje taloga, \u010dime se osigurava dugotrajan i pouzdan rad opreme. TRH 97 je kompatibilno s razli\u010ditim tipovima hidrauli\u010dnih sistema i pru\u017ea odli\u010dnu otpornost na oksidaciju, stabilan viskozitet i pouzdanu funkcionalnost u svim radnim uvjetima. Idealno je za sve one koji tra\u017ee visoku efikasnost i dugovje\u010dnost svojih hidrauli\u010dnih sistema u poljoprivredi i industriji.<\/p>\n<p>&nbsp;<\/p>\n","protected":false},"excerpt":{"rendered":"<p>Cijena bez PDV-a! TRH 97 od MOTUL-a je specijalizirano ulje vrhunske kvaliteta, dizajnirano za primjenu u hidrauli\u010dnim sistemima traktora i poljoprivredne opreme. Ovo ulje pru\u017ea izuzetnu za\u0161titu i performanse, zahvaljuju\u0107i svojoj formulaciji koja smanjuje habanje, koroziju i stvaranje taloga, \u010dime se osigurava dugotrajan i pouzdan rad opreme. TRH 97 je kompatibilno s razli\u010ditim tipovima hidrauli\u010dnih [&hellip;]<\/p>\n","protected":false},"featured_media":9955,"comment_status":"open","ping_status":"closed","template":"","meta":{"_acf_changed":false},"product_brand":[],"product_cat":[33],"product_tag":[],"class_list":{"0":"post-9954","1":"product","2":"type-product","3":"status-publish","4":"has-post-thumbnail","6":"product_cat-ulja","7":"product_shipping_class-dostava-paketa-15-20kg","9":"first","10":"instock","11":"taxable","12":"shipping-taxable","13":"purchasable","14":"product-type-simple"},"acf":[],"_links":{"self":[{"href":"https:\/\/kralj-km.hr\/Webshop\/wp-json\/wp\/v2\/product\/9954","targetHints":{"allow":["GET"]}}],"collection":[{"href":"https:\/\/kralj-km.hr\/Webshop\/wp-json\/wp\/v2\/product"}],"about":[{"href":"https:\/\/kralj-km.hr\/Webshop\/wp-json\/wp\/v2\/types\/product"}],"replies":[{"embeddable":true,"href":"https:\/\/kralj-km.hr\/Webshop\/wp-json\/wp\/v2\/comments?post=9954"}],"wp:featuredmedia":[{"embeddable":true,"href":"https:\/\/kralj-km.hr\/Webshop\/wp-json\/wp\/v2\/media\/9955"}],"wp:attachment":[{"href":"https:\/\/kralj-km.hr\/Webshop\/wp-json\/wp\/v2\/media?parent=9954"}],"wp:term":[{"taxonomy":"product_brand","embeddable":true,"href":"https:\/\/kralj-km.hr\/Webshop\/wp-json\/wp\/v2\/product_brand?post=9954"},{"taxonomy":"product_cat","embeddable":true,"href":"https:\/\/kralj-km.hr\/Webshop\/wp-json\/wp\/v2\/product_cat?post=9954"},{"taxonomy":"product_tag","embeddable":true,"href":"https:\/\/kralj-km.hr\/Webshop\/wp-json\/wp\/v2\/product_tag?post=9954"}],"curies":[{"name":"wp","href":"https:\/\/api.w.org\/{rel}","templated":true}]}}