{"id":9952,"date":"2024-08-13T12:08:51","date_gmt":"2024-08-13T12:08:51","guid":{"rendered":"https:\/\/kralj-km.hr\/Webshop\/?post_type=product&#038;p=9952"},"modified":"2024-08-17T14:08:25","modified_gmt":"2024-08-17T14:08:25","slug":"ulje-tekma-mega-sae-15w-40-tehnolub-20-1","status":"publish","type":"product","link":"https:\/\/kralj-km.hr\/Webshop\/product\/ulje-tekma-mega-sae-15w-40-tehnolub-20-1\/","title":{"rendered":"Ulje Tekma Mega SAE 15W-40, MOTUL, 20\/1"},"content":{"rendered":"<p>Cijena bez PDV-a!<\/p>\n<p>Tekma Mega SAE 15W-40 je visokokvalitetno motorno ulje dizajnirano za te\u0161ke dizelske motore, idealno za kamione, autobuse, gra\u0111evinsku opremu i poljoprivredne ma\u0161ine. Ovo ulje pru\u017ea vrhunsku za\u0161titu motora zahvaljuju\u0107i svojoj naprednoj formulaciji koja smanjuje habanje, sprje\u010dava stvaranje taloga i produ\u017eava intervale zamjene ulja. Tekma Mega SAE 15W-40 odr\u017eava stabilan viskozitet u \u0161irokom rasponu radnih temperatura, osiguravaju\u0107i pouzdan rad motora \u010dak i u najte\u017eim uvjetima. Odabir ovog ulja zna\u010di osiguravanje dugotrajne snage i efikasnosti va\u0161ih motora, uz smanjenje tro\u0161kova odr\u017eavanja i produ\u017eenje vijeka trajanja vozila i opreme.<\/p>\n","protected":false},"excerpt":{"rendered":"<p>Cijena bez PDV-a! Tekma Mega SAE 15W-40 je visokokvalitetno motorno ulje dizajnirano za te\u0161ke dizelske motore, idealno za kamione, autobuse, gra\u0111evinsku opremu i poljoprivredne ma\u0161ine. Ovo ulje pru\u017ea vrhunsku za\u0161titu motora zahvaljuju\u0107i svojoj naprednoj formulaciji koja smanjuje habanje, sprje\u010dava stvaranje taloga i produ\u017eava intervale zamjene ulja. Tekma Mega SAE 15W-40 odr\u017eava stabilan viskozitet u \u0161irokom [&hellip;]<\/p>\n","protected":false},"featured_media":9953,"comment_status":"open","ping_status":"closed","template":"","meta":{"_acf_changed":false},"product_brand":[],"product_cat":[33],"product_tag":[],"class_list":{"0":"post-9952","1":"product","2":"type-product","3":"status-publish","4":"has-post-thumbnail","6":"product_cat-ulja","7":"product_shipping_class-dostava-paketa-15-20kg","9":"first","10":"instock","11":"taxable","12":"shipping-taxable","13":"purchasable","14":"product-type-simple"},"acf":[],"_links":{"self":[{"href":"https:\/\/kralj-km.hr\/Webshop\/wp-json\/wp\/v2\/product\/9952","targetHints":{"allow":["GET"]}}],"collection":[{"href":"https:\/\/kralj-km.hr\/Webshop\/wp-json\/wp\/v2\/product"}],"about":[{"href":"https:\/\/kralj-km.hr\/Webshop\/wp-json\/wp\/v2\/types\/product"}],"replies":[{"embeddable":true,"href":"https:\/\/kralj-km.hr\/Webshop\/wp-json\/wp\/v2\/comments?post=9952"}],"wp:featuredmedia":[{"embeddable":true,"href":"https:\/\/kralj-km.hr\/Webshop\/wp-json\/wp\/v2\/media\/9953"}],"wp:attachment":[{"href":"https:\/\/kralj-km.hr\/Webshop\/wp-json\/wp\/v2\/media?parent=9952"}],"wp:term":[{"taxonomy":"product_brand","embeddable":true,"href":"https:\/\/kralj-km.hr\/Webshop\/wp-json\/wp\/v2\/product_brand?post=9952"},{"taxonomy":"product_cat","embeddable":true,"href":"https:\/\/kralj-km.hr\/Webshop\/wp-json\/wp\/v2\/product_cat?post=9952"},{"taxonomy":"product_tag","embeddable":true,"href":"https:\/\/kralj-km.hr\/Webshop\/wp-json\/wp\/v2\/product_tag?post=9952"}],"curies":[{"name":"wp","href":"https:\/\/api.w.org\/{rel}","templated":true}]}}