{"id":9950,"date":"2024-08-13T12:04:18","date_gmt":"2024-08-13T12:04:18","guid":{"rendered":"https:\/\/kralj-km.hr\/Webshop\/?post_type=product&#038;p=9950"},"modified":"2025-06-17T06:21:51","modified_gmt":"2025-06-17T06:21:51","slug":"9950","status":"publish","type":"product","link":"https:\/\/kralj-km.hr\/Webshop\/product\/9950\/","title":{"rendered":"Ulje Petronas Ambra  Multi G 10W-30, 20\/1"},"content":{"rendered":"<p>Cijena bez PDV-a!<\/p>\n<p>Petronas Ambra Multi G 10W-30 je univerzalno, visokokvalitetno ulje namijenjeno za traktore i poljoprivredne ma\u0161ine koje zahtijevaju optimalnu za\u0161titu i dugotrajne performanse. Ovo ulje je posebno formulirano za podmazivanje motora, hidrauli\u010dnih sistema, transmisija, mokrih ko\u010dnica i ostale opreme u va\u0161em stroju, pru\u017eaju\u0107i sveobuhvatnu za\u0161titu u svim radnim uvjetima. Petronas Ambra Multi G 10W-30 osigurava stabilan viskozitet i odli\u010dne performanse u \u0161irokom temperaturnom rasponu, smanjuju\u0107i habanje i stvaranje naslaga. Ova vi\u0161enamjenska formulacija omogu\u0107ava pouzdan rad i smanjuje tro\u0161kove odr\u017eavanja, \u010dine\u0107i ga idealnim izborom za poljoprivrednike koji tra\u017ee efikasnost i dugotrajnost.<\/p>\n","protected":false},"excerpt":{"rendered":"<p>Cijena bez PDV-a! Petronas Ambra Multi G 10W-30 je univerzalno, visokokvalitetno ulje namijenjeno za traktore i poljoprivredne ma\u0161ine koje zahtijevaju optimalnu za\u0161titu i dugotrajne performanse. Ovo ulje je posebno formulirano za podmazivanje motora, hidrauli\u010dnih sistema, transmisija, mokrih ko\u010dnica i ostale opreme u va\u0161em stroju, pru\u017eaju\u0107i sveobuhvatnu za\u0161titu u svim radnim uvjetima. Petronas Ambra Multi G [&hellip;]<\/p>\n","protected":false},"featured_media":9951,"comment_status":"open","ping_status":"closed","template":"","meta":{"_acf_changed":false},"product_brand":[],"product_cat":[33],"product_tag":[],"class_list":{"0":"post-9950","1":"product","2":"type-product","3":"status-publish","4":"has-post-thumbnail","6":"product_cat-ulja","7":"product_shipping_class-dostava-paketa-15-20kg","9":"first","10":"instock","11":"taxable","12":"shipping-taxable","13":"purchasable","14":"product-type-simple"},"acf":[],"_links":{"self":[{"href":"https:\/\/kralj-km.hr\/Webshop\/wp-json\/wp\/v2\/product\/9950","targetHints":{"allow":["GET"]}}],"collection":[{"href":"https:\/\/kralj-km.hr\/Webshop\/wp-json\/wp\/v2\/product"}],"about":[{"href":"https:\/\/kralj-km.hr\/Webshop\/wp-json\/wp\/v2\/types\/product"}],"replies":[{"embeddable":true,"href":"https:\/\/kralj-km.hr\/Webshop\/wp-json\/wp\/v2\/comments?post=9950"}],"wp:featuredmedia":[{"embeddable":true,"href":"https:\/\/kralj-km.hr\/Webshop\/wp-json\/wp\/v2\/media\/9951"}],"wp:attachment":[{"href":"https:\/\/kralj-km.hr\/Webshop\/wp-json\/wp\/v2\/media?parent=9950"}],"wp:term":[{"taxonomy":"product_brand","embeddable":true,"href":"https:\/\/kralj-km.hr\/Webshop\/wp-json\/wp\/v2\/product_brand?post=9950"},{"taxonomy":"product_cat","embeddable":true,"href":"https:\/\/kralj-km.hr\/Webshop\/wp-json\/wp\/v2\/product_cat?post=9950"},{"taxonomy":"product_tag","embeddable":true,"href":"https:\/\/kralj-km.hr\/Webshop\/wp-json\/wp\/v2\/product_tag?post=9950"}],"curies":[{"name":"wp","href":"https:\/\/api.w.org\/{rel}","templated":true}]}}