{"id":9947,"date":"2024-08-13T12:01:04","date_gmt":"2024-08-13T12:01:04","guid":{"rendered":"https:\/\/kralj-km.hr\/Webshop\/?post_type=product&#038;p=9947"},"modified":"2024-10-09T09:15:36","modified_gmt":"2024-10-09T09:15:36","slug":"ulje-petronas-ambra-unitek-plus-sae-10w40-20-1","status":"publish","type":"product","link":"https:\/\/kralj-km.hr\/Webshop\/product\/ulje-petronas-ambra-unitek-plus-sae-10w40-20-1\/","title":{"rendered":"Ulje Petronas Ambra Unitek Plus SAE 10W40, 20\/1"},"content":{"rendered":"<p>Cijena bez PDV-a!<\/p>\n<p>Petronas Ambra Unitek Plus 10W-40 je vrhunsko sinteti\u010dko motorno ulje dizajnirano posebno za najnovije generacije traktora i poljoprivredne ma\u0161ine. Ova visokoperformansna formulacija osigurava superiornu za\u0161titu motora, produ\u017eava radni vijek komponenti, i smanjuje habanje i stvaranje taloga \u010dak i u najte\u017eim uvjetima rada. Zahvaljuju\u0107i naprednoj tehnologiji aditiva, Petronas Ambra Unitek Plus 10W-40 odr\u017eava optimalan viskozitet u \u0161irokom rasponu temperatura, pobolj\u0161ava efikasnost goriva i osigurava pouzdan rad motora u svim sezonskim uslovima. Idealno je za one koji tra\u017ee maksimalnu za\u0161titu i performanse za svoje poljoprivredne strojeve.<\/p>\n","protected":false},"excerpt":{"rendered":"<p>Cijena bez PDV-a! Petronas Ambra Unitek Plus 10W-40 je vrhunsko sinteti\u010dko motorno ulje dizajnirano posebno za najnovije generacije traktora i poljoprivredne ma\u0161ine. Ova visokoperformansna formulacija osigurava superiornu za\u0161titu motora, produ\u017eava radni vijek komponenti, i smanjuje habanje i stvaranje taloga \u010dak i u najte\u017eim uvjetima rada. Zahvaljuju\u0107i naprednoj tehnologiji aditiva, Petronas Ambra Unitek Plus 10W-40 odr\u017eava [&hellip;]<\/p>\n","protected":false},"featured_media":10747,"comment_status":"open","ping_status":"closed","template":"","meta":{"_acf_changed":false},"product_brand":[],"product_cat":[33],"product_tag":[],"class_list":{"0":"post-9947","1":"product","2":"type-product","3":"status-publish","4":"has-post-thumbnail","6":"product_cat-ulja","7":"product_shipping_class-dostava-paketa-15-20kg","9":"first","10":"instock","11":"taxable","12":"shipping-taxable","13":"purchasable","14":"product-type-simple"},"acf":[],"_links":{"self":[{"href":"https:\/\/kralj-km.hr\/Webshop\/wp-json\/wp\/v2\/product\/9947","targetHints":{"allow":["GET"]}}],"collection":[{"href":"https:\/\/kralj-km.hr\/Webshop\/wp-json\/wp\/v2\/product"}],"about":[{"href":"https:\/\/kralj-km.hr\/Webshop\/wp-json\/wp\/v2\/types\/product"}],"replies":[{"embeddable":true,"href":"https:\/\/kralj-km.hr\/Webshop\/wp-json\/wp\/v2\/comments?post=9947"}],"wp:featuredmedia":[{"embeddable":true,"href":"https:\/\/kralj-km.hr\/Webshop\/wp-json\/wp\/v2\/media\/10747"}],"wp:attachment":[{"href":"https:\/\/kralj-km.hr\/Webshop\/wp-json\/wp\/v2\/media?parent=9947"}],"wp:term":[{"taxonomy":"product_brand","embeddable":true,"href":"https:\/\/kralj-km.hr\/Webshop\/wp-json\/wp\/v2\/product_brand?post=9947"},{"taxonomy":"product_cat","embeddable":true,"href":"https:\/\/kralj-km.hr\/Webshop\/wp-json\/wp\/v2\/product_cat?post=9947"},{"taxonomy":"product_tag","embeddable":true,"href":"https:\/\/kralj-km.hr\/Webshop\/wp-json\/wp\/v2\/product_tag?post=9947"}],"curies":[{"name":"wp","href":"https:\/\/api.w.org\/{rel}","templated":true}]}}