{"id":9939,"date":"2024-08-13T11:34:09","date_gmt":"2024-08-13T11:34:09","guid":{"rendered":"https:\/\/kralj-km.hr\/Webshop\/?post_type=product&#038;p=9939"},"modified":"2024-10-09T09:08:28","modified_gmt":"2024-10-09T09:08:28","slug":"ulje-john-deere-hy-gard-20-1","status":"publish","type":"product","link":"https:\/\/kralj-km.hr\/Webshop\/product\/ulje-john-deere-hy-gard-20-1\/","title":{"rendered":"Ulje John Deere HY-Gard 20\/1"},"content":{"rendered":"<p>Cijena bez PDV-a!<\/p>\n<p>Primjene<\/p>\n<p>Pogon i hidrauli\u010dni sustavi unutar mije\u0161anih ili odvojenih kartera, uklju\u010duju\u0107i hidrauli\u010dke crpke\/motore, hidraulike, ru\u010dne prijenose, prebacivanje snage, dvostruku spojku i IVT mjenja\u010de, kao i osovine uklju\u010duju\u0107i mokre ko\u010dnice, spojke i zavr\u0161ne pogone. Prikladno za primjene koje zahtijevaju SAE 5W-30, 10W-30 ili ISO VG46-VG68 stupnjeve viskoznosti.<\/p>\n<p>Zna\u010dajke i prednosti<\/p>\n<p>Izvrsna za\u0161tita mjenja\u010da i hidraulike<br \/>\nIzvrsne performanse mokrog kva\u010dila za glatke operacije<br \/>\nManje \u0161kljocanja mokre ko\u010dnice i maksimalni kapacitet ko\u010denja<br \/>\nIzuzetna za\u0161tita od tro\u0161enja, korozije, taloga i oksidacije<br \/>\nIzuzetna za\u0161tita od smicanja ulja<br \/>\nMinimalno tro\u0161enje zup\u010danika i le\u017eajeva<\/p>\n","protected":false},"excerpt":{"rendered":"<p>Cijena bez PDV-a! Primjene Pogon i hidrauli\u010dni sustavi unutar mije\u0161anih ili odvojenih kartera, uklju\u010duju\u0107i hidrauli\u010dke crpke\/motore, hidraulike, ru\u010dne prijenose, prebacivanje snage, dvostruku spojku i IVT mjenja\u010de, kao i osovine uklju\u010duju\u0107i mokre ko\u010dnice, spojke i zavr\u0161ne pogone. Prikladno za primjene koje zahtijevaju SAE 5W-30, 10W-30 ili ISO VG46-VG68 stupnjeve viskoznosti. Zna\u010dajke i prednosti Izvrsna za\u0161tita mjenja\u010da [&hellip;]<\/p>\n","protected":false},"featured_media":9940,"comment_status":"open","ping_status":"closed","template":"","meta":{"_acf_changed":false},"product_brand":[],"product_cat":[33],"product_tag":[],"class_list":{"0":"post-9939","1":"product","2":"type-product","3":"status-publish","4":"has-post-thumbnail","6":"product_cat-ulja","7":"product_shipping_class-dostava-paketa-15-20kg","9":"first","10":"instock","11":"taxable","12":"shipping-taxable","13":"purchasable","14":"product-type-simple"},"acf":[],"_links":{"self":[{"href":"https:\/\/kralj-km.hr\/Webshop\/wp-json\/wp\/v2\/product\/9939","targetHints":{"allow":["GET"]}}],"collection":[{"href":"https:\/\/kralj-km.hr\/Webshop\/wp-json\/wp\/v2\/product"}],"about":[{"href":"https:\/\/kralj-km.hr\/Webshop\/wp-json\/wp\/v2\/types\/product"}],"replies":[{"embeddable":true,"href":"https:\/\/kralj-km.hr\/Webshop\/wp-json\/wp\/v2\/comments?post=9939"}],"wp:featuredmedia":[{"embeddable":true,"href":"https:\/\/kralj-km.hr\/Webshop\/wp-json\/wp\/v2\/media\/9940"}],"wp:attachment":[{"href":"https:\/\/kralj-km.hr\/Webshop\/wp-json\/wp\/v2\/media?parent=9939"}],"wp:term":[{"taxonomy":"product_brand","embeddable":true,"href":"https:\/\/kralj-km.hr\/Webshop\/wp-json\/wp\/v2\/product_brand?post=9939"},{"taxonomy":"product_cat","embeddable":true,"href":"https:\/\/kralj-km.hr\/Webshop\/wp-json\/wp\/v2\/product_cat?post=9939"},{"taxonomy":"product_tag","embeddable":true,"href":"https:\/\/kralj-km.hr\/Webshop\/wp-json\/wp\/v2\/product_tag?post=9939"}],"curies":[{"name":"wp","href":"https:\/\/api.w.org\/{rel}","templated":true}]}}