{"id":9850,"date":"2024-08-10T14:24:06","date_gmt":"2024-08-10T14:24:06","guid":{"rendered":"https:\/\/kralj-km.hr\/Webshop\/?post_type=product&#038;p=9850"},"modified":"2024-08-17T14:08:32","modified_gmt":"2024-08-17T14:08:32","slug":"akumulator-12v-20ah-140a-kramp-sba2012kr","status":"publish","type":"product","link":"https:\/\/kralj-km.hr\/Webshop\/product\/akumulator-12v-20ah-140a-kramp-sba2012kr\/","title":{"rendered":"Akumulator 12V 20Ah 140A Kramp &#8211; SBA2012KR"},"content":{"rendered":"<p>Cijena bez PDV-a!<\/p>\n<p>Napon: 12.0 V<br \/>\nKapacitet 20h (C20): 20 Ah<br \/>\nDu\u017eina: 182 mm<br \/>\n\u0160irina: 77 mm<br \/>\nVisina: 168 mm<br \/>\nKod polo\u017eaja terminala: 0<br \/>\nKod tipa terminala: Y16<br \/>\n\u0160ifra monta\u017ee: B00<br \/>\nTehnologija (elektrokemijski sustav): Olovni s kiselinom<br \/>\nPrimjena: Kosilica, Jet-ski, Motocikl, Quad, Skuter, Motorne sanjke, Izvancestovno vozilo<\/p>\n","protected":false},"excerpt":{"rendered":"<p>Cijena bez PDV-a! Napon: 12.0 V Kapacitet 20h (C20): 20 Ah Du\u017eina: 182 mm \u0160irina: 77 mm Visina: 168 mm Kod polo\u017eaja terminala: 0 Kod tipa terminala: Y16 \u0160ifra monta\u017ee: B00 Tehnologija (elektrokemijski sustav): Olovni s kiselinom Primjena: Kosilica, Jet-ski, Motocikl, Quad, Skuter, Motorne sanjke, Izvancestovno vozilo<\/p>\n","protected":false},"featured_media":9851,"comment_status":"open","ping_status":"closed","template":"","meta":{"_acf_changed":false},"product_brand":[],"product_cat":[86],"product_tag":[],"class_list":{"0":"post-9850","1":"product","2":"type-product","3":"status-publish","4":"has-post-thumbnail","6":"product_cat-akumulatori","7":"product_shipping_class-dostava-paketa-5-10kg","9":"first","10":"instock","11":"taxable","12":"shipping-taxable","13":"purchasable","14":"product-type-simple"},"acf":[],"_links":{"self":[{"href":"https:\/\/kralj-km.hr\/Webshop\/wp-json\/wp\/v2\/product\/9850","targetHints":{"allow":["GET"]}}],"collection":[{"href":"https:\/\/kralj-km.hr\/Webshop\/wp-json\/wp\/v2\/product"}],"about":[{"href":"https:\/\/kralj-km.hr\/Webshop\/wp-json\/wp\/v2\/types\/product"}],"replies":[{"embeddable":true,"href":"https:\/\/kralj-km.hr\/Webshop\/wp-json\/wp\/v2\/comments?post=9850"}],"wp:featuredmedia":[{"embeddable":true,"href":"https:\/\/kralj-km.hr\/Webshop\/wp-json\/wp\/v2\/media\/9851"}],"wp:attachment":[{"href":"https:\/\/kralj-km.hr\/Webshop\/wp-json\/wp\/v2\/media?parent=9850"}],"wp:term":[{"taxonomy":"product_brand","embeddable":true,"href":"https:\/\/kralj-km.hr\/Webshop\/wp-json\/wp\/v2\/product_brand?post=9850"},{"taxonomy":"product_cat","embeddable":true,"href":"https:\/\/kralj-km.hr\/Webshop\/wp-json\/wp\/v2\/product_cat?post=9850"},{"taxonomy":"product_tag","embeddable":true,"href":"https:\/\/kralj-km.hr\/Webshop\/wp-json\/wp\/v2\/product_tag?post=9850"}],"curies":[{"name":"wp","href":"https:\/\/api.w.org\/{rel}","templated":true}]}}