{"id":9848,"date":"2024-08-10T14:18:48","date_gmt":"2024-08-10T14:18:48","guid":{"rendered":"https:\/\/kralj-km.hr\/Webshop\/?post_type=product&#038;p=9848"},"modified":"2024-08-18T08:24:18","modified_gmt":"2024-08-18T08:24:18","slug":"akumulator-12v-28-ah-300a-kramp-u1r2812kr","status":"publish","type":"product","link":"https:\/\/kralj-km.hr\/Webshop\/product\/akumulator-12v-28-ah-300a-kramp-u1r2812kr\/","title":{"rendered":"Akumulator 12V 28 Ah 300A Kramp &#8211; U1R2812KR"},"content":{"rendered":"<p>Cijena bez PDV-a!<\/p>\n<p>Napon: 12.0 V<br \/>\nKapacitet 20h (C20): 28 Ah<br \/>\nStruja hladnog starta EN: 300 A<br \/>\nDu\u017eina: 196 mm<br \/>\n\u0160irina: 130 mm<br \/>\nVisina: 181 mm<br \/>\nKod polo\u017eaja terminala: 0<br \/>\nKod tipa terminala: Y14<br \/>\n\u0160ifra monta\u017ee: B00<br \/>\nTe\u017eina [ispunjeno]: 7,97 kg<br \/>\nTe\u017eina [neispunjeno]: 5,55 kg<br \/>\nTehnologija (elektrokemijski sustav): Olovni s kiselinom<br \/>\nPrimjena: Kosilica, Jet-ski, Motocikl, Quad, Skuter, Motorne sanjke, Izvancestovno vozilo<\/p>\n","protected":false},"excerpt":{"rendered":"<p>Cijena bez PDV-a! Napon: 12.0 V Kapacitet 20h (C20): 28 Ah Struja hladnog starta EN: 300 A Du\u017eina: 196 mm \u0160irina: 130 mm Visina: 181 mm Kod polo\u017eaja terminala: 0 Kod tipa terminala: Y14 \u0160ifra monta\u017ee: B00 Te\u017eina [ispunjeno]: 7,97 kg Te\u017eina [neispunjeno]: 5,55 kg Tehnologija (elektrokemijski sustav): Olovni s kiselinom Primjena: Kosilica, Jet-ski, Motocikl, [&hellip;]<\/p>\n","protected":false},"featured_media":9849,"comment_status":"open","ping_status":"closed","template":"","meta":{"_acf_changed":false},"product_brand":[],"product_cat":[86],"product_tag":[],"class_list":{"0":"post-9848","1":"product","2":"type-product","3":"status-publish","4":"has-post-thumbnail","6":"product_cat-akumulatori","7":"product_shipping_class-dostava-paketa-do-2kg","9":"first","10":"instock","11":"taxable","12":"shipping-taxable","13":"purchasable","14":"product-type-simple"},"acf":[],"_links":{"self":[{"href":"https:\/\/kralj-km.hr\/Webshop\/wp-json\/wp\/v2\/product\/9848","targetHints":{"allow":["GET"]}}],"collection":[{"href":"https:\/\/kralj-km.hr\/Webshop\/wp-json\/wp\/v2\/product"}],"about":[{"href":"https:\/\/kralj-km.hr\/Webshop\/wp-json\/wp\/v2\/types\/product"}],"replies":[{"embeddable":true,"href":"https:\/\/kralj-km.hr\/Webshop\/wp-json\/wp\/v2\/comments?post=9848"}],"wp:featuredmedia":[{"embeddable":true,"href":"https:\/\/kralj-km.hr\/Webshop\/wp-json\/wp\/v2\/media\/9849"}],"wp:attachment":[{"href":"https:\/\/kralj-km.hr\/Webshop\/wp-json\/wp\/v2\/media?parent=9848"}],"wp:term":[{"taxonomy":"product_brand","embeddable":true,"href":"https:\/\/kralj-km.hr\/Webshop\/wp-json\/wp\/v2\/product_brand?post=9848"},{"taxonomy":"product_cat","embeddable":true,"href":"https:\/\/kralj-km.hr\/Webshop\/wp-json\/wp\/v2\/product_cat?post=9848"},{"taxonomy":"product_tag","embeddable":true,"href":"https:\/\/kralj-km.hr\/Webshop\/wp-json\/wp\/v2\/product_tag?post=9848"}],"curies":[{"name":"wp","href":"https:\/\/api.w.org\/{rel}","templated":true}]}}