{"id":9843,"date":"2024-08-10T14:05:17","date_gmt":"2024-08-10T14:05:17","guid":{"rendered":"https:\/\/kralj-km.hr\/Webshop\/?post_type=product&#038;p=9843"},"modified":"2025-02-06T10:11:55","modified_gmt":"2025-02-06T10:11:55","slug":"zracno-sjedalo-gopart-ts55000gp","status":"publish","type":"product","link":"https:\/\/kralj-km.hr\/Webshop\/product\/zracno-sjedalo-gopart-ts55000gp\/","title":{"rendered":"Zra\u010dno sjedalo GoPart &#8211; TS55000GP"},"content":{"rendered":"<p>Cijena bez PDV-a!<\/p>\n<p>Vrsta ovjesa: Pneumatski<\/p>\n<p>Materijal presvlake: Tkanina<\/p>\n<p>Boja presvlake: Crno<\/p>\n<p>Ukupna \u0161irina: 490 mm<\/p>\n<p>Nasloni za ruke uklju\u010deni: Da<\/p>\n<p>Uklju\u010deno pro\u0161irenje naslona: Da<\/p>\n<p>Sigurnosni pojas uklju\u010den: Ne<\/p>\n<p>Kontaktni prekida\u010d uklju\u010den: Ne<\/p>\n<p>Automatsko pode\u0161avanje te\u017eine korisnika: Ne<\/p>\n<p>Pode\u0161avanje stra\u017enjeg kuta: 30 \u00b0<\/p>\n<p>Dubina: 530 mm<\/p>\n<p>Min. radno optere\u0107enje: 50 kg<\/p>\n<p>Hod ovjesa: 10 cm<\/p>\n<p>Maks. radno optere\u0107enje: 150 kg<\/p>\n<p>Ukupna visina: 825 mm<\/p>\n<p>Komplet za grijanje uklju\u010den: Ne<\/p>\n<p>Napon napajanja: 12 V<\/p>\n","protected":false},"excerpt":{"rendered":"<p>Cijena bez PDV-a! Vrsta ovjesa: Pneumatski Materijal presvlake: Tkanina Boja presvlake: Crno Ukupna \u0161irina: 490 mm Nasloni za ruke uklju\u010deni: Da Uklju\u010deno pro\u0161irenje naslona: Da Sigurnosni pojas uklju\u010den: Ne Kontaktni prekida\u010d uklju\u010den: Ne Automatsko pode\u0161avanje te\u017eine korisnika: Ne Pode\u0161avanje stra\u017enjeg kuta: 30 \u00b0 Dubina: 530 mm Min. radno optere\u0107enje: 50 kg Hod ovjesa: 10 cm [&hellip;]<\/p>\n","protected":false},"featured_media":9844,"comment_status":"open","ping_status":"closed","template":"","meta":{"_acf_changed":false},"product_brand":[],"product_cat":[121,90],"product_tag":[],"class_list":{"0":"post-9843","1":"product","2":"type-product","3":"status-publish","4":"has-post-thumbnail","6":"product_cat-kabina","7":"product_cat-traktorski-dijelovi","8":"product_shipping_class-dostava-paketa-30-40kg","10":"first","11":"onbackorder","12":"taxable","13":"shipping-taxable","14":"product-type-simple"},"acf":[],"_links":{"self":[{"href":"https:\/\/kralj-km.hr\/Webshop\/wp-json\/wp\/v2\/product\/9843","targetHints":{"allow":["GET"]}}],"collection":[{"href":"https:\/\/kralj-km.hr\/Webshop\/wp-json\/wp\/v2\/product"}],"about":[{"href":"https:\/\/kralj-km.hr\/Webshop\/wp-json\/wp\/v2\/types\/product"}],"replies":[{"embeddable":true,"href":"https:\/\/kralj-km.hr\/Webshop\/wp-json\/wp\/v2\/comments?post=9843"}],"wp:featuredmedia":[{"embeddable":true,"href":"https:\/\/kralj-km.hr\/Webshop\/wp-json\/wp\/v2\/media\/9844"}],"wp:attachment":[{"href":"https:\/\/kralj-km.hr\/Webshop\/wp-json\/wp\/v2\/media?parent=9843"}],"wp:term":[{"taxonomy":"product_brand","embeddable":true,"href":"https:\/\/kralj-km.hr\/Webshop\/wp-json\/wp\/v2\/product_brand?post=9843"},{"taxonomy":"product_cat","embeddable":true,"href":"https:\/\/kralj-km.hr\/Webshop\/wp-json\/wp\/v2\/product_cat?post=9843"},{"taxonomy":"product_tag","embeddable":true,"href":"https:\/\/kralj-km.hr\/Webshop\/wp-json\/wp\/v2\/product_tag?post=9843"}],"curies":[{"name":"wp","href":"https:\/\/api.w.org\/{rel}","templated":true}]}}