{"id":9839,"date":"2024-08-10T13:56:10","date_gmt":"2024-08-10T13:56:10","guid":{"rendered":"https:\/\/kralj-km.hr\/Webshop\/?post_type=product&#038;p=9839"},"modified":"2026-01-22T10:43:46","modified_gmt":"2026-01-22T10:43:46","slug":"sjedalo-grammer-maximo-professional-g1288547","status":"publish","type":"product","link":"https:\/\/kralj-km.hr\/Webshop\/product\/sjedalo-grammer-maximo-professional-g1288547\/","title":{"rendered":"Sjedalo Grammer Maximo Professional &#8211; G1288547"},"content":{"rendered":"<p>Cijena bez PDV-a<\/p>\n<p>Univerzalno traktorsko zra\u010dno sjedalo. Kompresor za zrak u sjedalu, spaja se na 12 V. Naslon za ruke i glavu.<\/p>\n<p>Svojstva:<br \/>\n&#8211; Nasloni za ruke: 60 mm x 380 mm, podesivi po visini i nagibu , sklopivi<br \/>\n&#8211; Zra\u010dni ovjes sa kompresorom 12 V<br \/>\n&#8211; \u0160irina jastuka sjedala: 530 mm<br \/>\n&#8211; Mehani\u010dki podesiva lumbalna potpora<br \/>\n&#8211; APS: sustav za automatsko pozicioniranje<br \/>\n&#8211; Adapter rotacije 20\u00b0 (lijevo\/desno)<br \/>\n&#8211; Niskofrekventni ovjes<br \/>\n&#8211; Automatsko pode\u0161avanje te\u017eine (50\u2013130) kg<br \/>\n&#8211; Horizontalno pode\u0161avanje 210 mm<br \/>\n&#8211; Pode\u0161avanje nagiba naslona<br \/>\n&#8211; Produ\u017eetak za le\u0111a, na uvla\u010denje<br \/>\n&#8211; Pode\u0161avanje dubine i nagiba jastuka sjedala<\/p>\n<p>Model: MSG95AL\/731<br \/>\nUkupna visina: 766 mm<br \/>\nUkupna \u0161irina: 530 mm<br \/>\nUkupna du\u017eina: 605 mm<br \/>\nDubina: 605 mm<br \/>\nVrsta ovjesa: Pneumatski, niskofrekventni, uzdu\u017eni vodoravni ovjes<br \/>\nMaterijal presvlake: Tkanina<br \/>\nBoja presvlake: Crna<br \/>\nNasloni za ruke uklju\u010deni: Da<br \/>\nPro\u0161irenje naslona uklju\u010deno: Da<br \/>\nSigurnosni pojas uklju\u010den: Ne<br \/>\nKontaktni prekida\u010d uklju\u010den: Ne<br \/>\nAutomatsko pode\u0161avanje te\u017eine korisnika: Da<br \/>\nPode\u0161avanje stra\u017enjeg kuta: 35\u00b0<br \/>\nPode\u0161avanje visine: 8 cm, zra\u010dno<br \/>\nMin. radno optere\u0107enje: 50 kg<br \/>\nMaks. radno optere\u0107enje: 130 kg<br \/>\nHod ovjesa: 10 cm<br \/>\nUklju\u010den set za grijanje: Ne<br \/>\nNapon napajanja: 12 V<\/p>\n","protected":false},"excerpt":{"rendered":"<p>Cijena bez PDV-a Univerzalno traktorsko zra\u010dno sjedalo. Kompresor za zrak u sjedalu, spaja se na 12 V. Naslon za ruke i glavu. Svojstva: &#8211; Nasloni za ruke: 60 mm x 380 mm, podesivi po visini i nagibu , sklopivi &#8211; Zra\u010dni ovjes sa kompresorom 12 V &#8211; \u0160irina jastuka sjedala: 530 mm &#8211; Mehani\u010dki podesiva [&hellip;]<\/p>\n","protected":false},"featured_media":9840,"comment_status":"open","ping_status":"closed","template":"","meta":{"_acf_changed":false},"product_brand":[],"product_cat":[121,90],"product_tag":[],"class_list":{"0":"post-9839","1":"product","2":"type-product","3":"status-publish","4":"has-post-thumbnail","6":"product_cat-kabina","7":"product_cat-traktorski-dijelovi","8":"product_shipping_class-n-a","10":"first","11":"instock","12":"sale","13":"taxable","14":"shipping-taxable","15":"purchasable","16":"product-type-simple"},"acf":[],"_links":{"self":[{"href":"https:\/\/kralj-km.hr\/Webshop\/wp-json\/wp\/v2\/product\/9839","targetHints":{"allow":["GET"]}}],"collection":[{"href":"https:\/\/kralj-km.hr\/Webshop\/wp-json\/wp\/v2\/product"}],"about":[{"href":"https:\/\/kralj-km.hr\/Webshop\/wp-json\/wp\/v2\/types\/product"}],"replies":[{"embeddable":true,"href":"https:\/\/kralj-km.hr\/Webshop\/wp-json\/wp\/v2\/comments?post=9839"}],"wp:featuredmedia":[{"embeddable":true,"href":"https:\/\/kralj-km.hr\/Webshop\/wp-json\/wp\/v2\/media\/9840"}],"wp:attachment":[{"href":"https:\/\/kralj-km.hr\/Webshop\/wp-json\/wp\/v2\/media?parent=9839"}],"wp:term":[{"taxonomy":"product_brand","embeddable":true,"href":"https:\/\/kralj-km.hr\/Webshop\/wp-json\/wp\/v2\/product_brand?post=9839"},{"taxonomy":"product_cat","embeddable":true,"href":"https:\/\/kralj-km.hr\/Webshop\/wp-json\/wp\/v2\/product_cat?post=9839"},{"taxonomy":"product_tag","embeddable":true,"href":"https:\/\/kralj-km.hr\/Webshop\/wp-json\/wp\/v2\/product_tag?post=9839"}],"curies":[{"name":"wp","href":"https:\/\/api.w.org\/{rel}","templated":true}]}}