{"id":9833,"date":"2024-08-10T13:48:55","date_gmt":"2024-08-10T13:48:55","guid":{"rendered":"https:\/\/kralj-km.hr\/Webshop\/?post_type=product&#038;p=9833"},"modified":"2025-02-06T10:12:23","modified_gmt":"2025-02-06T10:12:23","slug":"sjedalo-presvuceno-tkaninom-mehanicko-ts40000gp","status":"publish","type":"product","link":"https:\/\/kralj-km.hr\/Webshop\/product\/sjedalo-presvuceno-tkaninom-mehanicko-ts40000gp\/","title":{"rendered":"Sjedalo presvu\u010deno tkaninom, mehani\u010dko &#8211; TS40000GP"},"content":{"rendered":"<p>Cijena bez PDV-a<\/p>\n<p>Vrsta ovjesa: Mehani\u010dki<br \/>\nMaterijal presvlake: Tkanina<br \/>\nBoja presvlake: Crna<br \/>\nUkupna \u0161irina: 480 mm<br \/>\nNasloni za ruke uklju\u010deni: Da<br \/>\nProdu\u017eenje naslona uklju\u010deno: Da<br \/>\nSigurnosni pojas uklju\u010den: Ne<br \/>\nKontaktni prekida\u010d uklju\u010den: Ne<br \/>\nAutomatsko pode\u0161avanje te\u017eine korisnika: Ne<br \/>\nModel: n\/a<br \/>\nPode\u0161avanje stra\u017enjeg kuta: 35 \u00b0<br \/>\nPode\u0161avanje visine: 6 cm<br \/>\nDubina: 495 mm<br \/>\nMin. radno optere\u0107enje: 45 kg<br \/>\nHod ovjesa: 15 cm<br \/>\nPogodno za marku stroja\/vozila: Ursus, Zetor<br \/>\nMaks. radno optere\u0107enje: 130 kg<br \/>\nUkupna visina: 858 mm<br \/>\nSet za grijanje uklju\u010den: Ne<br \/>\nUkupna du\u017eina: 495 mm<\/p>\n","protected":false},"excerpt":{"rendered":"<p>Cijena bez PDV-a Vrsta ovjesa: Mehani\u010dki Materijal presvlake: Tkanina Boja presvlake: Crna Ukupna \u0161irina: 480 mm Nasloni za ruke uklju\u010deni: Da Produ\u017eenje naslona uklju\u010deno: Da Sigurnosni pojas uklju\u010den: Ne Kontaktni prekida\u010d uklju\u010den: Ne Automatsko pode\u0161avanje te\u017eine korisnika: Ne Model: n\/a Pode\u0161avanje stra\u017enjeg kuta: 35 \u00b0 Pode\u0161avanje visine: 6 cm Dubina: 495 mm Min. radno optere\u0107enje: [&hellip;]<\/p>\n","protected":false},"featured_media":9835,"comment_status":"open","ping_status":"closed","template":"","meta":{"_acf_changed":false},"product_brand":[],"product_cat":[121,90],"product_tag":[],"class_list":{"0":"post-9833","1":"product","2":"type-product","3":"status-publish","4":"has-post-thumbnail","6":"product_cat-kabina","7":"product_cat-traktorski-dijelovi","8":"product_shipping_class-dostava-paketa-25-30kg","10":"first","11":"onbackorder","12":"taxable","13":"shipping-taxable","14":"product-type-simple"},"acf":[],"_links":{"self":[{"href":"https:\/\/kralj-km.hr\/Webshop\/wp-json\/wp\/v2\/product\/9833","targetHints":{"allow":["GET"]}}],"collection":[{"href":"https:\/\/kralj-km.hr\/Webshop\/wp-json\/wp\/v2\/product"}],"about":[{"href":"https:\/\/kralj-km.hr\/Webshop\/wp-json\/wp\/v2\/types\/product"}],"replies":[{"embeddable":true,"href":"https:\/\/kralj-km.hr\/Webshop\/wp-json\/wp\/v2\/comments?post=9833"}],"wp:featuredmedia":[{"embeddable":true,"href":"https:\/\/kralj-km.hr\/Webshop\/wp-json\/wp\/v2\/media\/9835"}],"wp:attachment":[{"href":"https:\/\/kralj-km.hr\/Webshop\/wp-json\/wp\/v2\/media?parent=9833"}],"wp:term":[{"taxonomy":"product_brand","embeddable":true,"href":"https:\/\/kralj-km.hr\/Webshop\/wp-json\/wp\/v2\/product_brand?post=9833"},{"taxonomy":"product_cat","embeddable":true,"href":"https:\/\/kralj-km.hr\/Webshop\/wp-json\/wp\/v2\/product_cat?post=9833"},{"taxonomy":"product_tag","embeddable":true,"href":"https:\/\/kralj-km.hr\/Webshop\/wp-json\/wp\/v2\/product_tag?post=9833"}],"curies":[{"name":"wp","href":"https:\/\/api.w.org\/{rel}","templated":true}]}}