{"id":9831,"date":"2024-08-10T13:43:32","date_gmt":"2024-08-10T13:43:32","guid":{"rendered":"https:\/\/kralj-km.hr\/Webshop\/?post_type=product&#038;p=9831"},"modified":"2024-09-14T06:50:31","modified_gmt":"2024-09-14T06:50:31","slug":"pvc-sjedalo-mehanicko-ts21000gp","status":"publish","type":"product","link":"https:\/\/kralj-km.hr\/Webshop\/product\/pvc-sjedalo-mehanicko-ts21000gp\/","title":{"rendered":"PVC sjedalo mehani\u010dko &#8211; TS21000GP"},"content":{"rendered":"<p>Cijena bez PDV-a!<\/p>\n<p>Vrsta ovjesa: Mehani\u010dki<br \/>\nUkupna \u0161irina: 480 mm<br \/>\nUkupna visina: 525 mm<br \/>\nHod ovjesa: 8 cm<br \/>\nMin. radno optere\u0107enje: 60 kg<br \/>\nMaks. radno optere\u0107enje: 120 kg<br \/>\nMaterijal presvlake: PVC<br \/>\nBoja presvlake: Crna<br \/>\nNasloni za ruke uklju\u010deni: Ne<br \/>\nPro\u0161irenje naslona uklju\u010deno: Ne<br \/>\nSigurnosni pojas uklju\u010den: Ne<br \/>\nKontaktni prekida\u010d uklju\u010den: Ne<br \/>\nAutomatsko pode\u0161avanje te\u017eine korisnika: Ne<br \/>\nUklju\u010den set za grijanje: Ne<\/p>\n","protected":false},"excerpt":{"rendered":"<p>Cijena bez PDV-a! Vrsta ovjesa: Mehani\u010dki Ukupna \u0161irina: 480 mm Ukupna visina: 525 mm Hod ovjesa: 8 cm Min. radno optere\u0107enje: 60 kg Maks. radno optere\u0107enje: 120 kg Materijal presvlake: PVC Boja presvlake: Crna Nasloni za ruke uklju\u010deni: Ne Pro\u0161irenje naslona uklju\u010deno: Ne Sigurnosni pojas uklju\u010den: Ne Kontaktni prekida\u010d uklju\u010den: Ne Automatsko pode\u0161avanje te\u017eine korisnika: [&hellip;]<\/p>\n","protected":false},"featured_media":9832,"comment_status":"open","ping_status":"closed","template":"","meta":{"_acf_changed":false},"product_brand":[],"product_cat":[121,90],"product_tag":[],"class_list":{"0":"post-9831","1":"product","2":"type-product","3":"status-publish","4":"has-post-thumbnail","6":"product_cat-kabina","7":"product_cat-traktorski-dijelovi","8":"product_shipping_class-dostava-paketa-15-20kg","10":"first","11":"instock","12":"taxable","13":"shipping-taxable","14":"purchasable","15":"product-type-simple"},"acf":[],"_links":{"self":[{"href":"https:\/\/kralj-km.hr\/Webshop\/wp-json\/wp\/v2\/product\/9831","targetHints":{"allow":["GET"]}}],"collection":[{"href":"https:\/\/kralj-km.hr\/Webshop\/wp-json\/wp\/v2\/product"}],"about":[{"href":"https:\/\/kralj-km.hr\/Webshop\/wp-json\/wp\/v2\/types\/product"}],"replies":[{"embeddable":true,"href":"https:\/\/kralj-km.hr\/Webshop\/wp-json\/wp\/v2\/comments?post=9831"}],"wp:featuredmedia":[{"embeddable":true,"href":"https:\/\/kralj-km.hr\/Webshop\/wp-json\/wp\/v2\/media\/9832"}],"wp:attachment":[{"href":"https:\/\/kralj-km.hr\/Webshop\/wp-json\/wp\/v2\/media?parent=9831"}],"wp:term":[{"taxonomy":"product_brand","embeddable":true,"href":"https:\/\/kralj-km.hr\/Webshop\/wp-json\/wp\/v2\/product_brand?post=9831"},{"taxonomy":"product_cat","embeddable":true,"href":"https:\/\/kralj-km.hr\/Webshop\/wp-json\/wp\/v2\/product_cat?post=9831"},{"taxonomy":"product_tag","embeddable":true,"href":"https:\/\/kralj-km.hr\/Webshop\/wp-json\/wp\/v2\/product_tag?post=9831"}],"curies":[{"name":"wp","href":"https:\/\/api.w.org\/{rel}","templated":true}]}}