{"id":9827,"date":"2024-08-10T13:35:04","date_gmt":"2024-08-10T13:35:04","guid":{"rendered":"https:\/\/kralj-km.hr\/Webshop\/?post_type=product&#038;p=9827"},"modified":"2024-09-14T06:50:40","modified_gmt":"2024-09-14T06:50:40","slug":"suvozacko-sjedalo-gopart-ts80000gp","status":"publish","type":"product","link":"https:\/\/kralj-km.hr\/Webshop\/product\/suvozacko-sjedalo-gopart-ts80000gp\/","title":{"rendered":"Suvoza\u010dko sjedalo GoPart &#8211; TS80000GP"},"content":{"rendered":"<p>Cijena bez PDV-a<\/p>\n<p>Vrsta ovjesa: Bez suspenzije<br \/>\nMaterijal tkanine: PVC<br \/>\nBoja tkanine: Sme\u0111a<br \/>\nUkupna \u0161irina: 400 mm<br \/>\nNasloni za ruke: Ne<br \/>\nProdu\u017eetak naslona: Ne<br \/>\nPojas: Ne<br \/>\nKontaktni prekida\u010d: Ne<br \/>\nAutomatsko pode\u0161avanje te\u017eine korisnika: Ne<br \/>\nEkvivalent originalnog broja: AL114321, AL159655, AL173569<br \/>\nPrikladno za marku strojeva\/vozila: John Deere<br \/>\nUkupna visina: 480 mm<br \/>\nKomplet za grijanje: Ne<\/p>\n","protected":false},"excerpt":{"rendered":"<p>Cijena bez PDV-a Vrsta ovjesa: Bez suspenzije Materijal tkanine: PVC Boja tkanine: Sme\u0111a Ukupna \u0161irina: 400 mm Nasloni za ruke: Ne Produ\u017eetak naslona: Ne Pojas: Ne Kontaktni prekida\u010d: Ne Automatsko pode\u0161avanje te\u017eine korisnika: Ne Ekvivalent originalnog broja: AL114321, AL159655, AL173569 Prikladno za marku strojeva\/vozila: John Deere Ukupna visina: 480 mm Komplet za grijanje: Ne<\/p>\n","protected":false},"featured_media":9828,"comment_status":"open","ping_status":"closed","template":"","meta":{"_acf_changed":false},"product_brand":[],"product_cat":[121,90],"product_tag":[],"class_list":{"0":"post-9827","1":"product","2":"type-product","3":"status-publish","4":"has-post-thumbnail","6":"product_cat-kabina","7":"product_cat-traktorski-dijelovi","8":"product_shipping_class-dostava-paketa-5-10kg","10":"first","11":"instock","12":"taxable","13":"shipping-taxable","14":"purchasable","15":"product-type-simple"},"acf":[],"_links":{"self":[{"href":"https:\/\/kralj-km.hr\/Webshop\/wp-json\/wp\/v2\/product\/9827","targetHints":{"allow":["GET"]}}],"collection":[{"href":"https:\/\/kralj-km.hr\/Webshop\/wp-json\/wp\/v2\/product"}],"about":[{"href":"https:\/\/kralj-km.hr\/Webshop\/wp-json\/wp\/v2\/types\/product"}],"replies":[{"embeddable":true,"href":"https:\/\/kralj-km.hr\/Webshop\/wp-json\/wp\/v2\/comments?post=9827"}],"wp:featuredmedia":[{"embeddable":true,"href":"https:\/\/kralj-km.hr\/Webshop\/wp-json\/wp\/v2\/media\/9828"}],"wp:attachment":[{"href":"https:\/\/kralj-km.hr\/Webshop\/wp-json\/wp\/v2\/media?parent=9827"}],"wp:term":[{"taxonomy":"product_brand","embeddable":true,"href":"https:\/\/kralj-km.hr\/Webshop\/wp-json\/wp\/v2\/product_brand?post=9827"},{"taxonomy":"product_cat","embeddable":true,"href":"https:\/\/kralj-km.hr\/Webshop\/wp-json\/wp\/v2\/product_cat?post=9827"},{"taxonomy":"product_tag","embeddable":true,"href":"https:\/\/kralj-km.hr\/Webshop\/wp-json\/wp\/v2\/product_tag?post=9827"}],"curies":[{"name":"wp","href":"https:\/\/api.w.org\/{rel}","templated":true}]}}