{"id":9822,"date":"2024-08-10T09:54:03","date_gmt":"2024-08-10T09:54:03","guid":{"rendered":"https:\/\/kralj-km.hr\/Webshop\/?post_type=product&#038;p=9822"},"modified":"2026-02-02T08:43:06","modified_gmt":"2026-02-02T08:43:06","slug":"zastitna-cerada-za-pokrivanje-bala-98-x-25-m","status":"publish","type":"product","link":"https:\/\/kralj-km.hr\/Webshop\/product\/zastitna-cerada-za-pokrivanje-bala-98-x-25-m\/","title":{"rendered":"Za\u0161titna cerada za pokrivanje bala &#8211; 9,8 x 25 m"},"content":{"rendered":"<div>Mre\u017ea Toptex pouzdano \u0161titi od utjecaja vjetra i ki\u0161e, te osigurava efikasnu prozra\u010dnost. \u010cuva visoku kvalitetu slame tijekom cijele zime, osigurava su\u0161enje nakon obilnih padalina i sprje\u010dava nastanak plijesni. Mre\u017ea ima postojanu UV za\u0161titu najmanje 3 godine i otporna je na udare vjetra.<\/div>\n<div>Dimenzije: 9,8&#215;25 metara<\/div>\n<div>\u0160irina role: 2,45 metara<\/div>\n<div>Te\u017eina role: oko 35 kg<\/div>\n","protected":false},"excerpt":{"rendered":"<p>Mre\u017ea Toptex pouzdano \u0161titi od utjecaja vjetra i ki\u0161e, te osigurava efikasnu prozra\u010dnost. \u010cuva visoku kvalitetu slame tijekom cijele zime, osigurava su\u0161enje nakon obilnih padalina i sprje\u010dava nastanak plijesni. Mre\u017ea ima postojanu UV za\u0161titu najmanje 3 godine i otporna je na udare vjetra. Dimenzije: 9,8&#215;25 metara \u0160irina role: 2,45 metara Te\u017eina role: oko 35 kg<\/p>\n","protected":false},"featured_media":9823,"comment_status":"open","ping_status":"closed","template":"","meta":{"_acf_changed":false},"product_brand":[],"product_cat":[92],"product_tag":[],"class_list":{"0":"post-9822","1":"product","2":"type-product","3":"status-publish","4":"has-post-thumbnail","6":"product_cat-baliranje-i-repromaterijal","7":"product_shipping_class-dostava-paketa-30-40kg","9":"first","10":"onbackorder","11":"taxable","12":"shipping-taxable","13":"product-type-simple"},"acf":[],"_links":{"self":[{"href":"https:\/\/kralj-km.hr\/Webshop\/wp-json\/wp\/v2\/product\/9822","targetHints":{"allow":["GET"]}}],"collection":[{"href":"https:\/\/kralj-km.hr\/Webshop\/wp-json\/wp\/v2\/product"}],"about":[{"href":"https:\/\/kralj-km.hr\/Webshop\/wp-json\/wp\/v2\/types\/product"}],"replies":[{"embeddable":true,"href":"https:\/\/kralj-km.hr\/Webshop\/wp-json\/wp\/v2\/comments?post=9822"}],"wp:featuredmedia":[{"embeddable":true,"href":"https:\/\/kralj-km.hr\/Webshop\/wp-json\/wp\/v2\/media\/9823"}],"wp:attachment":[{"href":"https:\/\/kralj-km.hr\/Webshop\/wp-json\/wp\/v2\/media?parent=9822"}],"wp:term":[{"taxonomy":"product_brand","embeddable":true,"href":"https:\/\/kralj-km.hr\/Webshop\/wp-json\/wp\/v2\/product_brand?post=9822"},{"taxonomy":"product_cat","embeddable":true,"href":"https:\/\/kralj-km.hr\/Webshop\/wp-json\/wp\/v2\/product_cat?post=9822"},{"taxonomy":"product_tag","embeddable":true,"href":"https:\/\/kralj-km.hr\/Webshop\/wp-json\/wp\/v2\/product_tag?post=9822"}],"curies":[{"name":"wp","href":"https:\/\/api.w.org\/{rel}","templated":true}]}}