{"id":9496,"date":"2024-08-08T13:50:03","date_gmt":"2024-08-08T13:50:03","guid":{"rendered":"https:\/\/kralj-km.hr\/Webshop\/?post_type=product&#038;p=9496"},"modified":"2024-08-17T14:08:16","modified_gmt":"2024-08-17T14:08:16","slug":"cekic-malcera-aimery-fi-165-38-90","status":"publish","type":"product","link":"https:\/\/kralj-km.hr\/Webshop\/product\/cekic-malcera-aimery-fi-165-38-90\/","title":{"rendered":"\u010ceki\u0107 mal\u010dera Aimery FI 16,5\/38\/90"},"content":{"rendered":"<p>Promjer rupe: 16,5 mm<\/p>\n<p>\u0160irina kod prihvata \u010deki\u0107a: 38 mm<\/p>\n<p>Radna \u0161irina: 90 mm<\/p>\n<p>Masa: 800 g<\/p>\n<p>Cijena bez PDV-a!<\/p>\n","protected":false},"excerpt":{"rendered":"<p>Promjer rupe: 16,5 mm \u0160irina kod prihvata \u010deki\u0107a: 38 mm Radna \u0161irina: 90 mm Masa: 800 g Cijena bez PDV-a!<\/p>\n","protected":false},"featured_media":9497,"comment_status":"open","ping_status":"closed","template":"","meta":{"_acf_changed":false},"product_brand":[],"product_cat":[97],"product_tag":[],"class_list":{"0":"post-9496","1":"product","2":"type-product","3":"status-publish","4":"has-post-thumbnail","6":"product_cat-dijelovi-za-prikljucke","7":"product_shipping_class-dostava-paketa-do-2kg","9":"first","10":"instock","11":"taxable","12":"shipping-taxable","13":"purchasable","14":"product-type-simple"},"acf":[],"_links":{"self":[{"href":"https:\/\/kralj-km.hr\/Webshop\/wp-json\/wp\/v2\/product\/9496","targetHints":{"allow":["GET"]}}],"collection":[{"href":"https:\/\/kralj-km.hr\/Webshop\/wp-json\/wp\/v2\/product"}],"about":[{"href":"https:\/\/kralj-km.hr\/Webshop\/wp-json\/wp\/v2\/types\/product"}],"replies":[{"embeddable":true,"href":"https:\/\/kralj-km.hr\/Webshop\/wp-json\/wp\/v2\/comments?post=9496"}],"wp:featuredmedia":[{"embeddable":true,"href":"https:\/\/kralj-km.hr\/Webshop\/wp-json\/wp\/v2\/media\/9497"}],"wp:attachment":[{"href":"https:\/\/kralj-km.hr\/Webshop\/wp-json\/wp\/v2\/media?parent=9496"}],"wp:term":[{"taxonomy":"product_brand","embeddable":true,"href":"https:\/\/kralj-km.hr\/Webshop\/wp-json\/wp\/v2\/product_brand?post=9496"},{"taxonomy":"product_cat","embeddable":true,"href":"https:\/\/kralj-km.hr\/Webshop\/wp-json\/wp\/v2\/product_cat?post=9496"},{"taxonomy":"product_tag","embeddable":true,"href":"https:\/\/kralj-km.hr\/Webshop\/wp-json\/wp\/v2\/product_tag?post=9496"}],"curies":[{"name":"wp","href":"https:\/\/api.w.org\/{rel}","templated":true}]}}