{"id":9112,"date":"2024-07-29T16:23:22","date_gmt":"2024-07-29T16:23:22","guid":{"rendered":"https:\/\/kralj-km.hr\/Webshop\/?post_type=product&#038;p=9112"},"modified":"2024-09-14T07:38:43","modified_gmt":"2024-09-14T07:38:43","slug":"slavina-za-gorivo-2","status":"publish","type":"product","link":"https:\/\/kralj-km.hr\/Webshop\/product\/slavina-za-gorivo-2\/","title":{"rendered":"Slavina za gorivo &#8211; VPD4012"},"content":{"rendered":"<p>Cijena bez PDV-a!<\/p>\n<table class=\"kh-1xzm1su\" data-intent=\"lists-product-attributes\" data-test-id=\"attributes-list\">\n<tbody class=\"kh-1ago99h\">\n<tr id=\"taPositionsNumber\" class=\"kh-bwvum6\" data-test-id=\"attribute-row\">\n<th class=\"kh-8yt023\">Broj pozicija<\/th>\n<td class=\"kh-1yk0fx9\">\n<div class=\"kh-pkx4zo\">2<\/div>\n<\/td>\n<td class=\"kh-g31lgn\"><\/td>\n<\/tr>\n<tr id=\"taPortsNumber\" class=\"kh-bwvum6\" data-test-id=\"attribute-row\">\n<th class=\"kh-8yt023\">Broj portova<\/th>\n<td class=\"kh-1yk0fx9\">\n<div class=\"kh-pkx4zo\">2<\/div>\n<\/td>\n<td class=\"kh-g31lgn\"><\/td>\n<\/tr>\n<tr id=\"taType_23\" class=\"kh-bwvum6\" data-test-id=\"attribute-row\">\n<th class=\"kh-8yt023\">Vrsta<\/th>\n<td class=\"kh-1yk0fx9\">\n<div class=\"kh-pkx4zo\">Ru\u010dni ventil<\/div>\n<\/td>\n<td class=\"kh-g31lgn\"><\/td>\n<\/tr>\n<tr id=\"taConnectionType_3\" class=\"kh-bwvum6\" data-test-id=\"attribute-row\">\n<th class=\"kh-8yt023\">Vrsta priklju\u010dka<\/th>\n<td class=\"kh-1yk0fx9\">\n<div class=\"kh-pkx4zo\">Navojni<\/div>\n<\/td>\n<td class=\"kh-g31lgn\"><\/td>\n<\/tr>\n<tr id=\"taConnectionTypeMaleFemale_\" class=\"kh-bwvum6\" data-test-id=\"attribute-row\">\n<th class=\"kh-8yt023\">Vrsta priklju\u010dka &#8211; mu\u0161ki\/\u017eenski<\/th>\n<td class=\"kh-1yk0fx9\">\n<div class=\"kh-pkx4zo\">\u017eenski<\/div>\n<\/td>\n<td class=\"kh-g31lgn\"><\/td>\n<\/tr>\n<tr id=\"taConnectionThreadType_3\" class=\"kh-bwvum6\" data-test-id=\"attribute-row\">\n<th class=\"kh-8yt023\">Vrsta navoja priklju\u010dka<\/th>\n<td class=\"kh-1yk0fx9\">\n<div class=\"kh-pkx4zo\">UNF<\/div>\n<\/td>\n<td class=\"kh-g31lgn\"><\/td>\n<\/tr>\n<tr id=\"taConnectionThreadDiameterInch_2\" class=\"kh-bwvum6\" data-test-id=\"attribute-row\">\n<th class=\"kh-8yt023\">Promjer priklju\u010dnog navoja<\/th>\n<td class=\"kh-1yk0fx9\">\n<div class=\"kh-pkx4zo\">1\/2\u00a0Inch<\/div>\n<\/td>\n<td class=\"kh-g31lgn\"><\/td>\n<\/tr>\n<tr id=\"taConnection2Type_3\" class=\"kh-bwvum6\" data-test-id=\"attribute-row\">\n<th class=\"kh-8yt023\">Vrsta priklju\u010dka br. 2<\/th>\n<td class=\"kh-1yk0fx9\">\n<div class=\"kh-pkx4zo\">Navojni<\/div>\n<\/td>\n<td class=\"kh-g31lgn\"><\/td>\n<\/tr>\n<tr id=\"taConnection2TypeMaleFemale_\" class=\"kh-bwvum6\" data-test-id=\"attribute-row\">\n<th class=\"kh-8yt023\">Vrsta priklju\u010dka br. 2 &#8211; mu\u0161ki\/\u017eenski<\/th>\n<td class=\"kh-1yk0fx9\">\n<div class=\"kh-pkx4zo\">Mu\u0161ki<\/div>\n<\/td>\n<td class=\"kh-g31lgn\"><\/td>\n<\/tr>\n<tr id=\"taConnection2ThreadType_3\" class=\"kh-bwvum6\" data-test-id=\"attribute-row\">\n<th class=\"kh-8yt023\">Vrsta spoja br.2 &#8211; tip navoja<\/th>\n<td class=\"kh-1yk0fx9\">\n<div class=\"kh-pkx4zo\">NPTF<\/div>\n<\/td>\n<td class=\"kh-g31lgn\"><\/td>\n<\/tr>\n<tr id=\"taConnection2ThreadDiameterInch_2\" class=\"kh-bwvum6\" data-test-id=\"attribute-row\">\n<th class=\"kh-8yt023\">Priklju\u010dak 2, promjer navoja<\/th>\n<td class=\"kh-1yk0fx9\">\n<div class=\"kh-pkx4zo\">3\/8\u00a0Inch<\/div>\n<\/td>\n<\/tr>\n<\/tbody>\n<\/table>\n","protected":false},"excerpt":{"rendered":"<p>Cijena bez PDV-a! Broj pozicija 2 Broj portova 2 Vrsta Ru\u010dni ventil Vrsta priklju\u010dka Navojni Vrsta priklju\u010dka &#8211; mu\u0161ki\/\u017eenski \u017eenski Vrsta navoja priklju\u010dka UNF Promjer priklju\u010dnog navoja 1\/2\u00a0Inch Vrsta priklju\u010dka br. 2 Navojni Vrsta priklju\u010dka br. 2 &#8211; mu\u0161ki\/\u017eenski Mu\u0161ki Vrsta spoja br.2 &#8211; tip navoja NPTF Priklju\u010dak 2, promjer navoja 3\/8\u00a0Inch<\/p>\n","protected":false},"featured_media":9113,"comment_status":"open","ping_status":"closed","template":"","meta":{"_acf_changed":false},"product_brand":[],"product_cat":[122,90],"product_tag":[],"class_list":{"0":"post-9112","1":"product","2":"type-product","3":"status-publish","4":"has-post-thumbnail","6":"product_cat-dijelovi-motora","7":"product_cat-traktorski-dijelovi","8":"product_shipping_class-dostava-paketa-do-2kg","10":"first","11":"instock","12":"taxable","13":"shipping-taxable","14":"purchasable","15":"product-type-simple"},"acf":[],"_links":{"self":[{"href":"https:\/\/kralj-km.hr\/Webshop\/wp-json\/wp\/v2\/product\/9112","targetHints":{"allow":["GET"]}}],"collection":[{"href":"https:\/\/kralj-km.hr\/Webshop\/wp-json\/wp\/v2\/product"}],"about":[{"href":"https:\/\/kralj-km.hr\/Webshop\/wp-json\/wp\/v2\/types\/product"}],"replies":[{"embeddable":true,"href":"https:\/\/kralj-km.hr\/Webshop\/wp-json\/wp\/v2\/comments?post=9112"}],"wp:featuredmedia":[{"embeddable":true,"href":"https:\/\/kralj-km.hr\/Webshop\/wp-json\/wp\/v2\/media\/9113"}],"wp:attachment":[{"href":"https:\/\/kralj-km.hr\/Webshop\/wp-json\/wp\/v2\/media?parent=9112"}],"wp:term":[{"taxonomy":"product_brand","embeddable":true,"href":"https:\/\/kralj-km.hr\/Webshop\/wp-json\/wp\/v2\/product_brand?post=9112"},{"taxonomy":"product_cat","embeddable":true,"href":"https:\/\/kralj-km.hr\/Webshop\/wp-json\/wp\/v2\/product_cat?post=9112"},{"taxonomy":"product_tag","embeddable":true,"href":"https:\/\/kralj-km.hr\/Webshop\/wp-json\/wp\/v2\/product_tag?post=9112"}],"curies":[{"name":"wp","href":"https:\/\/api.w.org\/{rel}","templated":true}]}}