{"id":9102,"date":"2024-07-29T16:15:37","date_gmt":"2024-07-29T16:15:37","guid":{"rendered":"https:\/\/kralj-km.hr\/Webshop\/?post_type=product&#038;p=9102"},"modified":"2024-09-14T07:41:16","modified_gmt":"2024-09-14T07:41:16","slug":"pumpa-goriva-nh-new-holland","status":"publish","type":"product","link":"https:\/\/kralj-km.hr\/Webshop\/product\/pumpa-goriva-nh-new-holland\/","title":{"rendered":"Pumpa goriva NH -4757883KR"},"content":{"rendered":"<p>Cijena bez PDV-a!<\/p>\n<p>Gorivo: Dizel<br \/>\nVrsta navoja priklju\u010dka na usisnoj strani: Metri\u010dki<br \/>\nPromjer navoja priklju\u010dka na usisnoj strani: M12<br \/>\nKorak navoja priklju\u010dka na usisnoj strani: 1,50 mm<br \/>\nVrsta navoja priklju\u010dka na tla\u010dnoj strani: Metri\u010dki<br \/>\nPromjer navoja na izlaznom priklju\u010dku: M12<br \/>\nKorak navoja priklju\u010dka na strani isporuke: 1,50 mm<br \/>\nPogodno za marku stroja\/vozila: New Holland<\/p>\n","protected":false},"excerpt":{"rendered":"<p>Cijena bez PDV-a! Gorivo: Dizel Vrsta navoja priklju\u010dka na usisnoj strani: Metri\u010dki Promjer navoja priklju\u010dka na usisnoj strani: M12 Korak navoja priklju\u010dka na usisnoj strani: 1,50 mm Vrsta navoja priklju\u010dka na tla\u010dnoj strani: Metri\u010dki Promjer navoja na izlaznom priklju\u010dku: M12 Korak navoja priklju\u010dka na strani isporuke: 1,50 mm Pogodno za marku stroja\/vozila: New Holland<\/p>\n","protected":false},"featured_media":9103,"comment_status":"open","ping_status":"closed","template":"","meta":{"_acf_changed":false},"product_brand":[],"product_cat":[119,90],"product_tag":[],"class_list":{"0":"post-9102","1":"product","2":"type-product","3":"status-publish","4":"has-post-thumbnail","6":"product_cat-pumpe","7":"product_cat-traktorski-dijelovi","8":"product_shipping_class-dostava-paketa-do-2kg","10":"first","11":"instock","12":"taxable","13":"shipping-taxable","14":"purchasable","15":"product-type-simple"},"acf":[],"_links":{"self":[{"href":"https:\/\/kralj-km.hr\/Webshop\/wp-json\/wp\/v2\/product\/9102","targetHints":{"allow":["GET"]}}],"collection":[{"href":"https:\/\/kralj-km.hr\/Webshop\/wp-json\/wp\/v2\/product"}],"about":[{"href":"https:\/\/kralj-km.hr\/Webshop\/wp-json\/wp\/v2\/types\/product"}],"replies":[{"embeddable":true,"href":"https:\/\/kralj-km.hr\/Webshop\/wp-json\/wp\/v2\/comments?post=9102"}],"wp:featuredmedia":[{"embeddable":true,"href":"https:\/\/kralj-km.hr\/Webshop\/wp-json\/wp\/v2\/media\/9103"}],"wp:attachment":[{"href":"https:\/\/kralj-km.hr\/Webshop\/wp-json\/wp\/v2\/media?parent=9102"}],"wp:term":[{"taxonomy":"product_brand","embeddable":true,"href":"https:\/\/kralj-km.hr\/Webshop\/wp-json\/wp\/v2\/product_brand?post=9102"},{"taxonomy":"product_cat","embeddable":true,"href":"https:\/\/kralj-km.hr\/Webshop\/wp-json\/wp\/v2\/product_cat?post=9102"},{"taxonomy":"product_tag","embeddable":true,"href":"https:\/\/kralj-km.hr\/Webshop\/wp-json\/wp\/v2\/product_tag?post=9102"}],"curies":[{"name":"wp","href":"https:\/\/api.w.org\/{rel}","templated":true}]}}