{"id":8994,"date":"2024-07-19T07:48:05","date_gmt":"2024-07-19T07:48:05","guid":{"rendered":"https:\/\/kralj-km.hr\/Webshop\/?post_type=product&#038;p=8994"},"modified":"2024-09-14T07:47:46","modified_gmt":"2024-09-14T07:47:46","slug":"pumpa-goriva-perkins","status":"publish","type":"product","link":"https:\/\/kralj-km.hr\/Webshop\/product\/pumpa-goriva-perkins\/","title":{"rendered":"Pumpa goriva Perkins &#8211; 2641720KR"},"content":{"rendered":"<p>Cijena je bez PDV-a.<\/p>\n<p>Gorivo: Dizel<br \/>\nVrsta priklju\u010dka na usisnoj strani: &#8211;<br \/>\nVrsta navoja priklju\u010dka na usisnoj strani: UNF<br \/>\nPromjer navoja priklju\u010dka na usisnoj strani: 1\/2 in\u010da<br \/>\nZavojnice navoja po in\u010du priklju\u010dka na usisnoj strani: 20<br \/>\nVrsta priklju\u010dka na tla\u010dnoj strani: &#8211;<br \/>\nVrsta navoja priklju\u010dka na tla\u010dnoj strani: UNF<br \/>\nPromjer navoja na izlaznom priklju\u010dku: 1\/2 in\u010da<br \/>\nNavoj po in\u010du priklju\u010dka na strani isporuke: 20<br \/>\nPogodno za marku stroja\/vozila: Massey Ferguson, Claas<br \/>\nPogodno za model stroja\/vozila: 35<br \/>\nPogodno za model stroja\/motora vozila: Perkins<\/p>\n","protected":false},"excerpt":{"rendered":"<p>Cijena je bez PDV-a. Gorivo: Dizel Vrsta priklju\u010dka na usisnoj strani: &#8211; Vrsta navoja priklju\u010dka na usisnoj strani: UNF Promjer navoja priklju\u010dka na usisnoj strani: 1\/2 in\u010da Zavojnice navoja po in\u010du priklju\u010dka na usisnoj strani: 20 Vrsta priklju\u010dka na tla\u010dnoj strani: &#8211; Vrsta navoja priklju\u010dka na tla\u010dnoj strani: UNF Promjer navoja na izlaznom priklju\u010dku: 1\/2 [&hellip;]<\/p>\n","protected":false},"featured_media":8995,"comment_status":"open","ping_status":"closed","template":"","meta":{"_acf_changed":false},"product_brand":[],"product_cat":[119,90],"product_tag":[],"class_list":{"0":"post-8994","1":"product","2":"type-product","3":"status-publish","4":"has-post-thumbnail","6":"product_cat-pumpe","7":"product_cat-traktorski-dijelovi","8":"product_shipping_class-dostava-paketa-do-2kg","10":"first","11":"instock","12":"taxable","13":"shipping-taxable","14":"purchasable","15":"product-type-simple"},"acf":[],"_links":{"self":[{"href":"https:\/\/kralj-km.hr\/Webshop\/wp-json\/wp\/v2\/product\/8994","targetHints":{"allow":["GET"]}}],"collection":[{"href":"https:\/\/kralj-km.hr\/Webshop\/wp-json\/wp\/v2\/product"}],"about":[{"href":"https:\/\/kralj-km.hr\/Webshop\/wp-json\/wp\/v2\/types\/product"}],"replies":[{"embeddable":true,"href":"https:\/\/kralj-km.hr\/Webshop\/wp-json\/wp\/v2\/comments?post=8994"}],"wp:featuredmedia":[{"embeddable":true,"href":"https:\/\/kralj-km.hr\/Webshop\/wp-json\/wp\/v2\/media\/8995"}],"wp:attachment":[{"href":"https:\/\/kralj-km.hr\/Webshop\/wp-json\/wp\/v2\/media?parent=8994"}],"wp:term":[{"taxonomy":"product_brand","embeddable":true,"href":"https:\/\/kralj-km.hr\/Webshop\/wp-json\/wp\/v2\/product_brand?post=8994"},{"taxonomy":"product_cat","embeddable":true,"href":"https:\/\/kralj-km.hr\/Webshop\/wp-json\/wp\/v2\/product_cat?post=8994"},{"taxonomy":"product_tag","embeddable":true,"href":"https:\/\/kralj-km.hr\/Webshop\/wp-json\/wp\/v2\/product_tag?post=8994"}],"curies":[{"name":"wp","href":"https:\/\/api.w.org\/{rel}","templated":true}]}}