{"id":8964,"date":"2024-07-17T13:35:45","date_gmt":"2024-07-17T13:35:45","guid":{"rendered":"https:\/\/kralj-km.hr\/Webshop\/?post_type=product&#038;p=8964"},"modified":"2024-08-17T14:08:07","modified_gmt":"2024-08-17T14:08:07","slug":"poklopac-za-ispusnu-cijev-vld200","status":"publish","type":"product","link":"https:\/\/kralj-km.hr\/Webshop\/product\/poklopac-za-ispusnu-cijev-vld200\/","title":{"rendered":"Poklopac za ispu\u0161nu cijev &#8211; VLD200"},"content":{"rendered":"<p>Cijena je bez PDV-a.<\/p>\n<p>Promjer izlaznog priklju\u010dka: 45 mm<br \/>\nPromjer izlaznog priklju\u010dka: 1-3\/4 in\u010da<br \/>\nPovr\u0161inska obrada: Pocin\u010davanje, Pasiviranje<\/p>\n<p>Ekvivalent izvornog broja: 192791M91<\/p>\n","protected":false},"excerpt":{"rendered":"<p>Cijena je bez PDV-a. Promjer izlaznog priklju\u010dka: 45 mm Promjer izlaznog priklju\u010dka: 1-3\/4 in\u010da Povr\u0161inska obrada: Pocin\u010davanje, Pasiviranje Ekvivalent izvornog broja: 192791M91<\/p>\n","protected":false},"featured_media":8965,"comment_status":"open","ping_status":"closed","template":"","meta":{"_acf_changed":false},"product_brand":[],"product_cat":[90],"product_tag":[],"class_list":{"0":"post-8964","1":"product","2":"type-product","3":"status-publish","4":"has-post-thumbnail","6":"product_cat-traktorski-dijelovi","7":"product_shipping_class-dostava-paketa-do-2kg","9":"first","10":"instock","11":"taxable","12":"shipping-taxable","13":"purchasable","14":"product-type-simple"},"acf":[],"_links":{"self":[{"href":"https:\/\/kralj-km.hr\/Webshop\/wp-json\/wp\/v2\/product\/8964","targetHints":{"allow":["GET"]}}],"collection":[{"href":"https:\/\/kralj-km.hr\/Webshop\/wp-json\/wp\/v2\/product"}],"about":[{"href":"https:\/\/kralj-km.hr\/Webshop\/wp-json\/wp\/v2\/types\/product"}],"replies":[{"embeddable":true,"href":"https:\/\/kralj-km.hr\/Webshop\/wp-json\/wp\/v2\/comments?post=8964"}],"wp:featuredmedia":[{"embeddable":true,"href":"https:\/\/kralj-km.hr\/Webshop\/wp-json\/wp\/v2\/media\/8965"}],"wp:attachment":[{"href":"https:\/\/kralj-km.hr\/Webshop\/wp-json\/wp\/v2\/media?parent=8964"}],"wp:term":[{"taxonomy":"product_brand","embeddable":true,"href":"https:\/\/kralj-km.hr\/Webshop\/wp-json\/wp\/v2\/product_brand?post=8964"},{"taxonomy":"product_cat","embeddable":true,"href":"https:\/\/kralj-km.hr\/Webshop\/wp-json\/wp\/v2\/product_cat?post=8964"},{"taxonomy":"product_tag","embeddable":true,"href":"https:\/\/kralj-km.hr\/Webshop\/wp-json\/wp\/v2\/product_tag?post=8964"}],"curies":[{"name":"wp","href":"https:\/\/api.w.org\/{rel}","templated":true}]}}