{"id":8737,"date":"2024-07-10T12:23:30","date_gmt":"2024-07-10T12:23:30","guid":{"rendered":"https:\/\/kralj-km.hr\/Webshop\/?post_type=product&#038;p=8737"},"modified":"2024-09-14T08:05:56","modified_gmt":"2024-09-14T08:05:56","slug":"vodena-pumpa-3","status":"publish","type":"product","link":"https:\/\/kralj-km.hr\/Webshop\/product\/vodena-pumpa-3\/","title":{"rendered":"Vodena pumpa &#8211; 022333KR"},"content":{"rendered":"<p>Cijena je bez PDV-a.<\/p>\n<p>Promjer diska: 65 mm<br \/>\n\u00d8 Unos: 38 mm<br \/>\n\u00d8 Izlaz: 24 mm<br \/>\nUdaljenost rupa: 51,5 mm<br \/>\nUdaljenost rupa za monta\u017eu kratke strane od sredi\u0161ta do sredi\u0161ta: 80 mm<\/p>\n","protected":false},"excerpt":{"rendered":"<p>Cijena je bez PDV-a. Promjer diska: 65 mm \u00d8 Unos: 38 mm \u00d8 Izlaz: 24 mm Udaljenost rupa: 51,5 mm Udaljenost rupa za monta\u017eu kratke strane od sredi\u0161ta do sredi\u0161ta: 80 mm<\/p>\n","protected":false},"featured_media":8738,"comment_status":"open","ping_status":"closed","template":"","meta":{"_acf_changed":false},"product_brand":[],"product_cat":[119,90],"product_tag":[],"class_list":{"0":"post-8737","1":"product","2":"type-product","3":"status-publish","4":"has-post-thumbnail","6":"product_cat-pumpe","7":"product_cat-traktorski-dijelovi","8":"product_shipping_class-dostava-paketa-do-2kg","10":"first","11":"instock","12":"taxable","13":"shipping-taxable","14":"purchasable","15":"product-type-simple"},"acf":[],"_links":{"self":[{"href":"https:\/\/kralj-km.hr\/Webshop\/wp-json\/wp\/v2\/product\/8737","targetHints":{"allow":["GET"]}}],"collection":[{"href":"https:\/\/kralj-km.hr\/Webshop\/wp-json\/wp\/v2\/product"}],"about":[{"href":"https:\/\/kralj-km.hr\/Webshop\/wp-json\/wp\/v2\/types\/product"}],"replies":[{"embeddable":true,"href":"https:\/\/kralj-km.hr\/Webshop\/wp-json\/wp\/v2\/comments?post=8737"}],"wp:featuredmedia":[{"embeddable":true,"href":"https:\/\/kralj-km.hr\/Webshop\/wp-json\/wp\/v2\/media\/8738"}],"wp:attachment":[{"href":"https:\/\/kralj-km.hr\/Webshop\/wp-json\/wp\/v2\/media?parent=8737"}],"wp:term":[{"taxonomy":"product_brand","embeddable":true,"href":"https:\/\/kralj-km.hr\/Webshop\/wp-json\/wp\/v2\/product_brand?post=8737"},{"taxonomy":"product_cat","embeddable":true,"href":"https:\/\/kralj-km.hr\/Webshop\/wp-json\/wp\/v2\/product_cat?post=8737"},{"taxonomy":"product_tag","embeddable":true,"href":"https:\/\/kralj-km.hr\/Webshop\/wp-json\/wp\/v2\/product_tag?post=8737"}],"curies":[{"name":"wp","href":"https:\/\/api.w.org\/{rel}","templated":true}]}}