{"id":8723,"date":"2024-07-10T12:02:06","date_gmt":"2024-07-10T12:02:06","guid":{"rendered":"https:\/\/kralj-km.hr\/Webshop\/?post_type=product&#038;p=8723"},"modified":"2024-09-14T08:07:02","modified_gmt":"2024-09-14T08:07:02","slug":"vodena-pumpa-perkins-2","status":"publish","type":"product","link":"https:\/\/kralj-km.hr\/Webshop\/product\/vodena-pumpa-perkins-2\/","title":{"rendered":"Vodena pumpa Perkins &#8211; VPE1001"},"content":{"rendered":"<p>Cijena je bez PDV-a.<\/p>\n<p>Ukupna \u0161irina: 80 mm<br \/>\nKoli\u010dina u prodajnoj jedinici: 1 kom<br \/>\nPromjer priklju\u010dka na usisnoj strani: 70 mm<br \/>\nPromjer izlaznog priklju\u010dka: 16 mm<br \/>\nPromjer ulo\u0161ka: 65 mm<br \/>\nUdaljenost od baze za ugradnju do strane za ugradnju ventilatora: 140 mm<br \/>\nVanjski promjer remenice: 109 mm<\/p>\n","protected":false},"excerpt":{"rendered":"<p>Cijena je bez PDV-a. Ukupna \u0161irina: 80 mm Koli\u010dina u prodajnoj jedinici: 1 kom Promjer priklju\u010dka na usisnoj strani: 70 mm Promjer izlaznog priklju\u010dka: 16 mm Promjer ulo\u0161ka: 65 mm Udaljenost od baze za ugradnju do strane za ugradnju ventilatora: 140 mm Vanjski promjer remenice: 109 mm<\/p>\n","protected":false},"featured_media":8724,"comment_status":"open","ping_status":"closed","template":"","meta":{"_acf_changed":false},"product_brand":[],"product_cat":[119,90],"product_tag":[],"class_list":{"0":"post-8723","1":"product","2":"type-product","3":"status-publish","4":"has-post-thumbnail","6":"product_cat-pumpe","7":"product_cat-traktorski-dijelovi","8":"product_shipping_class-dostava-paketa-3-5kg","10":"first","11":"instock","12":"taxable","13":"shipping-taxable","14":"purchasable","15":"product-type-simple"},"acf":[],"_links":{"self":[{"href":"https:\/\/kralj-km.hr\/Webshop\/wp-json\/wp\/v2\/product\/8723","targetHints":{"allow":["GET"]}}],"collection":[{"href":"https:\/\/kralj-km.hr\/Webshop\/wp-json\/wp\/v2\/product"}],"about":[{"href":"https:\/\/kralj-km.hr\/Webshop\/wp-json\/wp\/v2\/types\/product"}],"replies":[{"embeddable":true,"href":"https:\/\/kralj-km.hr\/Webshop\/wp-json\/wp\/v2\/comments?post=8723"}],"wp:featuredmedia":[{"embeddable":true,"href":"https:\/\/kralj-km.hr\/Webshop\/wp-json\/wp\/v2\/media\/8724"}],"wp:attachment":[{"href":"https:\/\/kralj-km.hr\/Webshop\/wp-json\/wp\/v2\/media?parent=8723"}],"wp:term":[{"taxonomy":"product_brand","embeddable":true,"href":"https:\/\/kralj-km.hr\/Webshop\/wp-json\/wp\/v2\/product_brand?post=8723"},{"taxonomy":"product_cat","embeddable":true,"href":"https:\/\/kralj-km.hr\/Webshop\/wp-json\/wp\/v2\/product_cat?post=8723"},{"taxonomy":"product_tag","embeddable":true,"href":"https:\/\/kralj-km.hr\/Webshop\/wp-json\/wp\/v2\/product_tag?post=8723"}],"curies":[{"name":"wp","href":"https:\/\/api.w.org\/{rel}","templated":true}]}}