{"id":8433,"date":"2024-06-24T11:50:21","date_gmt":"2024-06-24T11:50:21","guid":{"rendered":"https:\/\/kralj-km.hr\/Webshop\/product\/noz-malcera-40x118-muratori\/"},"modified":"2024-08-17T14:07:55","modified_gmt":"2024-08-17T14:07:55","slug":"noz-malcera-40x118-muratori","status":"publish","type":"product","link":"https:\/\/kralj-km.hr\/Webshop\/product\/noz-malcera-40x118-muratori\/","title":{"rendered":"No\u017e mal\u010dera 40&#215;118 Muratori"},"content":{"rendered":"<p>Du\u017eina: 12,3 cm<\/p>\n<p>\u0160irina: 5,5 cm<\/p>\n<p>Promjer rupe: 20,5 mm<\/p>\n<p>Te\u017eina: 290<\/p>\n<p>CIJENA BEZ PDV-a<\/p>\n<p>&nbsp;<\/p>\n","protected":false},"excerpt":{"rendered":"<p>Du\u017eina: 12,3 cm \u0160irina: 5,5 cm Promjer rupe: 20,5 mm Te\u017eina: 290 CIJENA BEZ PDV-a &nbsp;<\/p>\n","protected":false},"featured_media":8432,"comment_status":"open","ping_status":"closed","template":"","meta":{"_acf_changed":false},"product_brand":[],"product_cat":[97],"product_tag":[],"class_list":{"0":"post-8433","1":"product","2":"type-product","3":"status-publish","4":"has-post-thumbnail","6":"product_cat-dijelovi-za-prikljucke","7":"product_shipping_class-dostava-paketa-do-2kg","9":"first","10":"instock","11":"taxable","12":"shipping-taxable","13":"purchasable","14":"product-type-simple"},"acf":[],"_links":{"self":[{"href":"https:\/\/kralj-km.hr\/Webshop\/wp-json\/wp\/v2\/product\/8433","targetHints":{"allow":["GET"]}}],"collection":[{"href":"https:\/\/kralj-km.hr\/Webshop\/wp-json\/wp\/v2\/product"}],"about":[{"href":"https:\/\/kralj-km.hr\/Webshop\/wp-json\/wp\/v2\/types\/product"}],"replies":[{"embeddable":true,"href":"https:\/\/kralj-km.hr\/Webshop\/wp-json\/wp\/v2\/comments?post=8433"}],"wp:featuredmedia":[{"embeddable":true,"href":"https:\/\/kralj-km.hr\/Webshop\/wp-json\/wp\/v2\/media\/8432"}],"wp:attachment":[{"href":"https:\/\/kralj-km.hr\/Webshop\/wp-json\/wp\/v2\/media?parent=8433"}],"wp:term":[{"taxonomy":"product_brand","embeddable":true,"href":"https:\/\/kralj-km.hr\/Webshop\/wp-json\/wp\/v2\/product_brand?post=8433"},{"taxonomy":"product_cat","embeddable":true,"href":"https:\/\/kralj-km.hr\/Webshop\/wp-json\/wp\/v2\/product_cat?post=8433"},{"taxonomy":"product_tag","embeddable":true,"href":"https:\/\/kralj-km.hr\/Webshop\/wp-json\/wp\/v2\/product_tag?post=8433"}],"curies":[{"name":"wp","href":"https:\/\/api.w.org\/{rel}","templated":true}]}}