{"id":8421,"date":"2024-06-24T11:50:15","date_gmt":"2024-06-24T11:50:15","guid":{"rendered":"https:\/\/kralj-km.hr\/Webshop\/product\/noz-grubera-agrona-lijevi\/"},"modified":"2024-08-17T14:07:55","modified_gmt":"2024-08-17T14:07:55","slug":"noz-grubera-agrona-lijevi","status":"publish","type":"product","link":"https:\/\/kralj-km.hr\/Webshop\/product\/noz-grubera-agrona-lijevi\/","title":{"rendered":"No\u017e grubera Agrona lijevi"},"content":{"rendered":"<p>Du\u017eina: 21,5 cm i 24,5 cm<\/p>\n<p>\u0160irina: 13 cm i 7 cm<\/p>\n<p>Promjer rupe za vijak: 11 mm<\/p>\n<p>Te\u017eina: 920 g<\/p>\n<p>CIJENA BEZ PDV-a<\/p>\n<p>&nbsp;<\/p>\n","protected":false},"excerpt":{"rendered":"<p>Du\u017eina: 21,5 cm i 24,5 cm \u0160irina: 13 cm i 7 cm Promjer rupe za vijak: 11 mm Te\u017eina: 920 g CIJENA BEZ PDV-a &nbsp;<\/p>\n","protected":false},"featured_media":8420,"comment_status":"open","ping_status":"closed","template":"","meta":{"_acf_changed":false},"product_brand":[],"product_cat":[97],"product_tag":[],"class_list":{"0":"post-8421","1":"product","2":"type-product","3":"status-publish","4":"has-post-thumbnail","6":"product_cat-dijelovi-za-prikljucke","7":"product_shipping_class-dostava-paketa-do-2kg","9":"first","10":"instock","11":"taxable","12":"shipping-taxable","13":"purchasable","14":"product-type-simple"},"acf":[],"_links":{"self":[{"href":"https:\/\/kralj-km.hr\/Webshop\/wp-json\/wp\/v2\/product\/8421","targetHints":{"allow":["GET"]}}],"collection":[{"href":"https:\/\/kralj-km.hr\/Webshop\/wp-json\/wp\/v2\/product"}],"about":[{"href":"https:\/\/kralj-km.hr\/Webshop\/wp-json\/wp\/v2\/types\/product"}],"replies":[{"embeddable":true,"href":"https:\/\/kralj-km.hr\/Webshop\/wp-json\/wp\/v2\/comments?post=8421"}],"wp:featuredmedia":[{"embeddable":true,"href":"https:\/\/kralj-km.hr\/Webshop\/wp-json\/wp\/v2\/media\/8420"}],"wp:attachment":[{"href":"https:\/\/kralj-km.hr\/Webshop\/wp-json\/wp\/v2\/media?parent=8421"}],"wp:term":[{"taxonomy":"product_brand","embeddable":true,"href":"https:\/\/kralj-km.hr\/Webshop\/wp-json\/wp\/v2\/product_brand?post=8421"},{"taxonomy":"product_cat","embeddable":true,"href":"https:\/\/kralj-km.hr\/Webshop\/wp-json\/wp\/v2\/product_cat?post=8421"},{"taxonomy":"product_tag","embeddable":true,"href":"https:\/\/kralj-km.hr\/Webshop\/wp-json\/wp\/v2\/product_tag?post=8421"}],"curies":[{"name":"wp","href":"https:\/\/api.w.org\/{rel}","templated":true}]}}