{"id":8305,"date":"2024-06-24T11:48:50","date_gmt":"2024-06-24T11:48:50","guid":{"rendered":"https:\/\/kralj-km.hr\/Webshop\/product\/zupci-utov-ravni-dvo-str-t-proff36x810mm\/"},"modified":"2024-08-17T14:08:29","modified_gmt":"2024-08-17T14:08:29","slug":"zupci-utov-ravni-dvo-str-t-proff36x810mm","status":"publish","type":"product","link":"https:\/\/kralj-km.hr\/Webshop\/product\/zupci-utov-ravni-dvo-str-t-proff36x810mm\/","title":{"rendered":"Zupci utovariva\u010da, ravni, dvostrani T-profil 36&#215;810 mm"},"content":{"rendered":"<p>Cijena bez PDV-a!<\/p>\n<p>Oblik: Ravni<br \/>\nTip priklju\u010dka: Matica<br \/>\nDu\u017eina: 810 mm<br \/>\nMaksimalni promjer: 36 mm<br \/>\nMin. promjer priklju\u010dka: 22 mm<br \/>\nMaksimalni promjer priklju\u010dka: 36 mm<br \/>\nDuljina konusa: 95 mm<br \/>\nOblik profila: Dvostruki T<br \/>\nOblik vrha: \u0160iljast<br \/>\nBoja: Crna<br \/>\nPromjer navoja: 22 mm<br \/>\nKorak navoja: 1.50 mm<br \/>\nVrsta navoja: Metri\u010dki<\/p>\n","protected":false},"excerpt":{"rendered":"<p>Cijena bez PDV-a! Oblik: Ravni Tip priklju\u010dka: Matica Du\u017eina: 810 mm Maksimalni promjer: 36 mm Min. promjer priklju\u010dka: 22 mm Maksimalni promjer priklju\u010dka: 36 mm Duljina konusa: 95 mm Oblik profila: Dvostruki T Oblik vrha: \u0160iljast Boja: Crna Promjer navoja: 22 mm Korak navoja: 1.50 mm Vrsta navoja: Metri\u010dki<\/p>\n","protected":false},"featured_media":9964,"comment_status":"open","ping_status":"closed","template":"","meta":{"_acf_changed":false},"product_brand":[],"product_cat":[97],"product_tag":[],"class_list":{"0":"post-8305","1":"product","2":"type-product","3":"status-publish","4":"has-post-thumbnail","6":"product_cat-dijelovi-za-prikljucke","7":"product_shipping_class-dostava-paketa-3-5kg","9":"first","10":"instock","11":"taxable","12":"shipping-taxable","13":"purchasable","14":"product-type-simple"},"acf":[],"_links":{"self":[{"href":"https:\/\/kralj-km.hr\/Webshop\/wp-json\/wp\/v2\/product\/8305","targetHints":{"allow":["GET"]}}],"collection":[{"href":"https:\/\/kralj-km.hr\/Webshop\/wp-json\/wp\/v2\/product"}],"about":[{"href":"https:\/\/kralj-km.hr\/Webshop\/wp-json\/wp\/v2\/types\/product"}],"replies":[{"embeddable":true,"href":"https:\/\/kralj-km.hr\/Webshop\/wp-json\/wp\/v2\/comments?post=8305"}],"wp:featuredmedia":[{"embeddable":true,"href":"https:\/\/kralj-km.hr\/Webshop\/wp-json\/wp\/v2\/media\/9964"}],"wp:attachment":[{"href":"https:\/\/kralj-km.hr\/Webshop\/wp-json\/wp\/v2\/media?parent=8305"}],"wp:term":[{"taxonomy":"product_brand","embeddable":true,"href":"https:\/\/kralj-km.hr\/Webshop\/wp-json\/wp\/v2\/product_brand?post=8305"},{"taxonomy":"product_cat","embeddable":true,"href":"https:\/\/kralj-km.hr\/Webshop\/wp-json\/wp\/v2\/product_cat?post=8305"},{"taxonomy":"product_tag","embeddable":true,"href":"https:\/\/kralj-km.hr\/Webshop\/wp-json\/wp\/v2\/product_tag?post=8305"}],"curies":[{"name":"wp","href":"https:\/\/api.w.org\/{rel}","templated":true}]}}