{"id":8216,"date":"2024-06-24T11:47:52","date_gmt":"2024-06-24T11:47:52","guid":{"rendered":"https:\/\/kralj-km.hr\/Webshop\/product\/toplink-oko-kuka-390-m30-kat-2-2\/"},"modified":"2026-03-26T07:42:01","modified_gmt":"2026-03-26T07:42:01","slug":"toplink-oko-kuka-390-m30-kat-2-2","status":"publish","type":"product","link":"https:\/\/kralj-km.hr\/Webshop\/product\/toplink-oko-kuka-390-m30-kat-2-2\/","title":{"rendered":"Topling Oko\/Kuka 390, M30 Kat 2\/2 &#8211; TLC3903022KR"},"content":{"rendered":"<p>Cijena bez PDV-a<\/p>\n<table class=\"kh-1xzm1su\" data-intent=\"lists-product-attributes\" data-testid=\"attributes-list\">\n<tbody class=\"kh-1ago99h\">\n<tr id=\"brand\" class=\"kh-u6llvv\" data-testid=\"attribute-row\">\n<th class=\"kh-8yt023\">M\u00e1rka<\/th>\n<td class=\"kh-1yk0fx9\">\n<div class=\"kh-kvuntj\" data-testid=\"clamped-content-container\">Kramp<\/div>\n<\/td>\n<td class=\"kh-g31lgn\"><\/td>\n<\/tr>\n<tr id=\"taConectionsCategory\" class=\"kh-u6llvv\" data-testid=\"attribute-row\">\n<th class=\"kh-8yt023\">Kategorija priklju\u010daka<\/th>\n<td class=\"kh-1yk0fx9\">\n<div class=\"kh-kvuntj\" data-testid=\"clamped-content-container\">U\u0161ica &#8211; kuka<\/div>\n<\/td>\n<td class=\"kh-g31lgn\"><\/td>\n<\/tr>\n<tr id=\"taTractorSideConnectCategory\" class=\"kh-u6llvv\" data-testid=\"attribute-row\">\n<th class=\"kh-8yt023\">Kategorija na strani traktora<\/th>\n<td class=\"kh-1yk0fx9\">\n<div class=\"kh-kvuntj\" data-testid=\"clamped-content-container\">2<\/div>\n<\/td>\n<td class=\"kh-g31lgn\"><\/td>\n<\/tr>\n<tr id=\"taMacineSideConnectCategory\" class=\"kh-u6llvv\" data-testid=\"attribute-row\">\n<th class=\"kh-8yt023\">Kategorija na strani stroja<\/th>\n<td class=\"kh-1yk0fx9\">\n<div class=\"kh-kvuntj\" data-testid=\"clamped-content-container\">2<\/div>\n<\/td>\n<td class=\"kh-g31lgn\"><\/td>\n<\/tr>\n<tr id=\"taRodLengthMm_\" class=\"kh-u6llvv\" data-testid=\"attribute-row\">\n<th class=\"kh-8yt023\"><span class=\"kh-tbvyou\">B<\/span>Duljina \u0161ipke<\/th>\n<td class=\"kh-1yk0fx9\">\n<div class=\"kh-kvuntj\" data-testid=\"clamped-content-container\">390\u00a0mm<\/div>\n<\/td>\n<td class=\"kh-g31lgn\"><\/td>\n<\/tr>\n<tr id=\"taMinWorkingLengthMm\" class=\"kh-u6llvv\" data-testid=\"attribute-row\">\n<th class=\"kh-8yt023\"><span class=\"kh-tbvyou\">D<\/span>Min. radna duljina<\/th>\n<td class=\"kh-1yk0fx9\">\n<div class=\"kh-kvuntj\" data-testid=\"clamped-content-container\">575\u00a0mm<\/div>\n<\/td>\n<td class=\"kh-g31lgn\"><\/td>\n<\/tr>\n<tr id=\"taMaxWorkingLengthMm\" class=\"kh-u6llvv\" data-testid=\"attribute-row\">\n<th class=\"kh-8yt023\"><span class=\"kh-tbvyou\">D<\/span>Maksimalna radna duljina<\/th>\n<td class=\"kh-1yk0fx9\">\n<div class=\"kh-kvuntj\" data-testid=\"clamped-content-container\">785\u00a0mm<\/div>\n<\/td>\n<td class=\"kh-g31lgn\"><\/td>\n<\/tr>\n<tr id=\"taThreadType_14\" class=\"kh-u6llvv\" data-testid=\"attribute-row\">\n<th class=\"kh-8yt023\">Vrsta navoja<\/th>\n<td class=\"kh-1yk0fx9\">\n<div class=\"kh-kvuntj\" data-testid=\"clamped-content-container\">Metri\u010dki<\/div>\n<\/td>\n<td class=\"kh-g31lgn\"><\/td>\n<\/tr>\n<tr id=\"taThreadDiameterMm_18\" class=\"kh-u6llvv\" data-testid=\"attribute-row\">\n<th class=\"kh-8yt023\">Promjer navoja<\/th>\n<td class=\"kh-1yk0fx9\">\n<div class=\"kh-kvuntj\" data-testid=\"clamped-content-container\">M30<\/div>\n<\/td>\n<td class=\"kh-g31lgn\"><\/td>\n<\/tr>\n<tr id=\"taPitchOfThreadMm_10\" class=\"kh-u6llvv\" data-testid=\"attribute-row\">\n<th class=\"kh-8yt023\">Korak navoja<\/th>\n<td class=\"kh-1yk0fx9\">\n<div class=\"kh-kvuntj\" data-testid=\"clamped-content-container\">3.50\u00a0mm<\/div>\n<\/td>\n<td class=\"kh-g31lgn\"><\/td>\n<\/tr>\n<tr id=\"taTractorSideConnectHoleDiameterMm\" class=\"kh-u6llvv\" data-testid=\"attribute-row\">\n<th class=\"kh-8yt023\">Promjer rupe na strani traktora<\/th>\n<td class=\"kh-1yk0fx9\">\n<div class=\"kh-kvuntj\" data-testid=\"clamped-content-container\">25,7\u00a0mm<\/div>\n<\/td>\n<td class=\"kh-g31lgn\"><\/td>\n<\/tr>\n<tr id=\"taMacineSideConnectHoleDiameterMm\" class=\"kh-u6llvv\" data-testid=\"attribute-row\">\n<th class=\"kh-8yt023\">Promjer rupe na strani stroja<\/th>\n<td class=\"kh-1yk0fx9\">\n<div class=\"kh-kvuntj\" data-testid=\"clamped-content-container\">25,7\u00a0mm<\/div>\n<\/td>\n<td class=\"kh-g31lgn\"><\/td>\n<\/tr>\n<tr id=\"taYokeHeadLengthMm_\" class=\"kh-u6llvv\" data-testid=\"attribute-row\">\n<th class=\"kh-8yt023\">Duljina glave vilice<\/th>\n<td class=\"kh-1yk0fx9\">\n<div class=\"kh-kvuntj\" data-testid=\"clamped-content-container\">60\u00a0mm<\/div>\n<\/td>\n<td class=\"kh-g31lgn\"><\/td>\n<\/tr>\n<tr id=\"taHookHeadLengthMm_\" class=\"kh-u6llvv\" data-testid=\"attribute-row\">\n<th class=\"kh-8yt023\">Duljina glave kuke<\/th>\n<td class=\"kh-1yk0fx9\">\n<div class=\"kh-kvuntj\" data-testid=\"clamped-content-container\">100\u00a0mm<\/div>\n<\/td>\n<\/tr>\n<\/tbody>\n<\/table>\n","protected":false},"excerpt":{"rendered":"<p>Cijena bez PDV-a M\u00e1rka Kramp Kategorija priklju\u010daka U\u0161ica &#8211; kuka Kategorija na strani traktora 2 Kategorija na strani stroja 2 BDuljina \u0161ipke 390\u00a0mm DMin. radna duljina 575\u00a0mm DMaksimalna radna duljina 785\u00a0mm Vrsta navoja Metri\u010dki Promjer navoja M30 Korak navoja 3.50\u00a0mm Promjer rupe na strani traktora 25,7\u00a0mm Promjer rupe na strani stroja 25,7\u00a0mm Duljina glave vilice [&hellip;]<\/p>\n","protected":false},"featured_media":12216,"comment_status":"open","ping_status":"closed","template":"","meta":{"_acf_changed":false},"product_brand":[],"product_cat":[112],"product_tag":[],"class_list":{"0":"post-8216","1":"product","2":"type-product","3":"status-publish","4":"has-post-thumbnail","6":"product_cat-kugle-i-poteznice","7":"product_shipping_class-dostava-paketa-5-10kg","9":"first","10":"instock","11":"taxable","12":"shipping-taxable","13":"purchasable","14":"product-type-simple"},"acf":[],"_links":{"self":[{"href":"https:\/\/kralj-km.hr\/Webshop\/wp-json\/wp\/v2\/product\/8216","targetHints":{"allow":["GET"]}}],"collection":[{"href":"https:\/\/kralj-km.hr\/Webshop\/wp-json\/wp\/v2\/product"}],"about":[{"href":"https:\/\/kralj-km.hr\/Webshop\/wp-json\/wp\/v2\/types\/product"}],"replies":[{"embeddable":true,"href":"https:\/\/kralj-km.hr\/Webshop\/wp-json\/wp\/v2\/comments?post=8216"}],"wp:featuredmedia":[{"embeddable":true,"href":"https:\/\/kralj-km.hr\/Webshop\/wp-json\/wp\/v2\/media\/12216"}],"wp:attachment":[{"href":"https:\/\/kralj-km.hr\/Webshop\/wp-json\/wp\/v2\/media?parent=8216"}],"wp:term":[{"taxonomy":"product_brand","embeddable":true,"href":"https:\/\/kralj-km.hr\/Webshop\/wp-json\/wp\/v2\/product_brand?post=8216"},{"taxonomy":"product_cat","embeddable":true,"href":"https:\/\/kralj-km.hr\/Webshop\/wp-json\/wp\/v2\/product_cat?post=8216"},{"taxonomy":"product_tag","embeddable":true,"href":"https:\/\/kralj-km.hr\/Webshop\/wp-json\/wp\/v2\/product_tag?post=8216"}],"curies":[{"name":"wp","href":"https:\/\/api.w.org\/{rel}","templated":true}]}}