{"id":7879,"date":"2024-06-24T11:43:39","date_gmt":"2024-06-24T11:43:39","guid":{"rendered":"https:\/\/kralj-km.hr\/Webshop\/product\/skripac-150-mm\/"},"modified":"2026-02-04T08:20:03","modified_gmt":"2026-02-04T08:20:03","slug":"skripac-150-mm","status":"publish","type":"product","link":"https:\/\/kralj-km.hr\/Webshop\/product\/skripac-150-mm\/","title":{"rendered":"\u0160kripac 150 mm &#8211; 1900110150KR"},"content":{"rendered":"<p>Cijena bez PDV-a!<\/p>\n<table class=\"kh-1xzm1su\" data-intent=\"lists-product-attributes\" data-testid=\"attributes-list\">\n<tbody class=\"kh-1ago99h\">\n<tr id=\"brand\" class=\"kh-u6llvv\" data-testid=\"attribute-row\">\n<th class=\"kh-8yt023\">M\u00e1rka<\/th>\n<td class=\"kh-1yk0fx9\">\n<div class=\"kh-kvuntj\" data-testid=\"clamped-content-container\">Kramp<\/div>\n<\/td>\n<td class=\"kh-g31lgn\"><\/td>\n<\/tr>\n<tr id=\"taJawsWidthMm_2\" class=\"kh-u6llvv\" data-testid=\"attribute-row\">\n<th class=\"kh-8yt023\">\u0160irina \u010deljusti<\/th>\n<td class=\"kh-1yk0fx9\">\n<div class=\"kh-kvuntj\" data-testid=\"clamped-content-container\">150\u00a0mm<\/div>\n<\/td>\n<td class=\"kh-g31lgn\"><\/td>\n<\/tr>\n<tr id=\"taMaxClampingWidthMm\" class=\"kh-u6llvv\" data-testid=\"attribute-row\">\n<th class=\"kh-8yt023\">Maks. raspon<\/th>\n<td class=\"kh-1yk0fx9\">\n<div class=\"kh-kvuntj\" data-testid=\"clamped-content-container\">190\u00a0mm<\/div>\n<\/td>\n<td class=\"kh-g31lgn\"><\/td>\n<\/tr>\n<tr id=\"taWorkingDepthMm\" class=\"kh-u6llvv\" data-testid=\"attribute-row\">\n<th class=\"kh-8yt023\">Dubina stezanja<\/th>\n<td class=\"kh-1yk0fx9\">\n<div class=\"kh-kvuntj\" data-testid=\"clamped-content-container\">91,5\u00a0mm<\/div>\n<\/td>\n<td class=\"kh-g31lgn\"><\/td>\n<\/tr>\n<tr id=\"taTotalLengthMm_83\" class=\"kh-u6llvv\" data-testid=\"attribute-row\">\n<th class=\"kh-8yt023\">Ukupna du\u017eina<\/th>\n<td class=\"kh-1yk0fx9\">\n<div class=\"kh-kvuntj\" data-testid=\"clamped-content-container\">420\u00a0mm<\/div>\n<\/td>\n<td class=\"kh-g31lgn\"><\/td>\n<\/tr>\n<tr id=\"taTotalHeightMm_43\" class=\"kh-u6llvv\" data-testid=\"attribute-row\">\n<th class=\"kh-8yt023\">Ukupna visina<\/th>\n<td class=\"kh-1yk0fx9\">\n<div class=\"kh-kvuntj\" data-testid=\"clamped-content-container\">176\u00a0mm<\/div>\n<\/td>\n<\/tr>\n<\/tbody>\n<\/table>\n","protected":false},"excerpt":{"rendered":"<p>Cijena bez PDV-a! M\u00e1rka Kramp \u0160irina \u010deljusti 150\u00a0mm Maks. raspon 190\u00a0mm Dubina stezanja 91,5\u00a0mm Ukupna du\u017eina 420\u00a0mm Ukupna visina 176\u00a0mm<\/p>\n","protected":false},"featured_media":12215,"comment_status":"open","ping_status":"closed","template":"","meta":{"_acf_changed":false},"product_brand":[],"product_cat":[39],"product_tag":[],"class_list":{"0":"post-7879","1":"product","2":"type-product","3":"status-publish","4":"has-post-thumbnail","6":"product_cat-alati","7":"product_shipping_class-dostava-paketa-20-25kg","9":"first","10":"instock","11":"sale","12":"taxable","13":"shipping-taxable","14":"purchasable","15":"product-type-simple"},"acf":[],"_links":{"self":[{"href":"https:\/\/kralj-km.hr\/Webshop\/wp-json\/wp\/v2\/product\/7879","targetHints":{"allow":["GET"]}}],"collection":[{"href":"https:\/\/kralj-km.hr\/Webshop\/wp-json\/wp\/v2\/product"}],"about":[{"href":"https:\/\/kralj-km.hr\/Webshop\/wp-json\/wp\/v2\/types\/product"}],"replies":[{"embeddable":true,"href":"https:\/\/kralj-km.hr\/Webshop\/wp-json\/wp\/v2\/comments?post=7879"}],"wp:featuredmedia":[{"embeddable":true,"href":"https:\/\/kralj-km.hr\/Webshop\/wp-json\/wp\/v2\/media\/12215"}],"wp:attachment":[{"href":"https:\/\/kralj-km.hr\/Webshop\/wp-json\/wp\/v2\/media?parent=7879"}],"wp:term":[{"taxonomy":"product_brand","embeddable":true,"href":"https:\/\/kralj-km.hr\/Webshop\/wp-json\/wp\/v2\/product_brand?post=7879"},{"taxonomy":"product_cat","embeddable":true,"href":"https:\/\/kralj-km.hr\/Webshop\/wp-json\/wp\/v2\/product_cat?post=7879"},{"taxonomy":"product_tag","embeddable":true,"href":"https:\/\/kralj-km.hr\/Webshop\/wp-json\/wp\/v2\/product_tag?post=7879"}],"curies":[{"name":"wp","href":"https:\/\/api.w.org\/{rel}","templated":true}]}}