{"id":7805,"date":"2024-06-24T11:42:44","date_gmt":"2024-06-24T11:42:44","guid":{"rendered":"https:\/\/kralj-km.hr\/Webshop\/product\/ostrac-sjekira-i-ostrica\/"},"modified":"2025-10-14T08:33:29","modified_gmt":"2025-10-14T08:33:29","slug":"ostrac-sjekira-i-ostrica","status":"publish","type":"product","link":"https:\/\/kralj-km.hr\/Webshop\/product\/ostrac-sjekira-i-ostrica\/","title":{"rendered":"O\u0161trilo za sjekire i no\u017eeve &#8211; 7540000085"},"content":{"rendered":"<p>Cijena bez PDV-a!<\/p>\n<p>\u2022 Idealno za sigurno ponovno o\u0161trenje sjekira, no\u017eeva i o\u0161trica<br \/>\n\u2022 Optimalan kut o\u0161trenja zahvaljuju\u0107i dvije razine vodilja koje se mogu razli\u010dito namjestiti<br \/>\n\u2022 Neklizaju\u0107e noge za visoku stabilnost<br \/>\n\u2022 Izdr\u017eljivi kerami\u010dki umetak za o\u0161trenje<br \/>\n\u2022 Prikladno za de\u0161njake i ljevake<\/p>\n","protected":false},"excerpt":{"rendered":"<p>Cijena bez PDV-a! \u2022 Idealno za sigurno ponovno o\u0161trenje sjekira, no\u017eeva i o\u0161trica \u2022 Optimalan kut o\u0161trenja zahvaljuju\u0107i dvije razine vodilja koje se mogu razli\u010dito namjestiti \u2022 Neklizaju\u0107e noge za visoku stabilnost \u2022 Izdr\u017eljivi kerami\u010dki umetak za o\u0161trenje \u2022 Prikladno za de\u0161njake i ljevake<\/p>\n","protected":false},"featured_media":11891,"comment_status":"open","ping_status":"closed","template":"","meta":{"_acf_changed":false},"product_brand":[],"product_cat":[38],"product_tag":[],"class_list":{"0":"post-7805","1":"product","2":"type-product","3":"status-publish","4":"has-post-thumbnail","6":"product_cat-sumarska-oprema","7":"product_shipping_class-dostava-paketa-do-2kg","9":"first","10":"instock","11":"taxable","12":"shipping-taxable","13":"purchasable","14":"product-type-simple"},"acf":[],"_links":{"self":[{"href":"https:\/\/kralj-km.hr\/Webshop\/wp-json\/wp\/v2\/product\/7805","targetHints":{"allow":["GET"]}}],"collection":[{"href":"https:\/\/kralj-km.hr\/Webshop\/wp-json\/wp\/v2\/product"}],"about":[{"href":"https:\/\/kralj-km.hr\/Webshop\/wp-json\/wp\/v2\/types\/product"}],"replies":[{"embeddable":true,"href":"https:\/\/kralj-km.hr\/Webshop\/wp-json\/wp\/v2\/comments?post=7805"}],"wp:featuredmedia":[{"embeddable":true,"href":"https:\/\/kralj-km.hr\/Webshop\/wp-json\/wp\/v2\/media\/11891"}],"wp:attachment":[{"href":"https:\/\/kralj-km.hr\/Webshop\/wp-json\/wp\/v2\/media?parent=7805"}],"wp:term":[{"taxonomy":"product_brand","embeddable":true,"href":"https:\/\/kralj-km.hr\/Webshop\/wp-json\/wp\/v2\/product_brand?post=7805"},{"taxonomy":"product_cat","embeddable":true,"href":"https:\/\/kralj-km.hr\/Webshop\/wp-json\/wp\/v2\/product_cat?post=7805"},{"taxonomy":"product_tag","embeddable":true,"href":"https:\/\/kralj-km.hr\/Webshop\/wp-json\/wp\/v2\/product_tag?post=7805"}],"curies":[{"name":"wp","href":"https:\/\/api.w.org\/{rel}","templated":true}]}}