{"id":12337,"date":"2026-04-20T11:56:20","date_gmt":"2026-04-20T11:56:20","guid":{"rendered":"https:\/\/kralj-km.hr\/Webshop\/?post_type=product&#038;p=12337"},"modified":"2026-04-20T12:03:16","modified_gmt":"2026-04-20T12:03:16","slug":"noz-rotodrljace-maschio-300x100x12-desni-5600","status":"publish","type":"product","link":"https:\/\/kralj-km.hr\/Webshop\/product\/noz-rotodrljace-maschio-300x100x12-desni-5600\/","title":{"rendered":"NO\u017d ROTODRLJA\u010cE MASCHIO 300x100x12, DESNI &#8211; 5600"},"content":{"rendered":"<p>CIJENA BEZ PDV-a!<\/p>\n<p>Za rotodrlja\u010de: Maschio<\/p>\n<p>Za modele: DL, DS, DC<\/p>\n<p>Debljina: 12 mm<\/p>\n<p>\u0160irina: 100 mm<\/p>\n<p>Du\u017eina: 300 mm<\/p>\n<p>Razmak rupa: 60 mm<\/p>\n<p>Promjer rupe: 17 mm<\/p>\n<p>Desni<\/p>\n<p>Masa: 2,16 kg<\/p>\n","protected":false},"excerpt":{"rendered":"<p>CIJENA BEZ PDV-a! Za rotodrlja\u010de: Maschio Za modele: DL, DS, DC Debljina: 12 mm \u0160irina: 100 mm Du\u017eina: 300 mm Razmak rupa: 60 mm Promjer rupe: 17 mm Desni Masa: 2,16 kg<\/p>\n","protected":false},"featured_media":12338,"comment_status":"open","ping_status":"closed","template":"","meta":{"_acf_changed":false},"product_brand":[],"product_cat":[97],"product_tag":[],"class_list":{"0":"post-12337","1":"product","2":"type-product","3":"status-publish","4":"has-post-thumbnail","6":"product_cat-dijelovi-za-prikljucke","7":"product_shipping_class-dostava-paketa-2-3kg","9":"first","10":"instock","11":"taxable","12":"shipping-taxable","13":"purchasable","14":"product-type-simple"},"acf":[],"_links":{"self":[{"href":"https:\/\/kralj-km.hr\/Webshop\/wp-json\/wp\/v2\/product\/12337","targetHints":{"allow":["GET"]}}],"collection":[{"href":"https:\/\/kralj-km.hr\/Webshop\/wp-json\/wp\/v2\/product"}],"about":[{"href":"https:\/\/kralj-km.hr\/Webshop\/wp-json\/wp\/v2\/types\/product"}],"replies":[{"embeddable":true,"href":"https:\/\/kralj-km.hr\/Webshop\/wp-json\/wp\/v2\/comments?post=12337"}],"wp:featuredmedia":[{"embeddable":true,"href":"https:\/\/kralj-km.hr\/Webshop\/wp-json\/wp\/v2\/media\/12338"}],"wp:attachment":[{"href":"https:\/\/kralj-km.hr\/Webshop\/wp-json\/wp\/v2\/media?parent=12337"}],"wp:term":[{"taxonomy":"product_brand","embeddable":true,"href":"https:\/\/kralj-km.hr\/Webshop\/wp-json\/wp\/v2\/product_brand?post=12337"},{"taxonomy":"product_cat","embeddable":true,"href":"https:\/\/kralj-km.hr\/Webshop\/wp-json\/wp\/v2\/product_cat?post=12337"},{"taxonomy":"product_tag","embeddable":true,"href":"https:\/\/kralj-km.hr\/Webshop\/wp-json\/wp\/v2\/product_tag?post=12337"}],"curies":[{"name":"wp","href":"https:\/\/api.w.org\/{rel}","templated":true}]}}