{"id":12309,"date":"2026-03-31T09:57:23","date_gmt":"2026-03-31T09:57:23","guid":{"rendered":"https:\/\/kralj-km.hr\/Webshop\/?post_type=product&#038;p=12309"},"modified":"2026-04-10T06:02:11","modified_gmt":"2026-04-10T06:02:11","slug":"zracno-sjedalo-proboss-2408802480","status":"publish","type":"product","link":"https:\/\/kralj-km.hr\/Webshop\/product\/zracno-sjedalo-proboss-2408802480\/","title":{"rendered":"ZRA\u010cNO SJEDALO PROBOSS AS2480 &#8211; 2408802480"},"content":{"rendered":"<p>CIJENA BEZ PDV-a!<\/p>\n<p>Zra\u010dni ovjes s kompresorom od 12V<br \/>\nPrednji\/stra\u017enji izolator<br \/>\nKontinuirano pode\u0161avanje visine<br \/>\nUzdu\u017eno pode\u0161avanje<br \/>\nPode\u0161avanje nagiba naslona<br \/>\nMehani\u010dka lumbalna potpora<br \/>\nPodesivi udobni nasloni za ruke<br \/>\nPodesivo produ\u017eenje za le\u0111a<br \/>\n\u0160irina jastuka sjedala 480 mm<br \/>\nVisina sjedala 240-340 mm<br \/>\nTe\u017eina 35,5 kg<\/p>\n","protected":false},"excerpt":{"rendered":"<p>CIJENA BEZ PDV-a! Zra\u010dni ovjes s kompresorom od 12V Prednji\/stra\u017enji izolator Kontinuirano pode\u0161avanje visine Uzdu\u017eno pode\u0161avanje Pode\u0161avanje nagiba naslona Mehani\u010dka lumbalna potpora Podesivi udobni nasloni za ruke Podesivo produ\u017eenje za le\u0111a \u0160irina jastuka sjedala 480 mm Visina sjedala 240-340 mm Te\u017eina 35,5 kg<\/p>\n","protected":false},"featured_media":12310,"comment_status":"open","ping_status":"closed","template":"","meta":{"_acf_changed":false},"product_brand":[],"product_cat":[121,90],"product_tag":[],"class_list":{"0":"post-12309","1":"product","2":"type-product","3":"status-publish","4":"has-post-thumbnail","6":"product_cat-kabina","7":"product_cat-traktorski-dijelovi","8":"product_shipping_class-dostava-paketa-30-40kg","10":"first","11":"instock","12":"taxable","13":"shipping-taxable","14":"purchasable","15":"product-type-simple"},"acf":[],"_links":{"self":[{"href":"https:\/\/kralj-km.hr\/Webshop\/wp-json\/wp\/v2\/product\/12309","targetHints":{"allow":["GET"]}}],"collection":[{"href":"https:\/\/kralj-km.hr\/Webshop\/wp-json\/wp\/v2\/product"}],"about":[{"href":"https:\/\/kralj-km.hr\/Webshop\/wp-json\/wp\/v2\/types\/product"}],"replies":[{"embeddable":true,"href":"https:\/\/kralj-km.hr\/Webshop\/wp-json\/wp\/v2\/comments?post=12309"}],"wp:featuredmedia":[{"embeddable":true,"href":"https:\/\/kralj-km.hr\/Webshop\/wp-json\/wp\/v2\/media\/12310"}],"wp:attachment":[{"href":"https:\/\/kralj-km.hr\/Webshop\/wp-json\/wp\/v2\/media?parent=12309"}],"wp:term":[{"taxonomy":"product_brand","embeddable":true,"href":"https:\/\/kralj-km.hr\/Webshop\/wp-json\/wp\/v2\/product_brand?post=12309"},{"taxonomy":"product_cat","embeddable":true,"href":"https:\/\/kralj-km.hr\/Webshop\/wp-json\/wp\/v2\/product_cat?post=12309"},{"taxonomy":"product_tag","embeddable":true,"href":"https:\/\/kralj-km.hr\/Webshop\/wp-json\/wp\/v2\/product_tag?post=12309"}],"curies":[{"name":"wp","href":"https:\/\/api.w.org\/{rel}","templated":true}]}}