{"id":12203,"date":"2026-02-03T10:50:49","date_gmt":"2026-02-03T10:50:49","guid":{"rendered":"https:\/\/kralj-km.hr\/Webshop\/?post_type=product&#038;p=12203"},"modified":"2026-02-03T10:50:49","modified_gmt":"2026-02-03T10:50:49","slug":"retrovizor-grijani-12v-511009049001","status":"publish","type":"product","link":"https:\/\/kralj-km.hr\/Webshop\/product\/retrovizor-grijani-12v-511009049001\/","title":{"rendered":"RETROVIZOR GRIJANI 12V &#8211; 511009049001"},"content":{"rendered":"<p>CIJENA BEZ PDV-A!<\/p>\n<p>Dimenzije (mm): 382 x 232 x 122<br \/>\nVisina (mm): 382<br \/>\n\u0160irina (mm): 232<br \/>\nDuljina (mm): 122<br \/>\nRadijus zakrivljenosti (mm): 1200 \/ 240<br \/>\nVerzija: Grijana<br \/>\nRadni napon (V): 12<br \/>\nMjesto ugradnje: Desno \/ lijevo<br \/>\nMaterijal: ABS (akrilonitril butadien stiren)<br \/>\nBoja: Crna<br \/>\nNapomene: Ru\u010dno pode\u0161avanje<br \/>\nHomologacijska oznaka: E1 021165<br \/>\nDodatne informacije: 2-pinska priklju\u010dnica s prirubnicom<br \/>\nPromjer \u0161ipke \u00d8 (mm): 18 \u2013 22<br \/>\nTe\u017eina: 2,60 kg<\/p>\n","protected":false},"excerpt":{"rendered":"<p>CIJENA BEZ PDV-A! Dimenzije (mm): 382 x 232 x 122 Visina (mm): 382 \u0160irina (mm): 232 Duljina (mm): 122 Radijus zakrivljenosti (mm): 1200 \/ 240 Verzija: Grijana Radni napon (V): 12 Mjesto ugradnje: Desno \/ lijevo Materijal: ABS (akrilonitril butadien stiren) Boja: Crna Napomene: Ru\u010dno pode\u0161avanje Homologacijska oznaka: E1 021165 Dodatne informacije: 2-pinska priklju\u010dnica s [&hellip;]<\/p>\n","protected":false},"featured_media":12204,"comment_status":"open","ping_status":"closed","template":"","meta":{"_acf_changed":false},"product_brand":[],"product_cat":[121,90],"product_tag":[],"class_list":{"0":"post-12203","1":"product","2":"type-product","3":"status-publish","4":"has-post-thumbnail","6":"product_cat-kabina","7":"product_cat-traktorski-dijelovi","8":"product_shipping_class-dostava-paketa-3-5kg","10":"first","11":"instock","12":"taxable","13":"shipping-taxable","14":"purchasable","15":"product-type-simple"},"acf":[],"_links":{"self":[{"href":"https:\/\/kralj-km.hr\/Webshop\/wp-json\/wp\/v2\/product\/12203","targetHints":{"allow":["GET"]}}],"collection":[{"href":"https:\/\/kralj-km.hr\/Webshop\/wp-json\/wp\/v2\/product"}],"about":[{"href":"https:\/\/kralj-km.hr\/Webshop\/wp-json\/wp\/v2\/types\/product"}],"replies":[{"embeddable":true,"href":"https:\/\/kralj-km.hr\/Webshop\/wp-json\/wp\/v2\/comments?post=12203"}],"wp:featuredmedia":[{"embeddable":true,"href":"https:\/\/kralj-km.hr\/Webshop\/wp-json\/wp\/v2\/media\/12204"}],"wp:attachment":[{"href":"https:\/\/kralj-km.hr\/Webshop\/wp-json\/wp\/v2\/media?parent=12203"}],"wp:term":[{"taxonomy":"product_brand","embeddable":true,"href":"https:\/\/kralj-km.hr\/Webshop\/wp-json\/wp\/v2\/product_brand?post=12203"},{"taxonomy":"product_cat","embeddable":true,"href":"https:\/\/kralj-km.hr\/Webshop\/wp-json\/wp\/v2\/product_cat?post=12203"},{"taxonomy":"product_tag","embeddable":true,"href":"https:\/\/kralj-km.hr\/Webshop\/wp-json\/wp\/v2\/product_tag?post=12203"}],"curies":[{"name":"wp","href":"https:\/\/api.w.org\/{rel}","templated":true}]}}