{"id":12147,"date":"2026-02-02T09:16:08","date_gmt":"2026-02-02T09:16:08","guid":{"rendered":"https:\/\/kralj-km.hr\/Webshop\/?post_type=product&#038;p=12147"},"modified":"2026-02-02T09:16:08","modified_gmt":"2026-02-02T09:16:08","slug":"boja-crvena-manitou-1l-334508kr","status":"publish","type":"product","link":"https:\/\/kralj-km.hr\/Webshop\/product\/boja-crvena-manitou-1l-334508kr\/","title":{"rendered":"BOJA CRVENA, MANITOU 1l &#8211; 334508KR"},"content":{"rendered":"<p>Cijena bez PDV-a!<\/p>\n<table class=\"kh-1xzm1su\" data-intent=\"lists-product-attributes\" data-testid=\"attributes-list\">\n<tbody class=\"kh-1ago99h\">\n<tr id=\"taColourBrand\" class=\"kh-u6llvv\" data-testid=\"attribute-row\">\n<th class=\"kh-8yt023\">Boja brenda<\/th>\n<td class=\"kh-1yk0fx9\">\n<div class=\"kh-kvuntj\" data-testid=\"clamped-content-container\">Manitou<\/div>\n<\/td>\n<td class=\"kh-g31lgn\"><\/td>\n<\/tr>\n<tr id=\"taBaseColour\" class=\"kh-u6llvv\" data-testid=\"attribute-row\">\n<th class=\"kh-8yt023\">Osnovna boja<\/th>\n<td class=\"kh-1yk0fx9\">\n<div class=\"kh-kvuntj\" data-testid=\"clamped-content-container\">Crvena<\/div>\n<\/td>\n<td class=\"kh-g31lgn\"><\/td>\n<\/tr>\n<tr id=\"taBaseMedium\" class=\"kh-u6llvv\" data-testid=\"attribute-row\">\n<th class=\"kh-8yt023\">Osnovna baza<\/th>\n<td class=\"kh-1yk0fx9\">\n<div class=\"kh-kvuntj\" data-testid=\"clamped-content-container\">Umjetna smola<\/div>\n<\/td>\n<td class=\"kh-g31lgn\"><\/td>\n<\/tr>\n<tr id=\"taPackagingType_\" class=\"kh-u6llvv\" data-testid=\"attribute-row\">\n<th class=\"kh-8yt023\">Vrsta pakiranja<\/th>\n<td class=\"kh-1yk0fx9\">\n<div class=\"kh-kvuntj\" data-testid=\"clamped-content-container\">Kositar<\/div>\n<\/td>\n<td class=\"kh-g31lgn\"><\/td>\n<\/tr>\n<tr id=\"taDesignedForSurface_\" class=\"kh-u6llvv\" data-testid=\"attribute-row\">\n<th class=\"kh-8yt023\">Dizajniran za materijal<\/th>\n<td class=\"kh-1yk0fx9\">\n<div class=\"kh-kvuntj\" data-testid=\"clamped-content-container\">Metalni<\/div>\n<\/td>\n<td class=\"kh-g31lgn\"><\/td>\n<\/tr>\n<tr id=\"taIndustryApplication_4\" class=\"kh-u6llvv\" data-testid=\"attribute-row\">\n<th class=\"kh-8yt023\">Primjena u industriji<\/th>\n<td class=\"kh-1yk0fx9\">\n<ul>\n<li class=\"kh-16zd49f\">Automobilska industrija\/strojevi<\/li>\n<li class=\"kh-16zd49f\">Poljoprivreda<\/li>\n<\/ul>\n<\/td>\n<td class=\"kh-g31lgn\"><\/td>\n<\/tr>\n<tr id=\"taCategory_10\" class=\"kh-u6llvv\" data-testid=\"attribute-row\">\n<th class=\"kh-8yt023\">Kategorija<\/th>\n<td class=\"kh-1yk0fx9\">\n<div class=\"kh-kvuntj\" data-testid=\"clamped-content-container\">Boja vozila\/automobila<\/div>\n<\/td>\n<td class=\"kh-g31lgn\"><\/td>\n<\/tr>\n<tr id=\"taAmountPerPackageVolume\" class=\"kh-u6llvv\" data-testid=\"attribute-row\">\n<th class=\"kh-8yt023\">Sadr\u017eaj<\/th>\n<td class=\"kh-1yk0fx9\">\n<div class=\"kh-kvuntj\" data-testid=\"clamped-content-container\">1\u00a0l<\/div>\n<\/td>\n<td class=\"kh-g31lgn\"><\/td>\n<\/tr>\n<tr id=\"taShineLevel\" class=\"kh-u6llvv\" data-testid=\"attribute-row\">\n<th class=\"kh-8yt023\">Razina sjaja<\/th>\n<td class=\"kh-1yk0fx9\">\n<div class=\"kh-kvuntj\" data-testid=\"clamped-content-container\">Visoki sjaj<\/div>\n<\/td>\n<td class=\"kh-g31lgn\"><\/td>\n<\/tr>\n<tr id=\"taShineLevelCode\" class=\"kh-u6llvv\" data-testid=\"attribute-row\">\n<th class=\"kh-8yt023\">\u0160ifra razine sjaja<\/th>\n<td class=\"kh-1yk0fx9\">\n<div class=\"kh-kvuntj\" data-testid=\"clamped-content-container\">vi\u0161e od 80<\/div>\n<\/td>\n<td class=\"kh-g31lgn\"><\/td>\n<\/tr>\n<tr id=\"taTheoreticalCoverageAreaPerLiterSqM\" class=\"kh-u6llvv\" data-testid=\"attribute-row\">\n<th class=\"kh-8yt023\">Maksimalna povr\u0161ina pokrivanja po 1 l<\/th>\n<td class=\"kh-1yk0fx9\">\n<div class=\"kh-kvuntj\" data-testid=\"clamped-content-container\">7,5\u00a0m\u00b2<\/div>\n<\/td>\n<td class=\"kh-g31lgn\"><\/td>\n<\/tr>\n<tr id=\"taDustDryTimeRangeMin\" class=\"kh-u6llvv\" data-testid=\"attribute-row\">\n<th class=\"kh-8yt023\">Otporna na pra\u0161inu nakon<\/th>\n<td class=\"kh-1yk0fx9\">\n<div class=\"kh-kvuntj\" data-testid=\"clamped-content-container\">40-45\u00a0min<\/div>\n<\/td>\n<td class=\"kh-g31lgn\"><\/td>\n<\/tr>\n<tr id=\"taTackDryTimeRangeMin\" class=\"kh-u6llvv\" data-testid=\"attribute-row\">\n<th class=\"kh-8yt023\">Vrijeme su\u0161enja<\/th>\n<td class=\"kh-1yk0fx9\">\n<div class=\"kh-kvuntj\" data-testid=\"clamped-content-container\">6-8\u00a0h<\/div>\n<\/td>\n<td class=\"kh-g31lgn\"><\/td>\n<\/tr>\n<tr id=\"taCuredTimeH\" class=\"kh-u6llvv\" data-testid=\"attribute-row\">\n<th class=\"kh-8yt023\">Vrijeme su\u0161enja<\/th>\n<td class=\"kh-1yk0fx9\">\n<div class=\"kh-kvuntj\" data-testid=\"clamped-content-container\">24\u00a0h<\/div>\n<\/td>\n<td class=\"kh-g31lgn\"><\/td>\n<\/tr>\n<tr id=\"taFinalCuringTimeDay\" class=\"kh-u6llvv\" data-testid=\"attribute-row\">\n<th class=\"kh-8yt023\">Potpuna suho\u0107a<\/th>\n<td class=\"kh-1yk0fx9\">\n<div class=\"kh-kvuntj\" data-testid=\"clamped-content-container\">7\u00a0day(s)<\/div>\n<\/td>\n<td class=\"kh-g31lgn\"><\/td>\n<\/tr>\n<tr id=\"taMinProcessingTemperatureCelDeg\" class=\"kh-u6llvv\" data-testid=\"attribute-row\">\n<th class=\"kh-8yt023\">Min. temperatura obrade<\/th>\n<td class=\"kh-1yk0fx9\">\n<div class=\"kh-kvuntj\" data-testid=\"clamped-content-container\">10\u00a0\u00b0C<\/div>\n<\/td>\n<td class=\"kh-g31lgn\"><\/td>\n<\/tr>\n<tr id=\"taHeatResistantTemperatureCelDeg\" class=\"kh-u6llvv\" data-testid=\"attribute-row\">\n<th class=\"kh-8yt023\">Otporno na temperaturu do<\/th>\n<td class=\"kh-1yk0fx9\">\n<div class=\"kh-kvuntj\" data-testid=\"clamped-content-container\">130\u00a0\u00b0C<\/div>\n<\/td>\n<td class=\"kh-g31lgn\"><\/td>\n<\/tr>\n<tr id=\"taFlashPointCelDeg\" class=\"kh-u6llvv\" data-testid=\"attribute-row\">\n<th class=\"kh-8yt023\">Temperatura zapaljivosti<\/th>\n<td class=\"kh-1yk0fx9\">\n<div class=\"kh-kvuntj\" data-testid=\"clamped-content-container\">29\u00a0\u00b0C<\/div>\n<\/td>\n<td class=\"kh-g31lgn\"><\/td>\n<\/tr>\n<tr id=\"taVOCContentPercentage\" class=\"kh-u6llvv\" data-testid=\"attribute-row\">\n<th class=\"kh-8yt023\">HOS sadr\u017eaj<\/th>\n<td class=\"kh-1yk0fx9\">\n<div class=\"kh-kvuntj\" data-testid=\"clamped-content-container\">45\u00a0%<\/div>\n<\/td>\n<\/tr>\n<\/tbody>\n<\/table>\n","protected":false},"excerpt":{"rendered":"<p>Cijena bez PDV-a! Boja brenda Manitou Osnovna boja Crvena Osnovna baza Umjetna smola Vrsta pakiranja Kositar Dizajniran za materijal Metalni Primjena u industriji Automobilska industrija\/strojevi Poljoprivreda Kategorija Boja vozila\/automobila Sadr\u017eaj 1\u00a0l Razina sjaja Visoki sjaj \u0160ifra razine sjaja vi\u0161e od 80 Maksimalna povr\u0161ina pokrivanja po 1 l 7,5\u00a0m\u00b2 Otporna na pra\u0161inu nakon 40-45\u00a0min Vrijeme su\u0161enja [&hellip;]<\/p>\n","protected":false},"featured_media":12148,"comment_status":"open","ping_status":"closed","template":"","meta":{"_acf_changed":false},"product_brand":[],"product_cat":[31],"product_tag":[],"class_list":{"0":"post-12147","1":"product","2":"type-product","3":"status-publish","4":"has-post-thumbnail","6":"product_cat-boje-i-sprejevi","7":"product_shipping_class-dostava-paketa-do-2kg","9":"first","10":"instock","11":"taxable","12":"shipping-taxable","13":"purchasable","14":"product-type-simple"},"acf":[],"_links":{"self":[{"href":"https:\/\/kralj-km.hr\/Webshop\/wp-json\/wp\/v2\/product\/12147","targetHints":{"allow":["GET"]}}],"collection":[{"href":"https:\/\/kralj-km.hr\/Webshop\/wp-json\/wp\/v2\/product"}],"about":[{"href":"https:\/\/kralj-km.hr\/Webshop\/wp-json\/wp\/v2\/types\/product"}],"replies":[{"embeddable":true,"href":"https:\/\/kralj-km.hr\/Webshop\/wp-json\/wp\/v2\/comments?post=12147"}],"wp:featuredmedia":[{"embeddable":true,"href":"https:\/\/kralj-km.hr\/Webshop\/wp-json\/wp\/v2\/media\/12148"}],"wp:attachment":[{"href":"https:\/\/kralj-km.hr\/Webshop\/wp-json\/wp\/v2\/media?parent=12147"}],"wp:term":[{"taxonomy":"product_brand","embeddable":true,"href":"https:\/\/kralj-km.hr\/Webshop\/wp-json\/wp\/v2\/product_brand?post=12147"},{"taxonomy":"product_cat","embeddable":true,"href":"https:\/\/kralj-km.hr\/Webshop\/wp-json\/wp\/v2\/product_cat?post=12147"},{"taxonomy":"product_tag","embeddable":true,"href":"https:\/\/kralj-km.hr\/Webshop\/wp-json\/wp\/v2\/product_tag?post=12147"}],"curies":[{"name":"wp","href":"https:\/\/api.w.org\/{rel}","templated":true}]}}