{"id":11832,"date":"2025-10-08T08:30:36","date_gmt":"2025-10-08T08:30:36","guid":{"rendered":"https:\/\/kralj-km.hr\/Webshop\/?post_type=product&#038;p=11832"},"modified":"2025-10-08T08:30:36","modified_gmt":"2025-10-08T08:30:36","slug":"filter-goriva-mann-wdk-940-20","status":"publish","type":"product","link":"https:\/\/kralj-km.hr\/Webshop\/product\/filter-goriva-mann-wdk-940-20\/","title":{"rendered":"Filter goriva MANN &#8211; WDK 940\/20"},"content":{"rendered":"<p>Cijena bez PDV-a!<\/p>\n<table class=\"kh-1xzm1su\" data-intent=\"lists-product-attributes\" data-testid=\"attributes-list\">\n<tbody class=\"kh-1ago99h\">\n<tr id=\"brand\" class=\"kh-u6llvv\" data-testid=\"attribute-row\">\n<th class=\"kh-8yt023\">M\u00e1rka<\/th>\n<td class=\"kh-1yk0fx9\">\n<div class=\"kh-kvuntj\" data-testid=\"clamped-content-container\">MANN-FILTER<\/div>\n<\/td>\n<td class=\"kh-g31lgn\"><\/td>\n<\/tr>\n<tr id=\"taMedium_3\" class=\"kh-u6llvv\" data-testid=\"attribute-row\">\n<th class=\"kh-8yt023\">Gorivo<\/th>\n<td class=\"kh-1yk0fx9\">\n<div class=\"kh-kvuntj\" data-testid=\"clamped-content-container\">Gorivo<\/div>\n<\/td>\n<td class=\"kh-g31lgn\"><\/td>\n<\/tr>\n<tr id=\"taMountingThreadDiameterMm_\" class=\"kh-u6llvv\" data-testid=\"attribute-row\">\n<th class=\"kh-8yt023\">Promjer navoja za monta\u017eu<\/th>\n<td class=\"kh-1yk0fx9\">\n<div class=\"kh-kvuntj\" data-testid=\"clamped-content-container\">M18<\/div>\n<\/td>\n<td class=\"kh-g31lgn\"><\/td>\n<\/tr>\n<tr id=\"taMountingPitchOfThread\" class=\"kh-u6llvv\" data-testid=\"attribute-row\">\n<th class=\"kh-8yt023\">Korak navoja<\/th>\n<td class=\"kh-1yk0fx9\">\n<div class=\"kh-kvuntj\" data-testid=\"clamped-content-container\">1.50\u00a0mm<\/div>\n<\/td>\n<td class=\"kh-g31lgn\"><\/td>\n<\/tr>\n<tr id=\"taMountingThreadType\" class=\"kh-u6llvv\" data-testid=\"attribute-row\">\n<th class=\"kh-8yt023\">Vrsta navoja za monta\u017eu<\/th>\n<td class=\"kh-1yk0fx9\">\n<div class=\"kh-kvuntj\" data-testid=\"clamped-content-container\">Metri\u010dki<\/div>\n<\/td>\n<td class=\"kh-g31lgn\"><\/td>\n<\/tr>\n<tr id=\"taBypass\" class=\"kh-u6llvv\" data-testid=\"attribute-row\">\n<th class=\"kh-8yt023\">Premo\u0161\u0107ivanje<\/th>\n<td class=\"kh-1yk0fx9\">\n<div class=\"kh-kvuntj\" data-testid=\"clamped-content-container\">Ne<\/div>\n<\/td>\n<td class=\"kh-g31lgn\"><\/td>\n<\/tr>\n<tr id=\"taBypassOpeningPressureBar\" class=\"kh-u6llvv\" data-testid=\"attribute-row\">\n<th class=\"kh-8yt023\">Tlak otvaranja premosnice<\/th>\n<td class=\"kh-1yk0fx9\">\n<div class=\"kh-kvuntj\" data-testid=\"clamped-content-container\">10\u00a0BAR<\/div>\n<\/td>\n<td class=\"kh-g31lgn\"><\/td>\n<\/tr>\n<tr id=\"taLengthMm_41\" class=\"kh-u6llvv\" data-testid=\"attribute-row\">\n<th class=\"kh-8yt023\">Du\u017eina<\/th>\n<td class=\"kh-1yk0fx9\">\n<div class=\"kh-kvuntj\" data-testid=\"clamped-content-container\">147\u00a0mm<\/div>\n<\/td>\n<td class=\"kh-g31lgn\"><\/td>\n<\/tr>\n<tr id=\"taOutsideDiameterMm_32\" class=\"kh-u6llvv\" data-testid=\"attribute-row\">\n<th class=\"kh-8yt023\">Vanjski promjer<\/th>\n<td class=\"kh-1yk0fx9\">\n<div class=\"kh-kvuntj\" data-testid=\"clamped-content-container\">93\u00a0mm<\/div>\n<\/td>\n<td class=\"kh-g31lgn\"><\/td>\n<\/tr>\n<tr id=\"taInsideDiameterMm_23\" class=\"kh-u6llvv\" data-testid=\"attribute-row\">\n<th class=\"kh-8yt023\">Unutarnji promjer<\/th>\n<td class=\"kh-1yk0fx9\">\n<ul>\n<li class=\"kh-16zd49f\">63\u00a0mm<\/li>\n<li class=\"kh-16zd49f\">72\u00a0mm<\/li>\n<\/ul>\n<\/td>\n<td class=\"kh-g31lgn\"><\/td>\n<\/tr>\n<tr id=\"taSealingOutsideDiameterMm\" class=\"kh-u6llvv\" data-testid=\"attribute-row\">\n<th class=\"kh-8yt023\">Vanjski promjer brtve<\/th>\n<td class=\"kh-1yk0fx9\">\n<div class=\"kh-kvuntj\" data-testid=\"clamped-content-container\">72\u00a0mm<\/div>\n<\/td>\n<td class=\"kh-g31lgn\"><\/td>\n<\/tr>\n<tr id=\"taSealingInsideDiameterMm\" class=\"kh-u6llvv\" data-testid=\"attribute-row\">\n<th class=\"kh-8yt023\">Unutarnji promjer brtve<\/th>\n<td class=\"kh-1yk0fx9\">\n<div class=\"kh-kvuntj\" data-testid=\"clamped-content-container\">63\u00a0mm<\/div>\n<\/td>\n<\/tr>\n<\/tbody>\n<\/table>\n","protected":false},"excerpt":{"rendered":"<p>Cijena bez PDV-a! M\u00e1rka MANN-FILTER Gorivo Gorivo Promjer navoja za monta\u017eu M18 Korak navoja 1.50\u00a0mm Vrsta navoja za monta\u017eu Metri\u010dki Premo\u0161\u0107ivanje Ne Tlak otvaranja premosnice 10\u00a0BAR Du\u017eina 147\u00a0mm Vanjski promjer 93\u00a0mm Unutarnji promjer 63\u00a0mm 72\u00a0mm Vanjski promjer brtve 72\u00a0mm Unutarnji promjer brtve 63\u00a0mm<\/p>\n","protected":false},"featured_media":11833,"comment_status":"open","ping_status":"closed","template":"","meta":{"_acf_changed":false},"product_brand":[],"product_cat":[118,90],"product_tag":[],"class_list":{"0":"post-11832","1":"product","2":"type-product","3":"status-publish","4":"has-post-thumbnail","6":"product_cat-filteri","7":"product_cat-traktorski-dijelovi","8":"product_shipping_class-dostava-paketa-do-2kg","10":"first","11":"instock","12":"taxable","13":"shipping-taxable","14":"purchasable","15":"product-type-simple"},"acf":[],"_links":{"self":[{"href":"https:\/\/kralj-km.hr\/Webshop\/wp-json\/wp\/v2\/product\/11832","targetHints":{"allow":["GET"]}}],"collection":[{"href":"https:\/\/kralj-km.hr\/Webshop\/wp-json\/wp\/v2\/product"}],"about":[{"href":"https:\/\/kralj-km.hr\/Webshop\/wp-json\/wp\/v2\/types\/product"}],"replies":[{"embeddable":true,"href":"https:\/\/kralj-km.hr\/Webshop\/wp-json\/wp\/v2\/comments?post=11832"}],"wp:featuredmedia":[{"embeddable":true,"href":"https:\/\/kralj-km.hr\/Webshop\/wp-json\/wp\/v2\/media\/11833"}],"wp:attachment":[{"href":"https:\/\/kralj-km.hr\/Webshop\/wp-json\/wp\/v2\/media?parent=11832"}],"wp:term":[{"taxonomy":"product_brand","embeddable":true,"href":"https:\/\/kralj-km.hr\/Webshop\/wp-json\/wp\/v2\/product_brand?post=11832"},{"taxonomy":"product_cat","embeddable":true,"href":"https:\/\/kralj-km.hr\/Webshop\/wp-json\/wp\/v2\/product_cat?post=11832"},{"taxonomy":"product_tag","embeddable":true,"href":"https:\/\/kralj-km.hr\/Webshop\/wp-json\/wp\/v2\/product_tag?post=11832"}],"curies":[{"name":"wp","href":"https:\/\/api.w.org\/{rel}","templated":true}]}}