{"id":11824,"date":"2025-10-08T08:08:27","date_gmt":"2025-10-08T08:08:27","guid":{"rendered":"https:\/\/kralj-km.hr\/Webshop\/?post_type=product&#038;p=11824"},"modified":"2025-10-08T08:08:27","modified_gmt":"2025-10-08T08:08:27","slug":"filter-goriva-mann-wk-8106","status":"publish","type":"product","link":"https:\/\/kralj-km.hr\/Webshop\/product\/filter-goriva-mann-wk-8106\/","title":{"rendered":"Filter goriva MANN &#8211; WK 8106"},"content":{"rendered":"<p>Cijena bez PDV-a!<\/p>\n<p>A (mm): 128<br \/>\nVanjski \u00d8 (mm): 128<br \/>\nB (mm): 94<br \/>\n\u0160irina (mm): 94<br \/>\nVisina (mm): 83<br \/>\nUnutarnji \u00d8 (mm): 94<br \/>\nDuljina (mm): 128<br \/>\nMANN br.: WK8106<br \/>\nH (mm): 83<br \/>\nSpecifikacija: Dizel<br \/>\nTe\u017eina: 480 g<\/p>\n","protected":false},"excerpt":{"rendered":"<p>Cijena bez PDV-a! A (mm): 128 Vanjski \u00d8 (mm): 128 B (mm): 94 \u0160irina (mm): 94 Visina (mm): 83 Unutarnji \u00d8 (mm): 94 Duljina (mm): 128 MANN br.: WK8106 H (mm): 83 Specifikacija: Dizel Te\u017eina: 480 g<\/p>\n","protected":false},"featured_media":11825,"comment_status":"open","ping_status":"closed","template":"","meta":{"_acf_changed":false},"product_brand":[],"product_cat":[118,90],"product_tag":[],"class_list":{"0":"post-11824","1":"product","2":"type-product","3":"status-publish","4":"has-post-thumbnail","6":"product_cat-filteri","7":"product_cat-traktorski-dijelovi","8":"product_shipping_class-dostava-paketa-do-2kg","10":"first","11":"instock","12":"taxable","13":"shipping-taxable","14":"purchasable","15":"product-type-simple"},"acf":[],"_links":{"self":[{"href":"https:\/\/kralj-km.hr\/Webshop\/wp-json\/wp\/v2\/product\/11824","targetHints":{"allow":["GET"]}}],"collection":[{"href":"https:\/\/kralj-km.hr\/Webshop\/wp-json\/wp\/v2\/product"}],"about":[{"href":"https:\/\/kralj-km.hr\/Webshop\/wp-json\/wp\/v2\/types\/product"}],"replies":[{"embeddable":true,"href":"https:\/\/kralj-km.hr\/Webshop\/wp-json\/wp\/v2\/comments?post=11824"}],"wp:featuredmedia":[{"embeddable":true,"href":"https:\/\/kralj-km.hr\/Webshop\/wp-json\/wp\/v2\/media\/11825"}],"wp:attachment":[{"href":"https:\/\/kralj-km.hr\/Webshop\/wp-json\/wp\/v2\/media?parent=11824"}],"wp:term":[{"taxonomy":"product_brand","embeddable":true,"href":"https:\/\/kralj-km.hr\/Webshop\/wp-json\/wp\/v2\/product_brand?post=11824"},{"taxonomy":"product_cat","embeddable":true,"href":"https:\/\/kralj-km.hr\/Webshop\/wp-json\/wp\/v2\/product_cat?post=11824"},{"taxonomy":"product_tag","embeddable":true,"href":"https:\/\/kralj-km.hr\/Webshop\/wp-json\/wp\/v2\/product_tag?post=11824"}],"curies":[{"name":"wp","href":"https:\/\/api.w.org\/{rel}","templated":true}]}}