{"id":11813,"date":"2025-10-08T07:40:10","date_gmt":"2025-10-08T07:40:10","guid":{"rendered":"https:\/\/kralj-km.hr\/Webshop\/?post_type=product&#038;p=11813"},"modified":"2025-10-08T07:40:10","modified_gmt":"2025-10-08T07:40:10","slug":"donja-poteznica-kat-2-960-mm-z628961kr","status":"publish","type":"product","link":"https:\/\/kralj-km.hr\/Webshop\/product\/donja-poteznica-kat-2-960-mm-z628961kr\/","title":{"rendered":"Donja poteznica kat.2 &#8211; 960 mm &#8211; Z628961KR"},"content":{"rendered":"<p>Cijena bez PDV-a!<\/p>\n<p data-start=\"0\" data-end=\"57\">E Prva rupa do kraja glavnog dijela \u2013 udaljenost: 92 mm<\/p>\n<p data-start=\"59\" data-end=\"84\">H Promjer otvora: 33 mm<\/p>\n<p data-start=\"86\" data-end=\"119\">F Udaljenost izme\u0111u rupa: 80 mm<\/p>\n<p data-start=\"121\" data-end=\"136\">Broj rupa: 9<\/p>\n<p data-start=\"138\" data-end=\"173\">I Promjer monta\u017enih rupa: 11,5 mm<\/p>\n<p data-start=\"175\" data-end=\"210\">G Promjer poteznog klina: 28,3 mm<\/p>\n<p data-start=\"212\" data-end=\"235\">D Du\u017eina klina: 50 mm<\/p>\n<p data-start=\"237\" data-end=\"262\">A Ukupna du\u017eina: 920 mm<\/p>\n<p data-start=\"264\" data-end=\"307\" data-is-last-node=\"\" data-is-only-node=\"\">B C \u0160irina (promjer) profila: 30 mm, 79 mm<\/p>\n","protected":false},"excerpt":{"rendered":"<p>Cijena bez PDV-a! E Prva rupa do kraja glavnog dijela \u2013 udaljenost: 92 mm H Promjer otvora: 33 mm F Udaljenost izme\u0111u rupa: 80 mm Broj rupa: 9 I Promjer monta\u017enih rupa: 11,5 mm G Promjer poteznog klina: 28,3 mm D Du\u017eina klina: 50 mm A Ukupna du\u017eina: 920 mm B C \u0160irina (promjer) profila: [&hellip;]<\/p>\n","protected":false},"featured_media":11814,"comment_status":"open","ping_status":"closed","template":"","meta":{"_acf_changed":false},"product_brand":[],"product_cat":[112],"product_tag":[],"class_list":{"0":"post-11813","1":"product","2":"type-product","3":"status-publish","4":"has-post-thumbnail","6":"product_cat-kugle-i-poteznice","7":"product_shipping_class-dostava-paketa-10-15kg","9":"first","10":"instock","11":"taxable","12":"shipping-taxable","13":"purchasable","14":"product-type-simple"},"acf":[],"_links":{"self":[{"href":"https:\/\/kralj-km.hr\/Webshop\/wp-json\/wp\/v2\/product\/11813","targetHints":{"allow":["GET"]}}],"collection":[{"href":"https:\/\/kralj-km.hr\/Webshop\/wp-json\/wp\/v2\/product"}],"about":[{"href":"https:\/\/kralj-km.hr\/Webshop\/wp-json\/wp\/v2\/types\/product"}],"replies":[{"embeddable":true,"href":"https:\/\/kralj-km.hr\/Webshop\/wp-json\/wp\/v2\/comments?post=11813"}],"wp:featuredmedia":[{"embeddable":true,"href":"https:\/\/kralj-km.hr\/Webshop\/wp-json\/wp\/v2\/media\/11814"}],"wp:attachment":[{"href":"https:\/\/kralj-km.hr\/Webshop\/wp-json\/wp\/v2\/media?parent=11813"}],"wp:term":[{"taxonomy":"product_brand","embeddable":true,"href":"https:\/\/kralj-km.hr\/Webshop\/wp-json\/wp\/v2\/product_brand?post=11813"},{"taxonomy":"product_cat","embeddable":true,"href":"https:\/\/kralj-km.hr\/Webshop\/wp-json\/wp\/v2\/product_cat?post=11813"},{"taxonomy":"product_tag","embeddable":true,"href":"https:\/\/kralj-km.hr\/Webshop\/wp-json\/wp\/v2\/product_tag?post=11813"}],"curies":[{"name":"wp","href":"https:\/\/api.w.org\/{rel}","templated":true}]}}