{"id":11779,"date":"2025-10-02T08:22:08","date_gmt":"2025-10-02T08:22:08","guid":{"rendered":"https:\/\/kralj-km.hr\/Webshop\/?post_type=product&#038;p=11779"},"modified":"2025-10-02T08:22:08","modified_gmt":"2025-10-02T08:22:08","slug":"kombinirana-sumarska-kaciga-52470003","status":"publish","type":"product","link":"https:\/\/kralj-km.hr\/Webshop\/product\/kombinirana-sumarska-kaciga-52470003\/","title":{"rendered":"Kombinirana \u0161umarska kaciga &#8211; 52470003"},"content":{"rendered":"<p>Cijena bez PDV-a!<\/p>\n<table class=\"kh-1xzm1su\" data-intent=\"lists-product-attributes\" data-testid=\"attributes-list\">\n<tbody class=\"kh-1ago99h\">\n<tr id=\"taSizeRangeMm\" class=\"kh-u6llvv\" data-testid=\"attribute-row\">\n<th class=\"kh-8yt023\">Raspon veli\u010dina<\/th>\n<td class=\"kh-1yk0fx9\">\n<div class=\"kh-kvuntj\" data-testid=\"clamped-content-container\">530-630\u00a0mm<\/div>\n<\/td>\n<td class=\"kh-g31lgn\"><\/td>\n<\/tr>\n<tr id=\"taColour_61\" class=\"kh-u6llvv\" data-testid=\"attribute-row\">\n<th class=\"kh-8yt023\">Boja<\/th>\n<td class=\"kh-1yk0fx9\">\n<div class=\"kh-kvuntj\" data-testid=\"clamped-content-container\">Naran\u010dasta<\/div>\n<\/td>\n<td class=\"kh-g31lgn\"><\/td>\n<\/tr>\n<tr id=\"taHighVisibilitySignalColours\" class=\"kh-u6llvv\" data-testid=\"attribute-row\">\n<th class=\"kh-8yt023\">Visoka vidljivost (signalne boje)<\/th>\n<td class=\"kh-1yk0fx9\">\n<div class=\"kh-kvuntj\" data-testid=\"clamped-content-container\">Ne<\/div>\n<\/td>\n<td class=\"kh-g31lgn\"><\/td>\n<\/tr>\n<tr id=\"taSuspensionType\" class=\"kh-u6llvv\" data-testid=\"attribute-row\">\n<th class=\"kh-8yt023\">Ovjes<\/th>\n<td class=\"kh-1yk0fx9\">\n<div class=\"kh-kvuntj\" data-testid=\"clamped-content-container\">6-point<\/div>\n<\/td>\n<td class=\"kh-g31lgn\"><\/td>\n<\/tr>\n<tr id=\"taAdjustmentType_\" class=\"kh-u6llvv\" data-testid=\"attribute-row\">\n<th class=\"kh-8yt023\">Podesivi element<\/th>\n<td class=\"kh-1yk0fx9\">\n<div class=\"kh-kvuntj\" data-testid=\"clamped-content-container\">Trake za zatezanje<\/div>\n<\/td>\n<td class=\"kh-g31lgn\"><\/td>\n<\/tr>\n<tr id=\"taWithSweatBand\" class=\"kh-u6llvv\" data-testid=\"attribute-row\">\n<th class=\"kh-8yt023\">S trakom za znoj<\/th>\n<td class=\"kh-1yk0fx9\">\n<div class=\"kh-kvuntj\" data-testid=\"clamped-content-container\">&#8211;<\/div>\n<\/td>\n<td class=\"kh-g31lgn\"><\/td>\n<\/tr>\n<tr id=\"taWithEarMuff\" class=\"kh-u6llvv\" data-testid=\"attribute-row\">\n<th class=\"kh-8yt023\">Sa \u0161titnicima za u\u0161i<\/th>\n<td class=\"kh-1yk0fx9\">\n<div class=\"kh-kvuntj\" data-testid=\"clamped-content-container\">Da<\/div>\n<\/td>\n<td class=\"kh-g31lgn\"><\/td>\n<\/tr>\n<tr id=\"taWithFacialShield\" class=\"kh-u6llvv\" data-testid=\"attribute-row\">\n<th class=\"kh-8yt023\">Sa \u0161titnikom za lice<\/th>\n<td class=\"kh-1yk0fx9\">\n<div class=\"kh-kvuntj\" data-testid=\"clamped-content-container\">Da<\/div>\n<\/td>\n<td class=\"kh-g31lgn\"><\/td>\n<\/tr>\n<tr id=\"taWithNeckProtection\" class=\"kh-u6llvv\" data-testid=\"attribute-row\">\n<th class=\"kh-8yt023\">Sa za\u0161titom za vrat<\/th>\n<td class=\"kh-1yk0fx9\">\n<div class=\"kh-kvuntj\" data-testid=\"clamped-content-container\">Ne<\/div>\n<\/td>\n<td class=\"kh-g31lgn\"><\/td>\n<\/tr>\n<tr id=\"taIndustryApplication_2\" class=\"kh-u6llvv\" data-testid=\"attribute-row\">\n<th class=\"kh-8yt023\">Primjena u industriji<\/th>\n<td class=\"kh-1yk0fx9\">\n<ul>\n<li class=\"kh-16zd49f\">\u0160umarstvo<\/li>\n<li class=\"kh-16zd49f\">Vrtlarstvo<\/li>\n<li class=\"kh-16zd49f\">Roadworks<\/li>\n<li class=\"kh-16zd49f\">Poljoprivreda<\/li>\n<\/ul>\n<\/td>\n<\/tr>\n<\/tbody>\n<\/table>\n","protected":false},"excerpt":{"rendered":"<p>Cijena bez PDV-a! Raspon veli\u010dina 530-630\u00a0mm Boja Naran\u010dasta Visoka vidljivost (signalne boje) Ne Ovjes 6-point Podesivi element Trake za zatezanje S trakom za znoj &#8211; Sa \u0161titnicima za u\u0161i Da Sa \u0161titnikom za lice Da Sa za\u0161titom za vrat Ne Primjena u industriji \u0160umarstvo Vrtlarstvo Roadworks Poljoprivreda<\/p>\n","protected":false},"featured_media":11780,"comment_status":"open","ping_status":"closed","template":"","meta":{"_acf_changed":false},"product_brand":[],"product_cat":[38],"product_tag":[],"class_list":{"0":"post-11779","1":"product","2":"type-product","3":"status-publish","4":"has-post-thumbnail","6":"product_cat-sumarska-oprema","7":"product_shipping_class-dostava-paketa-do-2kg","9":"first","10":"instock","11":"taxable","12":"shipping-taxable","13":"purchasable","14":"product-type-simple"},"acf":[],"_links":{"self":[{"href":"https:\/\/kralj-km.hr\/Webshop\/wp-json\/wp\/v2\/product\/11779","targetHints":{"allow":["GET"]}}],"collection":[{"href":"https:\/\/kralj-km.hr\/Webshop\/wp-json\/wp\/v2\/product"}],"about":[{"href":"https:\/\/kralj-km.hr\/Webshop\/wp-json\/wp\/v2\/types\/product"}],"replies":[{"embeddable":true,"href":"https:\/\/kralj-km.hr\/Webshop\/wp-json\/wp\/v2\/comments?post=11779"}],"wp:featuredmedia":[{"embeddable":true,"href":"https:\/\/kralj-km.hr\/Webshop\/wp-json\/wp\/v2\/media\/11780"}],"wp:attachment":[{"href":"https:\/\/kralj-km.hr\/Webshop\/wp-json\/wp\/v2\/media?parent=11779"}],"wp:term":[{"taxonomy":"product_brand","embeddable":true,"href":"https:\/\/kralj-km.hr\/Webshop\/wp-json\/wp\/v2\/product_brand?post=11779"},{"taxonomy":"product_cat","embeddable":true,"href":"https:\/\/kralj-km.hr\/Webshop\/wp-json\/wp\/v2\/product_cat?post=11779"},{"taxonomy":"product_tag","embeddable":true,"href":"https:\/\/kralj-km.hr\/Webshop\/wp-json\/wp\/v2\/product_tag?post=11779"}],"curies":[{"name":"wp","href":"https:\/\/api.w.org\/{rel}","templated":true}]}}