{"id":11439,"date":"2025-04-17T09:48:10","date_gmt":"2025-04-17T09:48:10","guid":{"rendered":"https:\/\/kralj-km.hr\/Webshop\/?post_type=product&#038;p=11439"},"modified":"2026-01-28T08:53:23","modified_gmt":"2026-01-28T08:53:23","slug":"aditiv-za-gorivo-john-deere-1-1-mcty27837","status":"publish","type":"product","link":"https:\/\/kralj-km.hr\/Webshop\/product\/aditiv-za-gorivo-john-deere-1-1-mcty27837\/","title":{"rendered":"Aditiv za gorivo John Deere 1\/1 &#8211; MCTY27837"},"content":{"rendered":"<p>Cijena bez PDV-a!<\/p>\n<p>Dodatak gorivu za dugovje\u010dan radi injektora te pobolj\u0161ano paljenje motora. Tako\u0111er smanjuje grubost praznog hoda, ispu\u0161ne plinove, naslage, gubitak snage..<\/p>\n","protected":false},"excerpt":{"rendered":"<p>Cijena bez PDV-a! Dodatak gorivu za dugovje\u010dan radi injektora te pobolj\u0161ano paljenje motora. Tako\u0111er smanjuje grubost praznog hoda, ispu\u0161ne plinove, naslage, gubitak snage..<\/p>\n","protected":false},"featured_media":11440,"comment_status":"open","ping_status":"closed","template":"","meta":{"_acf_changed":false},"product_brand":[],"product_cat":[33],"product_tag":[],"class_list":{"0":"post-11439","1":"product","2":"type-product","3":"status-publish","4":"has-post-thumbnail","6":"product_cat-ulja","7":"product_shipping_class-dostava-paketa-do-2kg","9":"first","10":"instock","11":"taxable","12":"shipping-taxable","13":"purchasable","14":"product-type-simple"},"acf":[],"_links":{"self":[{"href":"https:\/\/kralj-km.hr\/Webshop\/wp-json\/wp\/v2\/product\/11439","targetHints":{"allow":["GET"]}}],"collection":[{"href":"https:\/\/kralj-km.hr\/Webshop\/wp-json\/wp\/v2\/product"}],"about":[{"href":"https:\/\/kralj-km.hr\/Webshop\/wp-json\/wp\/v2\/types\/product"}],"replies":[{"embeddable":true,"href":"https:\/\/kralj-km.hr\/Webshop\/wp-json\/wp\/v2\/comments?post=11439"}],"wp:featuredmedia":[{"embeddable":true,"href":"https:\/\/kralj-km.hr\/Webshop\/wp-json\/wp\/v2\/media\/11440"}],"wp:attachment":[{"href":"https:\/\/kralj-km.hr\/Webshop\/wp-json\/wp\/v2\/media?parent=11439"}],"wp:term":[{"taxonomy":"product_brand","embeddable":true,"href":"https:\/\/kralj-km.hr\/Webshop\/wp-json\/wp\/v2\/product_brand?post=11439"},{"taxonomy":"product_cat","embeddable":true,"href":"https:\/\/kralj-km.hr\/Webshop\/wp-json\/wp\/v2\/product_cat?post=11439"},{"taxonomy":"product_tag","embeddable":true,"href":"https:\/\/kralj-km.hr\/Webshop\/wp-json\/wp\/v2\/product_tag?post=11439"}],"curies":[{"name":"wp","href":"https:\/\/api.w.org\/{rel}","templated":true}]}}