{"id":11425,"date":"2025-04-11T12:36:38","date_gmt":"2025-04-11T12:36:38","guid":{"rendered":"https:\/\/kralj-km.hr\/Webshop\/?post_type=product&#038;p=11425"},"modified":"2025-04-11T12:36:38","modified_gmt":"2025-04-11T12:36:38","slug":"ulje-sdf-utto-sar-10w-30-20-1-sdf10w30-20","status":"publish","type":"product","link":"https:\/\/kralj-km.hr\/Webshop\/product\/ulje-sdf-utto-sar-10w-30-20-1-sdf10w30-20\/","title":{"rendered":"Ulje SDF UTTO SAR 10W-30, 20\/1 &#8211; SDF10W30\/20"},"content":{"rendered":"<p>Cijena bez PDV-a!<\/p>\n<p>Kvalitetno\u00a0<b>SDF UTTO\u00a0<\/b>transmisijsko ulje, namijenjeno za podmazivanje traktora novih generacija kod kojih je povezana hidraulika, transmisija te mokre ko\u010dnice. Mo\u017ee se koristiti gra\u0111evinske mehanizacije<\/p>\n","protected":false},"excerpt":{"rendered":"<p>Cijena bez PDV-a! Kvalitetno\u00a0SDF UTTO\u00a0transmisijsko ulje, namijenjeno za podmazivanje traktora novih generacija kod kojih je povezana hidraulika, transmisija te mokre ko\u010dnice. Mo\u017ee se koristiti gra\u0111evinske mehanizacije<\/p>\n","protected":false},"featured_media":11426,"comment_status":"open","ping_status":"closed","template":"","meta":{"_acf_changed":false},"product_brand":[],"product_cat":[33],"product_tag":[],"class_list":{"0":"post-11425","1":"product","2":"type-product","3":"status-publish","4":"has-post-thumbnail","6":"product_cat-ulja","7":"product_shipping_class-dostava-paketa-20-25kg","9":"first","10":"instock","11":"taxable","12":"shipping-taxable","13":"purchasable","14":"product-type-simple"},"acf":[],"_links":{"self":[{"href":"https:\/\/kralj-km.hr\/Webshop\/wp-json\/wp\/v2\/product\/11425","targetHints":{"allow":["GET"]}}],"collection":[{"href":"https:\/\/kralj-km.hr\/Webshop\/wp-json\/wp\/v2\/product"}],"about":[{"href":"https:\/\/kralj-km.hr\/Webshop\/wp-json\/wp\/v2\/types\/product"}],"replies":[{"embeddable":true,"href":"https:\/\/kralj-km.hr\/Webshop\/wp-json\/wp\/v2\/comments?post=11425"}],"wp:featuredmedia":[{"embeddable":true,"href":"https:\/\/kralj-km.hr\/Webshop\/wp-json\/wp\/v2\/media\/11426"}],"wp:attachment":[{"href":"https:\/\/kralj-km.hr\/Webshop\/wp-json\/wp\/v2\/media?parent=11425"}],"wp:term":[{"taxonomy":"product_brand","embeddable":true,"href":"https:\/\/kralj-km.hr\/Webshop\/wp-json\/wp\/v2\/product_brand?post=11425"},{"taxonomy":"product_cat","embeddable":true,"href":"https:\/\/kralj-km.hr\/Webshop\/wp-json\/wp\/v2\/product_cat?post=11425"},{"taxonomy":"product_tag","embeddable":true,"href":"https:\/\/kralj-km.hr\/Webshop\/wp-json\/wp\/v2\/product_tag?post=11425"}],"curies":[{"name":"wp","href":"https:\/\/api.w.org\/{rel}","templated":true}]}}