{"id":11410,"date":"2025-04-08T08:59:24","date_gmt":"2025-04-08T08:59:24","guid":{"rendered":"https:\/\/kralj-km.hr\/Webshop\/?post_type=product&#038;p=11410"},"modified":"2025-04-08T08:59:24","modified_gmt":"2025-04-08T08:59:24","slug":"drzac-lanca-78-mm-32270926","status":"publish","type":"product","link":"https:\/\/kralj-km.hr\/Webshop\/product\/drzac-lanca-78-mm-32270926\/","title":{"rendered":"Dr\u017ea\u010d lanca 7+8 mm &#8211; 32270926"},"content":{"rendered":"<p>Cijena bez PDV-a!<\/p>\n<p><strong data-start=\"42\" data-end=\"53\">Oprema:<\/strong> S karikom za skra\u0107ivanje, kovano, ravno<br data-start=\"93\" data-end=\"96\" \/><strong data-start=\"96\" data-end=\"114\">Za lanac (mm):<\/strong> 7 + 8<br data-start=\"120\" data-end=\"123\" \/><strong data-start=\"123\" data-end=\"152\" data-is-only-node=\"\">Maks. promjer u\u017eeta (mm):<\/strong> 10<br data-start=\"155\" data-end=\"158\" \/><strong data-start=\"158\" data-end=\"182\">Promjer valjka (mm):<\/strong> 49<br data-start=\"185\" data-end=\"188\" \/><strong data-start=\"188\" data-end=\"205\">Nosivost (t):<\/strong> 6,0<br data-start=\"209\" data-end=\"212\" \/><strong data-start=\"212\" data-end=\"224\">Izvedba:<\/strong> Ravna<br data-start=\"230\" data-end=\"233\" \/><strong data-start=\"233\" data-end=\"244\">Te\u017eina:<\/strong> 1,20 kg<\/p>\n","protected":false},"excerpt":{"rendered":"<p>Cijena bez PDV-a! Oprema: S karikom za skra\u0107ivanje, kovano, ravnoZa lanac (mm): 7 + 8Maks. promjer u\u017eeta (mm): 10Promjer valjka (mm): 49Nosivost (t): 6,0Izvedba: RavnaTe\u017eina: 1,20 kg<\/p>\n","protected":false},"featured_media":11411,"comment_status":"open","ping_status":"closed","template":"","meta":{"_acf_changed":false},"product_brand":[],"product_cat":[38],"product_tag":[],"class_list":{"0":"post-11410","1":"product","2":"type-product","3":"status-publish","4":"has-post-thumbnail","6":"product_cat-sumarska-oprema","7":"product_shipping_class-dostava-paketa-do-2kg","9":"first","10":"instock","11":"taxable","12":"shipping-taxable","13":"purchasable","14":"product-type-simple"},"acf":[],"_links":{"self":[{"href":"https:\/\/kralj-km.hr\/Webshop\/wp-json\/wp\/v2\/product\/11410","targetHints":{"allow":["GET"]}}],"collection":[{"href":"https:\/\/kralj-km.hr\/Webshop\/wp-json\/wp\/v2\/product"}],"about":[{"href":"https:\/\/kralj-km.hr\/Webshop\/wp-json\/wp\/v2\/types\/product"}],"replies":[{"embeddable":true,"href":"https:\/\/kralj-km.hr\/Webshop\/wp-json\/wp\/v2\/comments?post=11410"}],"wp:featuredmedia":[{"embeddable":true,"href":"https:\/\/kralj-km.hr\/Webshop\/wp-json\/wp\/v2\/media\/11411"}],"wp:attachment":[{"href":"https:\/\/kralj-km.hr\/Webshop\/wp-json\/wp\/v2\/media?parent=11410"}],"wp:term":[{"taxonomy":"product_brand","embeddable":true,"href":"https:\/\/kralj-km.hr\/Webshop\/wp-json\/wp\/v2\/product_brand?post=11410"},{"taxonomy":"product_cat","embeddable":true,"href":"https:\/\/kralj-km.hr\/Webshop\/wp-json\/wp\/v2\/product_cat?post=11410"},{"taxonomy":"product_tag","embeddable":true,"href":"https:\/\/kralj-km.hr\/Webshop\/wp-json\/wp\/v2\/product_tag?post=11410"}],"curies":[{"name":"wp","href":"https:\/\/api.w.org\/{rel}","templated":true}]}}