{"id":11398,"date":"2025-04-08T08:37:13","date_gmt":"2025-04-08T08:37:13","guid":{"rendered":"https:\/\/kralj-km.hr\/Webshop\/?post_type=product&#038;p=11398"},"modified":"2025-04-08T08:37:13","modified_gmt":"2025-04-08T08:37:13","slug":"baterijske-skare-m32c-made-for-pellenc","status":"publish","type":"product","link":"https:\/\/kralj-km.hr\/Webshop\/product\/baterijske-skare-m32c-made-for-pellenc\/","title":{"rendered":"BATERIJSKE \u0160KARE M32C &#8211; MADE FOR PELLENC"},"content":{"rendered":"<p>CIJENA BEZ PDV-a!<\/p>\n<p>BATERIJSKE \u0160KARE M32C<\/p>\n<p>Baterijske \u0161kare M32C su idealne za sve operacije obrezivanja u vinogradu, vo\u0107njaku i odr\u017eavanju zelenih povr\u0161ina<\/p>\n<p>Odjel za istra\u017eivanje i razvoj PELLENC radio je na optimizaciji dizajna, glave za<br \/>\nrezanje i rada okida\u010da, kako bi ovaj model bio ergonomi\u010dniji<br \/>\nUgra\u0111ene baterije osiguravaju dugotrajan rad i potpunu slobodu u radu<\/p>\n<p>TEHNI\u010cKE SPECIFIKACIJE<\/p>\n<p>TE\u017dINA \u0160KARA: 955 g s baterijom<br \/>\nPROMIJER REZANJA: 32 mm<br \/>\nINTEGRIRANA BATERIJA: litij-ionska baterija od 37,4 Wh (14,4 V) za produljenu autonomiju.<br \/>\nLCD ZASLON: prikazuje korisne informacije poput razine baterije i ukupni broj rezova<br \/>\nINTEGRIRANI SUSTAV PODMAZIVANJA: olak\u0161ava odr\u017eavanje i produ\u017euje vijek trajanja alata.<br \/>\nAUTONOMIJA BATERIJE: Od 2 do 4 sata<\/p>\n<p>SADR\u017dAJ PAKIRANJA:<br \/>\n\u2022 1 x M32C \u0161kara<br \/>\n\u2022 2 x baterije<br \/>\n\u2022 1 x standardni punja\u010d<br \/>\n\u2022 1 x ru\u010dni podmaziva\u010d<br \/>\n\u2022 1 x set alata za rastavljanje o\u0161trice<br \/>\n\u2022 1 x kamen za o\u0161trenje<\/p>\n","protected":false},"excerpt":{"rendered":"<p>CIJENA BEZ PDV-a! BATERIJSKE \u0160KARE M32C Baterijske \u0161kare M32C su idealne za sve operacije obrezivanja u vinogradu, vo\u0107njaku i odr\u017eavanju zelenih povr\u0161ina Odjel za istra\u017eivanje i razvoj PELLENC radio je na optimizaciji dizajna, glave za rezanje i rada okida\u010da, kako bi ovaj model bio ergonomi\u010dniji Ugra\u0111ene baterije osiguravaju dugotrajan rad i potpunu slobodu u radu [&hellip;]<\/p>\n","protected":false},"featured_media":11399,"comment_status":"open","ping_status":"closed","template":"","meta":{"_acf_changed":false},"product_brand":[],"product_cat":[42],"product_tag":[],"class_list":{"0":"post-11398","1":"product","2":"type-product","3":"status-publish","4":"has-post-thumbnail","6":"product_cat-skare","7":"product_shipping_class-dostava-paketa-do-2kg","9":"first","10":"instock","11":"taxable","12":"shipping-taxable","13":"purchasable","14":"product-type-simple"},"acf":[],"_links":{"self":[{"href":"https:\/\/kralj-km.hr\/Webshop\/wp-json\/wp\/v2\/product\/11398","targetHints":{"allow":["GET"]}}],"collection":[{"href":"https:\/\/kralj-km.hr\/Webshop\/wp-json\/wp\/v2\/product"}],"about":[{"href":"https:\/\/kralj-km.hr\/Webshop\/wp-json\/wp\/v2\/types\/product"}],"replies":[{"embeddable":true,"href":"https:\/\/kralj-km.hr\/Webshop\/wp-json\/wp\/v2\/comments?post=11398"}],"wp:featuredmedia":[{"embeddable":true,"href":"https:\/\/kralj-km.hr\/Webshop\/wp-json\/wp\/v2\/media\/11399"}],"wp:attachment":[{"href":"https:\/\/kralj-km.hr\/Webshop\/wp-json\/wp\/v2\/media?parent=11398"}],"wp:term":[{"taxonomy":"product_brand","embeddable":true,"href":"https:\/\/kralj-km.hr\/Webshop\/wp-json\/wp\/v2\/product_brand?post=11398"},{"taxonomy":"product_cat","embeddable":true,"href":"https:\/\/kralj-km.hr\/Webshop\/wp-json\/wp\/v2\/product_cat?post=11398"},{"taxonomy":"product_tag","embeddable":true,"href":"https:\/\/kralj-km.hr\/Webshop\/wp-json\/wp\/v2\/product_tag?post=11398"}],"curies":[{"name":"wp","href":"https:\/\/api.w.org\/{rel}","templated":true}]}}