{"id":11339,"date":"2025-03-18T13:32:02","date_gmt":"2025-03-18T13:32:02","guid":{"rendered":"https:\/\/kralj-km.hr\/Webshop\/?post_type=product&#038;p=11339"},"modified":"2025-03-18T13:32:02","modified_gmt":"2025-03-18T13:32:02","slug":"filter-goriva-donaldson-p550904","status":"publish","type":"product","link":"https:\/\/kralj-km.hr\/Webshop\/product\/filter-goriva-donaldson-p550904\/","title":{"rendered":"Filter goriva Donaldson &#8211; P550904"},"content":{"rendered":"<p>Cijena bez PDV-a!<\/p>\n<table class=\"kh-1xzm1su\" data-intent=\"lists-product-attributes\" data-testid=\"attributes-list\">\n<tbody class=\"kh-1ago99h\">\n<tr id=\"taMedium_3\" class=\"kh-11fkfcg\" data-testid=\"attribute-row\">\n<th class=\"kh-8yt023\">Gorivo<\/th>\n<td class=\"kh-1yk0fx9\">\n<div class=\"kh-kvuntj\" data-testid=\"clamped-content-container\">Gorivo<\/div>\n<\/td>\n<td class=\"kh-g31lgn\"><\/td>\n<\/tr>\n<tr id=\"taMountingThreadDiameterMm_\" class=\"kh-11fkfcg\" data-testid=\"attribute-row\">\n<th class=\"kh-8yt023\">Promjer navoja za monta\u017eu<\/th>\n<td class=\"kh-1yk0fx9\">\n<div class=\"kh-kvuntj\" data-testid=\"clamped-content-container\">M16<\/div>\n<\/td>\n<td class=\"kh-g31lgn\"><\/td>\n<\/tr>\n<tr id=\"taMountingPitchOfThread\" class=\"kh-11fkfcg\" data-testid=\"attribute-row\">\n<th class=\"kh-8yt023\">Korak navoja<\/th>\n<td class=\"kh-1yk0fx9\">\n<div class=\"kh-kvuntj\" data-testid=\"clamped-content-container\">1.50\u00a0mm<\/div>\n<\/td>\n<td class=\"kh-g31lgn\"><\/td>\n<\/tr>\n<tr id=\"taMountingThreadType\" class=\"kh-11fkfcg\" data-testid=\"attribute-row\">\n<th class=\"kh-8yt023\">Vrsta navoja za monta\u017eu<\/th>\n<td class=\"kh-1yk0fx9\">\n<div class=\"kh-kvuntj\" data-testid=\"clamped-content-container\">Metri\u010dki<\/div>\n<\/td>\n<td class=\"kh-g31lgn\"><\/td>\n<\/tr>\n<tr id=\"taFiltrationLevelStandarized\" class=\"kh-11fkfcg\" data-testid=\"attribute-row\">\n<th class=\"kh-8yt023\">Razina filtracije<\/th>\n<td class=\"kh-1yk0fx9\">\n<div class=\"kh-kvuntj\" data-testid=\"clamped-content-container\">Apsolutna<\/div>\n<\/td>\n<td class=\"kh-g31lgn\"><\/td>\n<\/tr>\n<tr id=\"taFilterFinessUm\" class=\"kh-11fkfcg\" data-testid=\"attribute-row\">\n<th class=\"kh-8yt023\">Fino\u0107a filtra<\/th>\n<td class=\"kh-1yk0fx9\">\n<div class=\"kh-kvuntj\" data-testid=\"clamped-content-container\">30\u00a0\u00b5m<\/div>\n<\/td>\n<td class=\"kh-g31lgn\"><\/td>\n<\/tr>\n<tr id=\"taLengthMm_41\" class=\"kh-11fkfcg\" data-testid=\"attribute-row\">\n<th class=\"kh-8yt023\">Du\u017eina<\/th>\n<td class=\"kh-1yk0fx9\">\n<div class=\"kh-kvuntj\" data-testid=\"clamped-content-container\">195,5\u00a0mm<\/div>\n<\/td>\n<td class=\"kh-g31lgn\"><\/td>\n<\/tr>\n<tr id=\"taOutsideDiameterMm_32\" class=\"kh-11fkfcg\" data-testid=\"attribute-row\">\n<th class=\"kh-8yt023\">Vanjski promjer<\/th>\n<td class=\"kh-1yk0fx9\">\n<div class=\"kh-kvuntj\" data-testid=\"clamped-content-container\">98\u00a0mm<\/div>\n<\/td>\n<td class=\"kh-g31lgn\"><\/td>\n<\/tr>\n<tr id=\"taSealingOutsideDiameterMm\" class=\"kh-11fkfcg\" data-testid=\"attribute-row\">\n<th class=\"kh-8yt023\">Vanjski promjer brtve<\/th>\n<td class=\"kh-1yk0fx9\">\n<div class=\"kh-kvuntj\" data-testid=\"clamped-content-container\">72\u00a0mm<\/div>\n<\/td>\n<td class=\"kh-g31lgn\"><\/td>\n<\/tr>\n<tr id=\"taSealingInsideDiameterMm\" class=\"kh-11fkfcg\" data-testid=\"attribute-row\">\n<th class=\"kh-8yt023\">Unutarnji promjer brtve<\/th>\n<td class=\"kh-1yk0fx9\">\n<div class=\"kh-kvuntj\" data-testid=\"clamped-content-container\">62\u00a0mm<\/div>\n<\/td>\n<td class=\"kh-g31lgn\"><\/td>\n<\/tr>\n<tr id=\"taSuitableForMachineBrand\" class=\"kh-11fkfcg\" data-testid=\"attribute-row\">\n<th class=\"kh-8yt023\">Pogodno za marku stroja\/vozila<\/th>\n<td class=\"kh-1yk0fx9\">\n<ul>\n<li class=\"kh-16zd49f\">Iveco<\/li>\n<li class=\"kh-16zd49f\">New Holland<\/li>\n<\/ul>\n<\/td>\n<td class=\"kh-g31lgn\"><\/td>\n<\/tr>\n<tr id=\"taWaterSeparator\" class=\"kh-11fkfcg\" data-testid=\"attribute-row\">\n<th class=\"kh-8yt023\">Odjeljiva\u010d vode<\/th>\n<td class=\"kh-1yk0fx9\">\n<div class=\"kh-kvuntj\" data-testid=\"clamped-content-container\">Da<\/div>\n<\/td>\n<\/tr>\n<\/tbody>\n<\/table>\n","protected":false},"excerpt":{"rendered":"<p>Cijena bez PDV-a! Gorivo Gorivo Promjer navoja za monta\u017eu M16 Korak navoja 1.50\u00a0mm Vrsta navoja za monta\u017eu Metri\u010dki Razina filtracije Apsolutna Fino\u0107a filtra 30\u00a0\u00b5m Du\u017eina 195,5\u00a0mm Vanjski promjer 98\u00a0mm Vanjski promjer brtve 72\u00a0mm Unutarnji promjer brtve 62\u00a0mm Pogodno za marku stroja\/vozila Iveco New Holland Odjeljiva\u010d vode Da<\/p>\n","protected":false},"featured_media":11340,"comment_status":"open","ping_status":"closed","template":"","meta":{"_acf_changed":false},"product_brand":[],"product_cat":[118,90],"product_tag":[],"class_list":{"0":"post-11339","1":"product","2":"type-product","3":"status-publish","4":"has-post-thumbnail","6":"product_cat-filteri","7":"product_cat-traktorski-dijelovi","8":"product_shipping_class-dostava-paketa-do-2kg","10":"first","11":"instock","12":"taxable","13":"shipping-taxable","14":"purchasable","15":"product-type-simple"},"acf":[],"_links":{"self":[{"href":"https:\/\/kralj-km.hr\/Webshop\/wp-json\/wp\/v2\/product\/11339","targetHints":{"allow":["GET"]}}],"collection":[{"href":"https:\/\/kralj-km.hr\/Webshop\/wp-json\/wp\/v2\/product"}],"about":[{"href":"https:\/\/kralj-km.hr\/Webshop\/wp-json\/wp\/v2\/types\/product"}],"replies":[{"embeddable":true,"href":"https:\/\/kralj-km.hr\/Webshop\/wp-json\/wp\/v2\/comments?post=11339"}],"wp:featuredmedia":[{"embeddable":true,"href":"https:\/\/kralj-km.hr\/Webshop\/wp-json\/wp\/v2\/media\/11340"}],"wp:attachment":[{"href":"https:\/\/kralj-km.hr\/Webshop\/wp-json\/wp\/v2\/media?parent=11339"}],"wp:term":[{"taxonomy":"product_brand","embeddable":true,"href":"https:\/\/kralj-km.hr\/Webshop\/wp-json\/wp\/v2\/product_brand?post=11339"},{"taxonomy":"product_cat","embeddable":true,"href":"https:\/\/kralj-km.hr\/Webshop\/wp-json\/wp\/v2\/product_cat?post=11339"},{"taxonomy":"product_tag","embeddable":true,"href":"https:\/\/kralj-km.hr\/Webshop\/wp-json\/wp\/v2\/product_tag?post=11339"}],"curies":[{"name":"wp","href":"https:\/\/api.w.org\/{rel}","templated":true}]}}