{"id":11160,"date":"2025-02-06T09:34:49","date_gmt":"2025-02-06T09:34:49","guid":{"rendered":"https:\/\/kralj-km.hr\/Webshop\/?post_type=product&#038;p=11160"},"modified":"2026-01-21T09:38:16","modified_gmt":"2026-01-21T09:38:16","slug":"sjedalo-grammer-msg95g-721","status":"publish","type":"product","link":"https:\/\/kralj-km.hr\/Webshop\/product\/sjedalo-grammer-msg95g-721\/","title":{"rendered":"Sjedalo Grammer MSG95G\/721"},"content":{"rendered":"<p>Cijena bez PDV-a!<\/p>\n<p>Sjedalo Grammer MSG95G\/721<\/p>\n<p>Vrsta ovjesa: Pneumatske<br \/>\nMaterijal presvlake: Tkanina<br \/>\nBoja presvlake: Crna<br \/>\nUkupna \u0161irina: 480 mm<br \/>\nNasloni za ruke uklju\u010deni: Da<br \/>\nProdu\u017eenje naslona uklju\u010deno: Ne<br \/>\nSigurnosni pojas uklju\u010den: Ne<br \/>\nKontaktni prekida\u010d uklju\u010den: Ne<br \/>\nAutomatsko pode\u0161avanje te\u017eine korisnika: Ne<br \/>\nModel: MSG95G\/721<br \/>\nPode\u0161avanje visine: 6 cm<br \/>\nDubina: 580 mm<br \/>\nMin. radno optere\u0107enje: 50 kg<br \/>\nHod ovjesa: 10 cm<br \/>\nMaks. radno optere\u0107enje: 130 kg<br \/>\nPogodno za model stroja\/vozila: MSG95G\/721<br \/>\nUkupna visina: 727 mm<br \/>\nSet za grijanje uklju\u010den: Ne<br \/>\nUkupna du\u017eina: 580 mm<br \/>\nNapon napajanja: 12 V<\/p>\n","protected":false},"excerpt":{"rendered":"<p>Cijena bez PDV-a! Sjedalo Grammer MSG95G\/721 Vrsta ovjesa: Pneumatske Materijal presvlake: Tkanina Boja presvlake: Crna Ukupna \u0161irina: 480 mm Nasloni za ruke uklju\u010deni: Da Produ\u017eenje naslona uklju\u010deno: Ne Sigurnosni pojas uklju\u010den: Ne Kontaktni prekida\u010d uklju\u010den: Ne Automatsko pode\u0161avanje te\u017eine korisnika: Ne Model: MSG95G\/721 Pode\u0161avanje visine: 6 cm Dubina: 580 mm Min. radno optere\u0107enje: 50 kg [&hellip;]<\/p>\n","protected":false},"featured_media":11161,"comment_status":"open","ping_status":"closed","template":"","meta":{"_acf_changed":false},"product_brand":[],"product_cat":[121,90],"product_tag":[],"class_list":{"0":"post-11160","1":"product","2":"type-product","3":"status-publish","4":"has-post-thumbnail","6":"product_cat-kabina","7":"product_cat-traktorski-dijelovi","8":"product_shipping_class-dostava-paketa-30-40kg","10":"first","11":"instock","12":"sale","13":"taxable","14":"shipping-taxable","15":"purchasable","16":"product-type-simple"},"acf":[],"_links":{"self":[{"href":"https:\/\/kralj-km.hr\/Webshop\/wp-json\/wp\/v2\/product\/11160","targetHints":{"allow":["GET"]}}],"collection":[{"href":"https:\/\/kralj-km.hr\/Webshop\/wp-json\/wp\/v2\/product"}],"about":[{"href":"https:\/\/kralj-km.hr\/Webshop\/wp-json\/wp\/v2\/types\/product"}],"replies":[{"embeddable":true,"href":"https:\/\/kralj-km.hr\/Webshop\/wp-json\/wp\/v2\/comments?post=11160"}],"wp:featuredmedia":[{"embeddable":true,"href":"https:\/\/kralj-km.hr\/Webshop\/wp-json\/wp\/v2\/media\/11161"}],"wp:attachment":[{"href":"https:\/\/kralj-km.hr\/Webshop\/wp-json\/wp\/v2\/media?parent=11160"}],"wp:term":[{"taxonomy":"product_brand","embeddable":true,"href":"https:\/\/kralj-km.hr\/Webshop\/wp-json\/wp\/v2\/product_brand?post=11160"},{"taxonomy":"product_cat","embeddable":true,"href":"https:\/\/kralj-km.hr\/Webshop\/wp-json\/wp\/v2\/product_cat?post=11160"},{"taxonomy":"product_tag","embeddable":true,"href":"https:\/\/kralj-km.hr\/Webshop\/wp-json\/wp\/v2\/product_tag?post=11160"}],"curies":[{"name":"wp","href":"https:\/\/api.w.org\/{rel}","templated":true}]}}