{"id":11096,"date":"2025-02-05T09:25:12","date_gmt":"2025-02-05T09:25:12","guid":{"rendered":"https:\/\/kralj-km.hr\/Webshop\/?post_type=product&#038;p=11096"},"modified":"2025-02-05T09:25:13","modified_gmt":"2025-02-05T09:25:13","slug":"kuglicni-lezaj-45x100x25-mm-63092rsgp","status":"publish","type":"product","link":"https:\/\/kralj-km.hr\/Webshop\/product\/kuglicni-lezaj-45x100x25-mm-63092rsgp\/","title":{"rendered":"Kugli\u010dni le\u017eaj 45x100x25 mm &#8211; 63092RSGP"},"content":{"rendered":"<p>Cijena bez PDV-a!<\/p>\n<table class=\"kh-1xzm1su\" data-intent=\"lists-product-attributes\" data-test-id=\"attributes-list\">\n<tbody class=\"kh-1ago99h\">\n<tr id=\"taInsideDiameterMm_2\" class=\"kh-bwvum6\" data-test-id=\"attribute-row\">\n<th class=\"kh-8yt023\"><span class=\"kh-rp0pq4\">d<\/span>Unutarnji promjer<\/th>\n<td class=\"kh-1yk0fx9\">\n<div class=\"kh-pkx4zo\">45\u00a0mm<\/div>\n<\/td>\n<td class=\"kh-g31lgn\"><\/td>\n<\/tr>\n<tr id=\"taOutsideDiameterMm_2\" class=\"kh-bwvum6\" data-test-id=\"attribute-row\">\n<th class=\"kh-8yt023\"><span class=\"kh-rp0pq4\">D<\/span>Vanjski promjer<\/th>\n<td class=\"kh-1yk0fx9\">\n<div class=\"kh-pkx4zo\">100\u00a0mm<\/div>\n<\/td>\n<td class=\"kh-g31lgn\"><\/td>\n<\/tr>\n<tr id=\"taWidthMm_2\" class=\"kh-bwvum6\" data-test-id=\"attribute-row\">\n<th class=\"kh-8yt023\"><span class=\"kh-rp0pq4\">B<\/span>\u0160irina<\/th>\n<td class=\"kh-1yk0fx9\">\n<div class=\"kh-pkx4zo\">25\u00a0mm<\/div>\n<\/td>\n<td class=\"kh-g31lgn\"><\/td>\n<\/tr>\n<tr id=\"taRowsNumber\" class=\"kh-bwvum6\" data-test-id=\"attribute-row\">\n<th class=\"kh-8yt023\">Broj redaka<\/th>\n<td class=\"kh-1yk0fx9\">\n<div class=\"kh-pkx4zo\">1<\/div>\n<\/td>\n<td class=\"kh-g31lgn\"><\/td>\n<\/tr>\n<tr id=\"taSealingType\" class=\"kh-bwvum6\" data-test-id=\"attribute-row\">\n<th class=\"kh-8yt023\">Brtvljenje<\/th>\n<td class=\"kh-1yk0fx9\">\n<div class=\"kh-pkx4zo\">2RS<\/div>\n<\/td>\n<td class=\"kh-g31lgn\"><\/td>\n<\/tr>\n<tr id=\"taInnerRingShape\" class=\"kh-bwvum6\" data-test-id=\"attribute-row\">\n<th class=\"kh-8yt023\">Oblik unutarnjeg prstena<\/th>\n<td class=\"kh-1yk0fx9\">\n<div class=\"kh-pkx4zo\">Cilindri\u010dno<\/div>\n<\/td>\n<td class=\"kh-g31lgn\"><\/td>\n<\/tr>\n<tr id=\"taBearingModelType_\" class=\"kh-bwvum6\" data-test-id=\"attribute-row\">\n<th class=\"kh-8yt023\">Vrsta modela le\u017eaja<\/th>\n<td class=\"kh-1yk0fx9\">\n<div class=\"kh-pkx4zo\">Kugli\u010dni le\u017eajevi s dubokim \u017elijebom<\/div>\n<\/td>\n<td class=\"kh-g31lgn\"><\/td>\n<\/tr>\n<tr id=\"taLoadStaticRadialBasicN\" class=\"kh-bwvum6\" data-test-id=\"attribute-row\">\n<th class=\"kh-8yt023\">Osnovno stati\u010dko radijalno optere\u0107enje<\/th>\n<td class=\"kh-1yk0fx9\">\n<div class=\"kh-pkx4zo\">31710\u00a0N<\/div>\n<\/td>\n<td class=\"kh-g31lgn\"><\/td>\n<\/tr>\n<tr id=\"taLoadDynamicRadialBasicN\" class=\"kh-bwvum6\" data-test-id=\"attribute-row\">\n<th class=\"kh-8yt023\">Osnovno dinami\u010dko radijalno optere\u0107enje<\/th>\n<td class=\"kh-1yk0fx9\">\n<div class=\"kh-pkx4zo\">52790\u00a0N<\/div>\n<\/td>\n<td class=\"kh-g31lgn\"><\/td>\n<\/tr>\n<tr id=\"taMaxRotationSpeedRpm\" class=\"kh-bwvum6\" data-test-id=\"attribute-row\">\n<th class=\"kh-8yt023\">Maksimalna brzina rotacije<\/th>\n<td class=\"kh-1yk0fx9\">\n<div class=\"kh-pkx4zo\">8000\u00a0r\/min<\/div>\n<\/td>\n<td class=\"kh-g31lgn\"><\/td>\n<\/tr>\n<tr id=\"taBearingReferenceRotationSpeedRpm\" class=\"kh-bwvum6\" data-test-id=\"attribute-row\">\n<th class=\"kh-8yt023\">Referentna brzina rotacije<\/th>\n<td class=\"kh-1yk0fx9\">\n<div class=\"kh-pkx4zo\">6300\u00a0r\/min<\/div>\n<\/td>\n<td class=\"kh-g31lgn\"><\/td>\n<\/tr>\n<tr id=\"taRadialInternalClearanceCode\" class=\"kh-bwvum6\" data-test-id=\"attribute-row\">\n<th class=\"kh-8yt023\">Unutarnja zra\u010dnost le\u017eaja<\/th>\n<td class=\"kh-1yk0fx9\">\n<div class=\"kh-pkx4zo\">CN<\/div>\n<\/td>\n<td class=\"kh-g31lgn\"><\/td>\n<\/tr>\n<tr id=\"taMaterial_35\" class=\"kh-bwvum6\" data-test-id=\"attribute-row\">\n<th class=\"kh-8yt023\">Material<\/th>\n<td class=\"kh-1yk0fx9\">\n<div class=\"kh-pkx4zo\">\u010celik<\/div>\n<\/td>\n<\/tr>\n<\/tbody>\n<\/table>\n","protected":false},"excerpt":{"rendered":"<p>Cijena bez PDV-a! dUnutarnji promjer 45\u00a0mm DVanjski promjer 100\u00a0mm B\u0160irina 25\u00a0mm Broj redaka 1 Brtvljenje 2RS Oblik unutarnjeg prstena Cilindri\u010dno Vrsta modela le\u017eaja Kugli\u010dni le\u017eajevi s dubokim \u017elijebom Osnovno stati\u010dko radijalno optere\u0107enje 31710\u00a0N Osnovno dinami\u010dko radijalno optere\u0107enje 52790\u00a0N Maksimalna brzina rotacije 8000\u00a0r\/min Referentna brzina rotacije 6300\u00a0r\/min Unutarnja zra\u010dnost le\u017eaja CN Material \u010celik<\/p>\n","protected":false},"featured_media":11097,"comment_status":"open","ping_status":"closed","template":"","meta":{"_acf_changed":false},"product_brand":[],"product_cat":[35],"product_tag":[],"class_list":{"0":"post-11096","1":"product","2":"type-product","3":"status-publish","4":"has-post-thumbnail","6":"product_cat-lezajevi","7":"product_shipping_class-dostava-paketa-do-2kg","9":"first","10":"instock","11":"taxable","12":"shipping-taxable","13":"purchasable","14":"product-type-simple"},"acf":[],"_links":{"self":[{"href":"https:\/\/kralj-km.hr\/Webshop\/wp-json\/wp\/v2\/product\/11096","targetHints":{"allow":["GET"]}}],"collection":[{"href":"https:\/\/kralj-km.hr\/Webshop\/wp-json\/wp\/v2\/product"}],"about":[{"href":"https:\/\/kralj-km.hr\/Webshop\/wp-json\/wp\/v2\/types\/product"}],"replies":[{"embeddable":true,"href":"https:\/\/kralj-km.hr\/Webshop\/wp-json\/wp\/v2\/comments?post=11096"}],"wp:featuredmedia":[{"embeddable":true,"href":"https:\/\/kralj-km.hr\/Webshop\/wp-json\/wp\/v2\/media\/11097"}],"wp:attachment":[{"href":"https:\/\/kralj-km.hr\/Webshop\/wp-json\/wp\/v2\/media?parent=11096"}],"wp:term":[{"taxonomy":"product_brand","embeddable":true,"href":"https:\/\/kralj-km.hr\/Webshop\/wp-json\/wp\/v2\/product_brand?post=11096"},{"taxonomy":"product_cat","embeddable":true,"href":"https:\/\/kralj-km.hr\/Webshop\/wp-json\/wp\/v2\/product_cat?post=11096"},{"taxonomy":"product_tag","embeddable":true,"href":"https:\/\/kralj-km.hr\/Webshop\/wp-json\/wp\/v2\/product_tag?post=11096"}],"curies":[{"name":"wp","href":"https:\/\/api.w.org\/{rel}","templated":true}]}}