{"id":11054,"date":"2025-02-03T12:28:51","date_gmt":"2025-02-03T12:28:51","guid":{"rendered":"https:\/\/kralj-km.hr\/Webshop\/?post_type=product&#038;p=11054"},"modified":"2025-02-03T12:28:51","modified_gmt":"2025-02-03T12:28:51","slug":"topling-oko-oko-452-m30-kat-2-2-tl4503022gp","status":"publish","type":"product","link":"https:\/\/kralj-km.hr\/Webshop\/product\/topling-oko-oko-452-m30-kat-2-2-tl4503022gp\/","title":{"rendered":"Topling oko\/oko 452, M30 kat.2\/2 &#8211; TL4503022GP"},"content":{"rendered":"<p>Cijena bez PDV-a!<\/p>\n<table class=\"kh-1xzm1su\" data-intent=\"lists-product-attributes\" data-test-id=\"attributes-list\">\n<tbody class=\"kh-1ago99h\">\n<tr id=\"taConectionsCategory\" class=\"kh-bwvum6\" data-test-id=\"attribute-row\">\n<th class=\"kh-8yt023\">Kategorija priklju\u010daka<\/th>\n<td class=\"kh-1yk0fx9\">\n<div class=\"kh-pkx4zo\">U\u0161ica &#8211; u\u0161ica<\/div>\n<\/td>\n<td class=\"kh-g31lgn\"><\/td>\n<\/tr>\n<tr id=\"taTractorSideConnectCategory\" class=\"kh-bwvum6\" data-test-id=\"attribute-row\">\n<th class=\"kh-8yt023\">Kategorija na strani traktora<\/th>\n<td class=\"kh-1yk0fx9\">\n<div class=\"kh-pkx4zo\">2<\/div>\n<\/td>\n<td class=\"kh-g31lgn\"><\/td>\n<\/tr>\n<tr id=\"taMacineSideConnectCategory\" class=\"kh-bwvum6\" data-test-id=\"attribute-row\">\n<th class=\"kh-8yt023\">Kategorija na strani stroja<\/th>\n<td class=\"kh-1yk0fx9\">\n<div class=\"kh-pkx4zo\">2<\/div>\n<\/td>\n<td class=\"kh-g31lgn\"><\/td>\n<\/tr>\n<tr id=\"taRodLengthMm_\" class=\"kh-bwvum6\" data-test-id=\"attribute-row\">\n<th class=\"kh-8yt023\"><span class=\"kh-rp0pq4\">B<\/span>Duljina \u0161ipke<\/th>\n<td class=\"kh-1yk0fx9\">\n<div class=\"kh-pkx4zo\">452\u00a0mm<\/div>\n<\/td>\n<td class=\"kh-g31lgn\"><\/td>\n<\/tr>\n<tr id=\"taMinWorkingLengthMm\" class=\"kh-bwvum6\" data-test-id=\"attribute-row\">\n<th class=\"kh-8yt023\">Min. radna duljina<\/th>\n<td class=\"kh-1yk0fx9\">\n<div class=\"kh-pkx4zo\">530\u00a0mm<\/div>\n<\/td>\n<td class=\"kh-g31lgn\"><\/td>\n<\/tr>\n<tr id=\"taMaxWorkingLengthMm\" class=\"kh-bwvum6\" data-test-id=\"attribute-row\">\n<th class=\"kh-8yt023\">Maksimalna radna duljina<\/th>\n<td class=\"kh-1yk0fx9\">\n<div class=\"kh-pkx4zo\">750\u00a0mm<\/div>\n<\/td>\n<td class=\"kh-g31lgn\"><\/td>\n<\/tr>\n<tr id=\"taThreadType_14\" class=\"kh-bwvum6\" data-test-id=\"attribute-row\">\n<th class=\"kh-8yt023\">Vrsta navoja<\/th>\n<td class=\"kh-1yk0fx9\">\n<div class=\"kh-pkx4zo\">Metri\u010dki<\/div>\n<\/td>\n<td class=\"kh-g31lgn\"><\/td>\n<\/tr>\n<tr id=\"taThreadDiameterMm_18\" class=\"kh-bwvum6\" data-test-id=\"attribute-row\">\n<th class=\"kh-8yt023\">Promjer navoja<\/th>\n<td class=\"kh-1yk0fx9\">\n<div class=\"kh-pkx4zo\">M30<\/div>\n<\/td>\n<td class=\"kh-g31lgn\"><\/td>\n<\/tr>\n<tr id=\"taPitchOfThreadMm_10\" class=\"kh-bwvum6\" data-test-id=\"attribute-row\">\n<th class=\"kh-8yt023\">Korak navoja<\/th>\n<td class=\"kh-1yk0fx9\">\n<div class=\"kh-pkx4zo\">3.00\u00a0mm<\/div>\n<\/td>\n<td class=\"kh-g31lgn\"><\/td>\n<\/tr>\n<tr id=\"taTractorSideConnectHoleDiameterMm\" class=\"kh-bwvum6\" data-test-id=\"attribute-row\">\n<th class=\"kh-8yt023\">Promjer rupe na strani traktora<\/th>\n<td class=\"kh-1yk0fx9\">\n<div class=\"kh-pkx4zo\">25,7\u00a0mm<\/div>\n<\/td>\n<td class=\"kh-g31lgn\"><\/td>\n<\/tr>\n<tr id=\"taMacineSideConnectHoleDiameterMm\" class=\"kh-bwvum6\" data-test-id=\"attribute-row\">\n<th class=\"kh-8yt023\">Promjer rupe na strani stroja<\/th>\n<td class=\"kh-1yk0fx9\">\n<div class=\"kh-pkx4zo\">25,7\u00a0mm<\/div>\n<\/td>\n<\/tr>\n<\/tbody>\n<\/table>\n","protected":false},"excerpt":{"rendered":"<p>Cijena bez PDV-a! Kategorija priklju\u010daka U\u0161ica &#8211; u\u0161ica Kategorija na strani traktora 2 Kategorija na strani stroja 2 BDuljina \u0161ipke 452\u00a0mm Min. radna duljina 530\u00a0mm Maksimalna radna duljina 750\u00a0mm Vrsta navoja Metri\u010dki Promjer navoja M30 Korak navoja 3.00\u00a0mm Promjer rupe na strani traktora 25,7\u00a0mm Promjer rupe na strani stroja 25,7\u00a0mm<\/p>\n","protected":false},"featured_media":11055,"comment_status":"open","ping_status":"closed","template":"","meta":{"_acf_changed":false},"product_brand":[],"product_cat":[112],"product_tag":[],"class_list":{"0":"post-11054","1":"product","2":"type-product","3":"status-publish","4":"has-post-thumbnail","6":"product_cat-kugle-i-poteznice","7":"product_shipping_class-dostava-paketa-5-10kg","9":"first","10":"instock","11":"taxable","12":"shipping-taxable","13":"purchasable","14":"product-type-simple"},"acf":[],"_links":{"self":[{"href":"https:\/\/kralj-km.hr\/Webshop\/wp-json\/wp\/v2\/product\/11054","targetHints":{"allow":["GET"]}}],"collection":[{"href":"https:\/\/kralj-km.hr\/Webshop\/wp-json\/wp\/v2\/product"}],"about":[{"href":"https:\/\/kralj-km.hr\/Webshop\/wp-json\/wp\/v2\/types\/product"}],"replies":[{"embeddable":true,"href":"https:\/\/kralj-km.hr\/Webshop\/wp-json\/wp\/v2\/comments?post=11054"}],"wp:featuredmedia":[{"embeddable":true,"href":"https:\/\/kralj-km.hr\/Webshop\/wp-json\/wp\/v2\/media\/11055"}],"wp:attachment":[{"href":"https:\/\/kralj-km.hr\/Webshop\/wp-json\/wp\/v2\/media?parent=11054"}],"wp:term":[{"taxonomy":"product_brand","embeddable":true,"href":"https:\/\/kralj-km.hr\/Webshop\/wp-json\/wp\/v2\/product_brand?post=11054"},{"taxonomy":"product_cat","embeddable":true,"href":"https:\/\/kralj-km.hr\/Webshop\/wp-json\/wp\/v2\/product_cat?post=11054"},{"taxonomy":"product_tag","embeddable":true,"href":"https:\/\/kralj-km.hr\/Webshop\/wp-json\/wp\/v2\/product_tag?post=11054"}],"curies":[{"name":"wp","href":"https:\/\/api.w.org\/{rel}","templated":true}]}}